{"id":12250,"date":"2020-01-09T18:27:55","date_gmt":"2020-01-09T17:27:55","guid":{"rendered":"https:\/\/abd.ong\/our-causes\/dependency-and-elderly\/"},"modified":"2021-04-28T18:01:54","modified_gmt":"2021-04-28T16:01:54","slug":"dependency-and-elderly","status":"publish","type":"page","link":"https:\/\/abd.ong\/en\/our-causes\/dependency-and-elderly\/","title":{"rendered":"Dependency and elderly"},"content":{"rendered":"\t\t<div data-elementor-type=\"wp-page\" data-elementor-id=\"12250\" class=\"elementor elementor-12250 elementor-2982\" data-elementor-post-type=\"page\">\n\t\t\t\t\t\t<section class=\"elementor-section elementor-top-section elementor-element elementor-element-4883c884 elementor-section-content-middle elementor-reverse-mobile elementor-section-height-full elementor-section-boxed elementor-section-height-default elementor-section-items-middle\" data-id=\"4883c884\" data-element_type=\"section\" data-e-type=\"section\" data-settings=\"{&quot;background_background&quot;:&quot;classic&quot;}\">\n\t\t\t\t\t\t<div class=\"elementor-container elementor-column-gap-default\">\n\t\t\t\t\t<div class=\"elementor-column elementor-col-50 elementor-top-column elementor-element elementor-element-7d427365\" data-id=\"7d427365\" data-element_type=\"column\" data-e-type=\"column\">\n\t\t\t<div class=\"elementor-widget-wrap\">\n\t\t\t\t\t\t\t<\/div>\n\t\t<\/div>\n\t\t\t\t<div class=\"elementor-column elementor-col-50 elementor-top-column elementor-element elementor-element-4dff6c0a full-h\" data-id=\"4dff6c0a\" data-element_type=\"column\" data-e-type=\"column\">\n\t\t\t<div class=\"elementor-widget-wrap elementor-element-populated\">\n\t\t\t\t\t\t<div class=\"elementor-element elementor-element-26783ae0 elementor-widget elementor-widget-heading\" data-id=\"26783ae0\" data-element_type=\"widget\" data-e-type=\"widget\" data-widget_type=\"heading.default\">\n\t\t\t\t<div class=\"elementor-widget-container\">\n\t\t\t\t\t<h1 class=\"elementor-heading-title elementor-size-default\">Dependency and elderly<\/h1>\t\t\t\t<\/div>\n\t\t\t\t<\/div>\n\t\t\t\t<div class=\"elementor-element elementor-element-6c8bcebd elementor-widget elementor-widget-text-editor\" data-id=\"6c8bcebd\" data-element_type=\"widget\" data-e-type=\"widget\" data-widget_type=\"text-editor.default\">\n\t\t\t\t<div class=\"elementor-widget-container\">\n\t\t\t\t\t\t\t\t\t<p>We are faced with the unstoppable ageing of the population: in Europe, there are 94 million people over 65. We have the urgent challenge of improving the care system with a new socio-health care model that focuses on the people, based on full respect for dignity and rights. Elderly people and those with some kind of dependency have full right to a dignified and autonomous life.<\/p>\n\t\t\t\t\t\t\t\t<\/div>\n\t\t\t\t<\/div>\n\t\t\t\t<div class=\"elementor-element elementor-element-1681893f elementor-widget elementor-widget-Links Causa\" data-id=\"1681893f\" data-element_type=\"widget\" data-e-type=\"widget\" data-widget_type=\"Links Causa.default\">\n\t\t\t\t<div class=\"elementor-widget-container\">\n\t\t\t\t\t\t\n\t  <nav class=\"ancores-programa\">\n\t    <div class=\"d-flex flex-row\">\n\t\t\t  <a href=\"#programas-propios\" class=\"btn-ancora btn-degradat scroll\">View programs<\/a>\n\t\t\t  <!--a href=\"#servicios-publicos\" class=\"btn-ancora btn-degradat ml-2 scroll\">Public services<\/a-->\n\t\t\t  <a href=\"#blog\" class=\"btn-ancora btn-ancora-negre ml-2 scroll\">View news<\/a>\n\t\t\t<\/div>  \n\t\t<\/nav>\n\n\t\t\t\t\t<\/div>\n\t\t\t\t<\/div>\n\t\t\t\t\t<\/div>\n\t\t<\/div>\n\t\t\t\t\t<\/div>\n\t\t<\/section>\n\t\t\t\t<section class=\"elementor-section elementor-top-section elementor-element elementor-element-205b0ae1 elementor-section-boxed elementor-section-height-default elementor-section-height-default\" data-id=\"205b0ae1\" data-element_type=\"section\" data-e-type=\"section\">\n\t\t\t\t\t\t<div class=\"elementor-container elementor-column-gap-default\">\n\t\t\t\t\t<div class=\"elementor-column elementor-col-16 elementor-top-column elementor-element elementor-element-20c43c53\" data-id=\"20c43c53\" data-element_type=\"column\" data-e-type=\"column\">\n\t\t\t<div class=\"elementor-widget-wrap\">\n\t\t\t\t\t\t\t<\/div>\n\t\t<\/div>\n\t\t\t\t<div class=\"elementor-column elementor-col-66 elementor-top-column elementor-element elementor-element-42a039e4\" data-id=\"42a039e4\" data-element_type=\"column\" data-e-type=\"column\">\n\t\t\t<div class=\"elementor-widget-wrap elementor-element-populated\">\n\t\t\t\t\t\t<div class=\"elementor-element elementor-element-2d6a44a2 elementor-widget elementor-widget-heading\" data-id=\"2d6a44a2\" data-element_type=\"widget\" data-e-type=\"widget\" data-widget_type=\"heading.default\">\n\t\t\t\t<div class=\"elementor-widget-container\">\n\t\t\t\t\t<h2 class=\"elementor-heading-title elementor-size-default\">Our Response<\/h2>\t\t\t\t<\/div>\n\t\t\t\t<\/div>\n\t\t\t\t<div class=\"elementor-element elementor-element-351816a4 elementor-widget elementor-widget-text-editor\" data-id=\"351816a4\" data-element_type=\"widget\" data-e-type=\"widget\" data-widget_type=\"text-editor.default\">\n\t\t\t\t<div class=\"elementor-widget-container\">\n\t\t\t\t\t\t\t\t\t<p><em>We believe in active ageing. We defend the rights of our elderly and dependents from a comprehensive socio-health care approach running from the most intensive care to support in everyday activities. We also encourage their participation in the community, always taking into account their interests and priorities.<\/em><\/p>\n\t\t\t\t\t\t\t\t<\/div>\n\t\t\t\t<\/div>\n\t\t\t\t\t<\/div>\n\t\t<\/div>\n\t\t\t\t<div class=\"elementor-column elementor-col-16 elementor-top-column elementor-element elementor-element-1f3ad8ea\" data-id=\"1f3ad8ea\" data-element_type=\"column\" data-e-type=\"column\">\n\t\t\t<div class=\"elementor-widget-wrap\">\n\t\t\t\t\t\t\t<\/div>\n\t\t<\/div>\n\t\t\t\t\t<\/div>\n\t\t<\/section>\n\t\t\t\t<section class=\"elementor-section elementor-top-section elementor-element elementor-element-6d20f58e elementor-section-boxed elementor-section-height-default elementor-section-height-default\" data-id=\"6d20f58e\" data-element_type=\"section\" data-e-type=\"section\">\n\t\t\t\t\t\t<div class=\"elementor-container elementor-column-gap-default\">\n\t\t\t\t\t<div class=\"elementor-column elementor-col-33 elementor-top-column elementor-element elementor-element-f5fc473\" data-id=\"f5fc473\" data-element_type=\"column\" data-e-type=\"column\">\n\t\t\t<div class=\"elementor-widget-wrap elementor-element-populated\">\n\t\t\t\t\t\t<div class=\"elementor-element elementor-element-71ccda5d elementor-widget elementor-widget-heading\" data-id=\"71ccda5d\" data-element_type=\"widget\" data-e-type=\"widget\" data-widget_type=\"heading.default\">\n\t\t\t\t<div class=\"elementor-widget-container\">\n\t\t\t\t\t<h4 class=\"elementor-heading-title elementor-size-default\">Right to an active aging<\/h4>\t\t\t\t<\/div>\n\t\t\t\t<\/div>\n\t\t\t\t<div class=\"elementor-element elementor-element-495168c1 elementor-widget elementor-widget-text-editor\" data-id=\"495168c1\" data-element_type=\"widget\" data-e-type=\"widget\" data-widget_type=\"text-editor.default\">\n\t\t\t\t<div class=\"elementor-widget-container\">\n\t\t\t\t\t\t\t\t\t<p>We empower the elderly and dependent people and help them achieve autonomy and self-confidence.<\/p>\n\t\t\t\t\t\t\t\t<\/div>\n\t\t\t\t<\/div>\n\t\t\t\t\t<\/div>\n\t\t<\/div>\n\t\t\t\t<div class=\"elementor-column elementor-col-33 elementor-top-column elementor-element elementor-element-2c1acc96\" data-id=\"2c1acc96\" data-element_type=\"column\" data-e-type=\"column\">\n\t\t\t<div class=\"elementor-widget-wrap elementor-element-populated\">\n\t\t\t\t\t\t<div class=\"elementor-element elementor-element-3cc318c6 elementor-widget elementor-widget-heading\" data-id=\"3cc318c6\" data-element_type=\"widget\" data-e-type=\"widget\" data-widget_type=\"heading.default\">\n\t\t\t\t<div class=\"elementor-widget-container\">\n\t\t\t\t\t<h4 class=\"elementor-heading-title elementor-size-default\">Right to a dignified life<\/h4>\t\t\t\t<\/div>\n\t\t\t\t<\/div>\n\t\t\t\t<div class=\"elementor-element elementor-element-4766498f elementor-widget elementor-widget-text-editor\" data-id=\"4766498f\" data-element_type=\"widget\" data-e-type=\"widget\" data-widget_type=\"text-editor.default\">\n\t\t\t\t<div class=\"elementor-widget-container\">\n\t\t\t\t\t\t\t\t\t<p>We acknowledge and mind the singularity of elderly and dependent people. We support and advise their families.<\/p>\n\t\t\t\t\t\t\t\t<\/div>\n\t\t\t\t<\/div>\n\t\t\t\t\t<\/div>\n\t\t<\/div>\n\t\t\t\t<div class=\"elementor-column elementor-col-33 elementor-top-column elementor-element elementor-element-11ed4dd8\" data-id=\"11ed4dd8\" data-element_type=\"column\" data-e-type=\"column\">\n\t\t\t<div class=\"elementor-widget-wrap elementor-element-populated\">\n\t\t\t\t\t\t<div class=\"elementor-element elementor-element-52aece8c elementor-widget elementor-widget-heading\" data-id=\"52aece8c\" data-element_type=\"widget\" data-e-type=\"widget\" data-widget_type=\"heading.default\">\n\t\t\t\t<div class=\"elementor-widget-container\">\n\t\t\t\t\t<h4 class=\"elementor-heading-title elementor-size-default\">Right to an autonomous life<\/h4>\t\t\t\t<\/div>\n\t\t\t\t<\/div>\n\t\t\t\t<div class=\"elementor-element elementor-element-12c631c2 elementor-widget elementor-widget-text-editor\" data-id=\"12c631c2\" data-element_type=\"widget\" data-e-type=\"widget\" data-widget_type=\"text-editor.default\">\n\t\t\t\t<div class=\"elementor-widget-container\">\n\t\t\t\t\t\t\t\t\t<p>We empower the elderly and dependent people and help them achieve autonomy and self-confidence.<\/p>\n\t\t\t\t\t\t\t\t<\/div>\n\t\t\t\t<\/div>\n\t\t\t\t\t<\/div>\n\t\t<\/div>\n\t\t\t\t\t<\/div>\n\t\t<\/section>\n\t\t\t\t<section class=\"elementor-section elementor-top-section elementor-element elementor-element-66d4fee7 elementor-section-boxed elementor-section-height-default elementor-section-height-default\" data-id=\"66d4fee7\" data-element_type=\"section\" data-e-type=\"section\" data-settings=\"{&quot;background_background&quot;:&quot;classic&quot;}\">\n\t\t\t\t\t\t<div class=\"elementor-container elementor-column-gap-default\">\n\t\t\t\t\t<div class=\"elementor-column elementor-col-66 elementor-top-column elementor-element elementor-element-785e7696\" data-id=\"785e7696\" data-element_type=\"column\" data-e-type=\"column\">\n\t\t\t<div class=\"elementor-widget-wrap elementor-element-populated\">\n\t\t\t\t\t\t<div class=\"elementor-element elementor-element-2cf68f83 elementor-widget elementor-widget-text-editor\" data-id=\"2cf68f83\" data-element_type=\"widget\" data-e-type=\"widget\" data-widget_type=\"text-editor.default\">\n\t\t\t\t<div class=\"elementor-widget-container\">\n\t\t\t\t\t\t\t\t\t<p><em>\u201cI recovered my memory and the desire to have fun. Thank you!\u201d<\/em><\/p>\n\t\t\t\t\t\t\t\t<\/div>\n\t\t\t\t<\/div>\n\t\t\t\t<div class=\"elementor-element elementor-element-59a993ad elementor-widget elementor-widget-text-editor\" data-id=\"59a993ad\" data-element_type=\"widget\" data-e-type=\"widget\" data-widget_type=\"text-editor.default\">\n\t\t\t\t<div class=\"elementor-widget-container\">\n\t\t\t\t\t\t\t\t\t<p><strong>Joaqu\u00edn<br \/>\n<\/strong>78 years old<\/p>\n\t\t\t\t\t\t\t\t<\/div>\n\t\t\t\t<\/div>\n\t\t\t\t\t<\/div>\n\t\t<\/div>\n\t\t\t\t<div class=\"elementor-column elementor-col-33 elementor-top-column elementor-element elementor-element-1a929058\" data-id=\"1a929058\" data-element_type=\"column\" data-e-type=\"column\">\n\t\t\t<div class=\"elementor-widget-wrap\">\n\t\t\t\t\t\t\t<\/div>\n\t\t<\/div>\n\t\t\t\t\t<\/div>\n\t\t<\/section>\n\t\t\t\t<section class=\"elementor-section elementor-top-section elementor-element elementor-element-6692057 elementor-section-content-middle elementor-section-boxed elementor-section-height-default elementor-section-height-default\" data-id=\"6692057\" data-element_type=\"section\" data-e-type=\"section\">\n\t\t\t\t\t\t<div class=\"elementor-container elementor-column-gap-default\">\n\t\t\t\t\t<div class=\"elementor-column elementor-col-50 elementor-top-column elementor-element elementor-element-40d439e\" data-id=\"40d439e\" data-element_type=\"column\" data-e-type=\"column\">\n\t\t\t<div class=\"elementor-widget-wrap elementor-element-populated\">\n\t\t\t\t\t\t<div class=\"elementor-element elementor-element-81193e0 elementor-widget elementor-widget-heading\" data-id=\"81193e0\" data-element_type=\"widget\" data-e-type=\"widget\" data-widget_type=\"heading.default\">\n\t\t\t\t<div class=\"elementor-widget-container\">\n\t\t\t\t\t<h3 class=\"elementor-heading-title elementor-size-default\">Que todos los d\u00edas sean mi\u00e9rcoles, el spot de ABD sobre soledad no deseada<\/h3>\t\t\t\t<\/div>\n\t\t\t\t<\/div>\n\t\t\t\t<div class=\"elementor-element elementor-element-9bd4aae elementor-widget elementor-widget-text-editor\" data-id=\"9bd4aae\" data-element_type=\"widget\" data-e-type=\"widget\" data-widget_type=\"text-editor.default\">\n\t\t\t\t<div class=\"elementor-widget-container\">\n\t\t\t\t\t\t\t\t\t<p>\u00bfTe imaginas no tener a nadie con quien hablar, que no te suene nunca el tel\u00e9fono o que si tienes un accidente en casa nadie se d\u00e9 cuenta? Estos son situaciones cotidianas que se dan a miles de hogares y el v\u00eddeo.<\/p>\n<p><strong>#QueTodosLosD\u00edasSeanMi\u00e9rcoles<\/strong> las busca visibilizar porque todas las personas somos susceptibles de sufrir soledad no deseada.<\/p>\n\t\t\t\t\t\t\t\t<\/div>\n\t\t\t\t<\/div>\n\t\t\t\t\t<\/div>\n\t\t<\/div>\n\t\t\t\t<div class=\"elementor-column elementor-col-50 elementor-top-column elementor-element elementor-element-30430b1\" data-id=\"30430b1\" data-element_type=\"column\" data-e-type=\"column\">\n\t\t\t<div class=\"elementor-widget-wrap elementor-element-populated\">\n\t\t\t\t\t\t<div class=\"elementor-element elementor-element-2147ea0 elementor-widget elementor-widget-video\" data-id=\"2147ea0\" data-element_type=\"widget\" data-e-type=\"widget\" data-settings=\"{&quot;youtube_url&quot;:&quot;https:\\\/\\\/www.youtube.com\\\/watch?v=gr9_2_uYT1Y&quot;,&quot;video_type&quot;:&quot;youtube&quot;,&quot;controls&quot;:&quot;yes&quot;}\" data-widget_type=\"video.default\">\n\t\t\t\t<div class=\"elementor-widget-container\">\n\t\t\t\t\t\t\t<div class=\"elementor-wrapper elementor-open-inline\">\n\t\t\t<div class=\"elementor-video\"><\/div>\t\t<\/div>\n\t\t\t\t\t\t<\/div>\n\t\t\t\t<\/div>\n\t\t\t\t\t<\/div>\n\t\t<\/div>\n\t\t\t\t\t<\/div>\n\t\t<\/section>\n\t\t\t\t<section class=\"elementor-section elementor-top-section elementor-element elementor-element-8c658d5 elementor-section-boxed elementor-section-height-default elementor-section-height-default\" data-id=\"8c658d5\" data-element_type=\"section\" data-e-type=\"section\" data-settings=\"{&quot;background_background&quot;:&quot;classic&quot;}\">\n\t\t\t\t\t\t<div class=\"elementor-container elementor-column-gap-default\">\n\t\t\t\t\t<div class=\"elementor-column elementor-col-66 elementor-top-column elementor-element elementor-element-a3c7d46\" data-id=\"a3c7d46\" data-element_type=\"column\" data-e-type=\"column\">\n\t\t\t<div class=\"elementor-widget-wrap\">\n\t\t\t\t\t\t\t<\/div>\n\t\t<\/div>\n\t\t\t\t<div class=\"elementor-column elementor-col-33 elementor-top-column elementor-element elementor-element-514d80e\" data-id=\"514d80e\" data-element_type=\"column\" data-e-type=\"column\">\n\t\t\t<div class=\"elementor-widget-wrap elementor-element-populated\">\n\t\t\t\t\t\t<div class=\"elementor-element elementor-element-65912c9 elementor-widget elementor-widget-text-editor\" data-id=\"65912c9\" data-element_type=\"widget\" data-e-type=\"widget\" data-widget_type=\"text-editor.default\">\n\t\t\t\t<div class=\"elementor-widget-container\">\n\t\t\t\t\t\t\t\t\t<p><em>\u201cI do memory activities, I go out, I\u2019m making friends\u2026 at my age!\u201d<\/em><\/p>\n\t\t\t\t\t\t\t\t<\/div>\n\t\t\t\t<\/div>\n\t\t\t\t<div class=\"elementor-element elementor-element-40d26b0 elementor-widget elementor-widget-text-editor\" data-id=\"40d26b0\" data-element_type=\"widget\" data-e-type=\"widget\" data-widget_type=\"text-editor.default\">\n\t\t\t\t<div class=\"elementor-widget-container\">\n\t\t\t\t\t\t\t\t\t<p><strong>Juana<br \/>\n<\/strong>81 years old<\/p>\n\t\t\t\t\t\t\t\t<\/div>\n\t\t\t\t<\/div>\n\t\t\t\t\t<\/div>\n\t\t<\/div>\n\t\t\t\t\t<\/div>\n\t\t<\/section>\n\t\t\t\t<\/div>\n\t\t","protected":false},"excerpt":{"rendered":"<p>Dependency and elderly We are faced with the unstoppable ageing of the population: in Europe, there are 94 million people over 65. We have the urgent challenge of improving the&hellip;<\/p>\n","protected":false},"author":1,"featured_media":10522,"parent":12050,"menu_order":0,"comment_status":"closed","ping_status":"closed","template":"views\/template-causa.blade.php","meta":{"_acf_changed":false,"footnotes":""},"class_list":["post-12250","page","type-page","status-publish","has-post-thumbnail","hentry"],"acf":[],"yoast_head":"<!-- This site is optimized with the Yoast SEO plugin v27.3 - https:\/\/yoast.com\/product\/yoast-seo-wordpress\/ -->\n<title>Dependency and elderly - ABD<\/title>\n<meta name=\"description\" content=\"Dependency and elderly We are faced with the unstoppable ageing of the population: in Europe, there are 94 million people over 65. We have the urgent\" \/>\n<meta name=\"robots\" content=\"index, follow, max-snippet:-1, max-image-preview:large, max-video-preview:-1\" \/>\n<link rel=\"canonical\" href=\"https:\/\/abd.ong\/en\/our-causes\/dependency-and-elderly\/\" \/>\n<meta property=\"og:locale\" content=\"en_US\" \/>\n<meta property=\"og:type\" content=\"article\" \/>\n<meta property=\"og:title\" content=\"Dependency and elderly - ABD\" \/>\n<meta property=\"og:description\" content=\"Dependency and elderly We are faced with the unstoppable ageing of the population: in Europe, there are 94 million people over 65. We have the urgent\" \/>\n<meta property=\"og:url\" content=\"https:\/\/abd.ong\/en\/our-causes\/dependency-and-elderly\/\" \/>\n<meta property=\"og:site_name\" content=\"ABD\" \/>\n<meta property=\"article:publisher\" content=\"https:\/\/www.facebook.com\/abd.ong\" \/>\n<meta property=\"article:modified_time\" content=\"2021-04-28T16:01:54+00:00\" \/>\n<meta property=\"og:image\" content=\"https:\/\/abd.ong\/wp-content\/uploads\/2023\/01\/ABDLEMA_Hor_Esp-1.png\" \/>\n\t<meta property=\"og:image:width\" content=\"471\" \/>\n\t<meta property=\"og:image:height\" content=\"94\" \/>\n\t<meta property=\"og:image:type\" content=\"image\/png\" \/>\n<meta name=\"twitter:card\" content=\"summary_large_image\" \/>\n<meta name=\"twitter:site\" content=\"@abd_ong\" \/>\n<meta name=\"twitter:label1\" content=\"Est. reading time\" \/>\n\t<meta name=\"twitter:data1\" content=\"1 minute\" \/>\n<script type=\"application\/ld+json\" class=\"yoast-schema-graph\">{\"@context\":\"https:\\\/\\\/schema.org\",\"@graph\":[{\"@type\":\"WebPage\",\"@id\":\"https:\\\/\\\/abd.ong\\\/en\\\/our-causes\\\/dependency-and-elderly\\\/\",\"url\":\"https:\\\/\\\/abd.ong\\\/en\\\/our-causes\\\/dependency-and-elderly\\\/\",\"name\":\"Dependency and elderly - ABD\",\"isPartOf\":{\"@id\":\"https:\\\/\\\/abd.ong\\\/en\\\/#website\"},\"primaryImageOfPage\":{\"@id\":\"https:\\\/\\\/abd.ong\\\/en\\\/our-causes\\\/dependency-and-elderly\\\/#primaryimage\"},\"image\":{\"@id\":\"https:\\\/\\\/abd.ong\\\/en\\\/our-causes\\\/dependency-and-elderly\\\/#primaryimage\"},\"thumbnailUrl\":\"https:\\\/\\\/abd.ong\\\/wp-content\\\/uploads\\\/2019\\\/11\\\/causa-dependencia-solid.svg\",\"datePublished\":\"2020-01-09T17:27:55+00:00\",\"dateModified\":\"2021-04-28T16:01:54+00:00\",\"description\":\"Dependency and elderly We are faced with the unstoppable ageing of the population: in Europe, there are 94 million people over 65. We have the urgent\",\"breadcrumb\":{\"@id\":\"https:\\\/\\\/abd.ong\\\/en\\\/our-causes\\\/dependency-and-elderly\\\/#breadcrumb\"},\"inLanguage\":\"en-US\",\"potentialAction\":[{\"@type\":\"ReadAction\",\"target\":[\"https:\\\/\\\/abd.ong\\\/en\\\/our-causes\\\/dependency-and-elderly\\\/\"]}]},{\"@type\":\"ImageObject\",\"inLanguage\":\"en-US\",\"@id\":\"https:\\\/\\\/abd.ong\\\/en\\\/our-causes\\\/dependency-and-elderly\\\/#primaryimage\",\"url\":\"https:\\\/\\\/abd.ong\\\/wp-content\\\/uploads\\\/2019\\\/11\\\/causa-dependencia-solid.svg\",\"contentUrl\":\"https:\\\/\\\/abd.ong\\\/wp-content\\\/uploads\\\/2019\\\/11\\\/causa-dependencia-solid.svg\",\"width\":100,\"height\":100,\"caption\":\"causa-dependencia\"},{\"@type\":\"BreadcrumbList\",\"@id\":\"https:\\\/\\\/abd.ong\\\/en\\\/our-causes\\\/dependency-and-elderly\\\/#breadcrumb\",\"itemListElement\":[{\"@type\":\"ListItem\",\"position\":1,\"name\":\"Home\",\"item\":\"https:\\\/\\\/abd.ong\\\/en\\\/\"},{\"@type\":\"ListItem\",\"position\":2,\"name\":\"Our causes\",\"item\":\"https:\\\/\\\/abd.ong\\\/en\\\/our-causes\\\/\"},{\"@type\":\"ListItem\",\"position\":3,\"name\":\"Dependency and elderly\"}]},{\"@type\":\"WebSite\",\"@id\":\"https:\\\/\\\/abd.ong\\\/en\\\/#website\",\"url\":\"https:\\\/\\\/abd.ong\\\/en\\\/\",\"name\":\"ABD\",\"description\":\"Asociaci\u00f3n Bienestar y Desarrollo\",\"publisher\":{\"@id\":\"https:\\\/\\\/abd.ong\\\/en\\\/#organization\"},\"potentialAction\":[{\"@type\":\"SearchAction\",\"target\":{\"@type\":\"EntryPoint\",\"urlTemplate\":\"https:\\\/\\\/abd.ong\\\/en\\\/?s={search_term_string}\"},\"query-input\":{\"@type\":\"PropertyValueSpecification\",\"valueRequired\":true,\"valueName\":\"search_term_string\"}}],\"inLanguage\":\"en-US\"},{\"@type\":\"Organization\",\"@id\":\"https:\\\/\\\/abd.ong\\\/en\\\/#organization\",\"name\":\"Bienestar y Desarrollo Association\",\"alternateName\":\"ABD\",\"url\":\"https:\\\/\\\/abd.ong\\\/en\\\/\",\"logo\":{\"@type\":\"ImageObject\",\"inLanguage\":\"en-US\",\"@id\":\"https:\\\/\\\/abd.ong\\\/en\\\/#\\\/schema\\\/logo\\\/image\\\/\",\"url\":\"https:\\\/\\\/abd.ong\\\/wp-content\\\/uploads\\\/2023\\\/01\\\/Icona.png\",\"contentUrl\":\"https:\\\/\\\/abd.ong\\\/wp-content\\\/uploads\\\/2023\\\/01\\\/Icona.png\",\"width\":190,\"height\":187,\"caption\":\"Bienestar y Desarrollo Association\"},\"image\":{\"@id\":\"https:\\\/\\\/abd.ong\\\/en\\\/#\\\/schema\\\/logo\\\/image\\\/\"},\"sameAs\":[\"https:\\\/\\\/www.facebook.com\\\/abd.ong\",\"https:\\\/\\\/x.com\\\/abd_ong\",\"https:\\\/\\\/www.instagram.com\\\/abd_ong\\\/\",\"https:\\\/\\\/www.linkedin.com\\\/company\\\/abdong\",\"https:\\\/\\\/www.youtube.com\\\/user\\\/CANALABD\"]}]}<\/script>\n<!-- \/ Yoast SEO plugin. -->","yoast_head_json":{"title":"Dependency and elderly - ABD","description":"Dependency and elderly We are faced with the unstoppable ageing of the population: in Europe, there are 94 million people over 65. We have the urgent","robots":{"index":"index","follow":"follow","max-snippet":"max-snippet:-1","max-image-preview":"max-image-preview:large","max-video-preview":"max-video-preview:-1"},"canonical":"https:\/\/abd.ong\/en\/our-causes\/dependency-and-elderly\/","og_locale":"en_US","og_type":"article","og_title":"Dependency and elderly - ABD","og_description":"Dependency and elderly We are faced with the unstoppable ageing of the population: in Europe, there are 94 million people over 65. We have the urgent","og_url":"https:\/\/abd.ong\/en\/our-causes\/dependency-and-elderly\/","og_site_name":"ABD","article_publisher":"https:\/\/www.facebook.com\/abd.ong","article_modified_time":"2021-04-28T16:01:54+00:00","og_image":[{"width":471,"height":94,"url":"https:\/\/abd.ong\/wp-content\/uploads\/2023\/01\/ABDLEMA_Hor_Esp-1.png","type":"image\/png"}],"twitter_card":"summary_large_image","twitter_site":"@abd_ong","twitter_misc":{"Est. reading time":"1 minute"},"schema":{"@context":"https:\/\/schema.org","@graph":[{"@type":"WebPage","@id":"https:\/\/abd.ong\/en\/our-causes\/dependency-and-elderly\/","url":"https:\/\/abd.ong\/en\/our-causes\/dependency-and-elderly\/","name":"Dependency and elderly - ABD","isPartOf":{"@id":"https:\/\/abd.ong\/en\/#website"},"primaryImageOfPage":{"@id":"https:\/\/abd.ong\/en\/our-causes\/dependency-and-elderly\/#primaryimage"},"image":{"@id":"https:\/\/abd.ong\/en\/our-causes\/dependency-and-elderly\/#primaryimage"},"thumbnailUrl":"https:\/\/abd.ong\/wp-content\/uploads\/2019\/11\/causa-dependencia-solid.svg","datePublished":"2020-01-09T17:27:55+00:00","dateModified":"2021-04-28T16:01:54+00:00","description":"Dependency and elderly We are faced with the unstoppable ageing of the population: in Europe, there are 94 million people over 65. We have the urgent","breadcrumb":{"@id":"https:\/\/abd.ong\/en\/our-causes\/dependency-and-elderly\/#breadcrumb"},"inLanguage":"en-US","potentialAction":[{"@type":"ReadAction","target":["https:\/\/abd.ong\/en\/our-causes\/dependency-and-elderly\/"]}]},{"@type":"ImageObject","inLanguage":"en-US","@id":"https:\/\/abd.ong\/en\/our-causes\/dependency-and-elderly\/#primaryimage","url":"https:\/\/abd.ong\/wp-content\/uploads\/2019\/11\/causa-dependencia-solid.svg","contentUrl":"https:\/\/abd.ong\/wp-content\/uploads\/2019\/11\/causa-dependencia-solid.svg","width":100,"height":100,"caption":"causa-dependencia"},{"@type":"BreadcrumbList","@id":"https:\/\/abd.ong\/en\/our-causes\/dependency-and-elderly\/#breadcrumb","itemListElement":[{"@type":"ListItem","position":1,"name":"Home","item":"https:\/\/abd.ong\/en\/"},{"@type":"ListItem","position":2,"name":"Our causes","item":"https:\/\/abd.ong\/en\/our-causes\/"},{"@type":"ListItem","position":3,"name":"Dependency and elderly"}]},{"@type":"WebSite","@id":"https:\/\/abd.ong\/en\/#website","url":"https:\/\/abd.ong\/en\/","name":"ABD","description":"Asociaci\u00f3n Bienestar y Desarrollo","publisher":{"@id":"https:\/\/abd.ong\/en\/#organization"},"potentialAction":[{"@type":"SearchAction","target":{"@type":"EntryPoint","urlTemplate":"https:\/\/abd.ong\/en\/?s={search_term_string}"},"query-input":{"@type":"PropertyValueSpecification","valueRequired":true,"valueName":"search_term_string"}}],"inLanguage":"en-US"},{"@type":"Organization","@id":"https:\/\/abd.ong\/en\/#organization","name":"Bienestar y Desarrollo Association","alternateName":"ABD","url":"https:\/\/abd.ong\/en\/","logo":{"@type":"ImageObject","inLanguage":"en-US","@id":"https:\/\/abd.ong\/en\/#\/schema\/logo\/image\/","url":"https:\/\/abd.ong\/wp-content\/uploads\/2023\/01\/Icona.png","contentUrl":"https:\/\/abd.ong\/wp-content\/uploads\/2023\/01\/Icona.png","width":190,"height":187,"caption":"Bienestar y Desarrollo Association"},"image":{"@id":"https:\/\/abd.ong\/en\/#\/schema\/logo\/image\/"},"sameAs":["https:\/\/www.facebook.com\/abd.ong","https:\/\/x.com\/abd_ong","https:\/\/www.instagram.com\/abd_ong\/","https:\/\/www.linkedin.com\/company\/abdong","https:\/\/www.youtube.com\/user\/CANALABD"]}]}},"_links":{"self":[{"href":"https:\/\/abd.ong\/en\/wp-json\/wp\/v2\/pages\/12250","targetHints":{"allow":["GET"]}}],"collection":[{"href":"https:\/\/abd.ong\/en\/wp-json\/wp\/v2\/pages"}],"about":[{"href":"https:\/\/abd.ong\/en\/wp-json\/wp\/v2\/types\/page"}],"author":[{"embeddable":true,"href":"https:\/\/abd.ong\/en\/wp-json\/wp\/v2\/users\/1"}],"replies":[{"embeddable":true,"href":"https:\/\/abd.ong\/en\/wp-json\/wp\/v2\/comments?post=12250"}],"version-history":[{"count":3,"href":"https:\/\/abd.ong\/en\/wp-json\/wp\/v2\/pages\/12250\/revisions"}],"predecessor-version":[{"id":22887,"href":"https:\/\/abd.ong\/en\/wp-json\/wp\/v2\/pages\/12250\/revisions\/22887"}],"up":[{"embeddable":true,"href":"https:\/\/abd.ong\/en\/wp-json\/wp\/v2\/pages\/12050"}],"wp:featuredmedia":[{"embeddable":true,"href":"https:\/\/abd.ong\/en\/wp-json\/wp\/v2\/media\/10522"}],"wp:attachment":[{"href":"https:\/\/abd.ong\/en\/wp-json\/wp\/v2\/media?parent=12250"}],"curies":[{"name":"wp","href":"https:\/\/api.w.org\/{rel}","templated":true}]}}