{"id":14846,"date":"2020-05-05T12:56:35","date_gmt":"2020-05-05T10:56:35","guid":{"rendered":"https:\/\/abd.ong\/?page_id=14846"},"modified":"2024-02-20T11:19:35","modified_gmt":"2024-02-20T10:19:35","slug":"condicions-de-donacio-collaboracio","status":"publish","type":"page","link":"https:\/\/abd.ong\/ca\/condicions-de-donacio-collaboracio\/","title":{"rendered":"Condicions de Donaci\u00f3 &#8211; Col\u00b7laboraci\u00f3"},"content":{"rendered":"\n<p>Les presents Condicions per a la realitzaci\u00f3 de donacions i col\u00b7laboracions (d&#8217;ara endavant, &#8220;Condicions de Donaci\u00f3&#8221;), juntament amb les disposicions contingudes en l&#8217;Av\u00eds Legal i la Pol\u00edtica de Privacitat del nostre lloc web, estableixen la informaci\u00f3 pr\u00e8via necess\u00e0ria per efectuar una donaci\u00f3 o col\u00b7laboraci\u00f3 oferida en la Web, aix\u00ed com els drets i obligacions que sorgeixen de la relaci\u00f3 entre l&#8217;ASSOCIACI\u00d3 BENESTAR I DESENVOLUPAMENT, declarada d&#8217;inter\u00e8s p\u00fablic, i els usuaris que desitgin realitzar donacions o col\u00b7laboracions (d&#8217;ara endavant, &#8220;els donants&#8221;) a trav\u00e9s d&#8217;aquest lloc web.<\/p>\n\n\n\n<p>Les transaccions realitzades mitjan\u00e7ant aquest lloc web es consideraran portades a terme entre ASSOCIACI\u00d3 BENESTAR I DESENVOLUPAMENT (ABD) i la persona que efectua la donaci\u00f3 o col\u00b7laboraci\u00f3, qui valida la seva acci\u00f3 al realitzar-la.<\/p>\n\n\n\n<p>ASSOCIACI\u00d3 BENESTAR I DESENVOLUPAMENT (ABD) es reserva el dret de modificar aquestes Condicions de Donaci\u00f3, informant d&#8217;aquests canvis en el nostre lloc web.<\/p>\n\n\n\n<p><strong>1. Objecte<\/strong><\/p>\n\n\n\n<p>Aquestes CONDICIONS DE DONACI\u00d3 regulen el procediment de donaci\u00f3 o col\u00b7laboraci\u00f3 a trav\u00e9s del lloc web de ASSOCIACI\u00d3 BENESTAR I DESENVOLUPAMENT (ABD), destinades a usuaris que, de manera volunt\u00e0ria, desitgin contribuir i que hagin completat el formulari corresponent amb la informaci\u00f3 necess\u00e0ria per efectuar la donaci\u00f3, atorgant el seu consentiment i acceptaci\u00f3 integral, sense reserves, a aquestes CONDICIONS DE DONACI\u00d3, a l&#8217;AV\u00cdS LEGAL i a la POL\u00cdTICA DE PRIVACITAT publicats per ASSOCIACI\u00d3 BENESTAR I DESENVOLUPAMENT (ABD) en aquest lloc web.<\/p>\n\n\n\n<p>El donant ha de llegir en la seva totalitat aquestes CONDICIONS DE DONACI\u00d3, l&#8217;AV\u00cdS LEGAL i la POL\u00cdTICA DE PRIVACITAT cada vegada que desitgi realitzar una donaci\u00f3 o col\u00b7laboraci\u00f3 a ASSOCIACI\u00d3 BENESTAR I DESENVOLUPAMENT (ABD).<\/p>\n\n\n\n<p>Les CONDICIONS DE DONACI\u00d3 s&#8217;aplicaran a totes les donacions realitzades a trav\u00e9s del lloc web, sent aplicables les condicions vigents en el moment de cada donaci\u00f3 o col\u00b7laboraci\u00f3.<\/p>\n\n\n\n<p><strong>2. Import de la donaci\u00f3<\/strong><\/p>\n\n\n\n<p>Les donacions efectuades a ASSOCIACI\u00d3 BENESTAR I DESENVOLUPAMENT (ABD) a trav\u00e9s d&#8217;aquest lloc web estan destinades exclusivament a persones f\u00edsiques majors d&#8217;edat o entitats legals que posseeixin la capacitat jur\u00eddica conforme a la legislaci\u00f3 aplicable.<\/p>\n\n\n\n<p><strong>3. Concepte i registre del donant<\/strong><\/p>\n\n\n\n<p>Es considera donant a la persona que accedeixi al lloc web, proporcioni les dades obligat\u00f2ries sol\u00b7licitades i efectu\u00ef una donaci\u00f3 o col\u00b7laboraci\u00f3 seguint les instruccions indicades en el lloc web, havent atorgat pr\u00e8viament el seu consentiment i acceptaci\u00f3 completa d&#8217;aquestes CONDICIONS DE DONACI\u00d3, aix\u00ed com de la informaci\u00f3 continguda en l&#8217;Av\u00eds Legal i en la nostra Pol\u00edtica de Privacitat, mitjan\u00e7ant la confirmaci\u00f3 de la seva acci\u00f3 en pr\u00e9mer el bot\u00f3 &#8220;ENVIAR&#8221; en el formulari.<\/p>\n\n\n\n<p>ASSOCIACI\u00d3 BENESTAR I DESENVOLUPAMENT (ABD) es reserva el dret de cancel\u00b7lar qualsevol donaci\u00f3 o col\u00b7laboraci\u00f3 si la informaci\u00f3 proporcionada pel donant resulta ser falsa o inexacta.<\/p>\n\n\n\n<p><strong>4. Acceptaci\u00f3 de les condicions establertes<\/strong><\/p>\n\n\n\n<p>El simple fet de navegar per aquest lloc web i\/o realitzar qualsevol donaci\u00f3 o col\u00b7laboraci\u00f3 implica l&#8217;acceptaci\u00f3 sense reserves del donant a les instruccions d&#8217;\u00fas i, especialment, a totes i cadascuna de les Condicions Generals d&#8217;\u00fas i navegaci\u00f3 del lloc web, a les presents CONDICIONS DE DONACI\u00d3, aix\u00ed com a les condicions particulars que poguessin regir la realitzaci\u00f3 de donacions. En cas de desacord, l&#8217;usuari haur\u00e0 d&#8217;abandonar el lloc tancant el navegador.<\/p>\n\n\n\n<p>En cas d&#8217;error en la introducci\u00f3 de dades per part del donant durant el proc\u00e9s de donaci\u00f3 o col\u00b7laboraci\u00f3, aquest haur\u00e0 de notificar-ho a ASSOCIACI\u00d3 BENESTAR I DESENVOLUPAMENT (ABD) a trav\u00e9s dels mitjans de contacte proporcionats en aquest lloc web o mitjan\u00e7ant el correu electr\u00f2nic: <a href=\"mailto:&#97;p&#111;&#114;t&#97;ciones&#64;&#97;&#98;&#100;-on&#103;.&#111;rg\">&#97;&#112;o&#114;t&#97;&#99;ion&#101;&#115;&#64;a&#98;d&#45;o&#110;&#103;.&#111;r&#103;<\/a>.<\/p>\n\n\n\n<p>El donant declara, sota la seva pr\u00f2pia responsabilitat, ser major d&#8217;edat, haver llegit completament aquestes CONDICIONS DE DONACI\u00d3 i altres condicions aplicables, aix\u00ed com les instruccions i indicacions per navegar o utilitzar aquest lloc web, acceptant-les de forma plena.<\/p>\n\n\n\n<p><strong>5. Procediment de donaci\u00f3<\/strong><\/p>\n\n\n\n<p>La donaci\u00f3 es pot realitzar directament des del nostre lloc, completant totes les dades requerides per a la seva execuci\u00f3.<\/p>\n\n\n\n<p><strong>6. Registre de la donaci\u00f3<\/strong><\/p>\n\n\n\n<p>El donant \u00e9s l&#8217;\u00fanic responsable de la veracitat de la informaci\u00f3 proporcionada en el proc\u00e9s de donaci\u00f3 o col\u00b7laboraci\u00f3. ASSOCIACI\u00d3 BENESTAR I DESENVOLUPAMENT (ABD) no assumir\u00e0 responsabilitat per la impossibilitat d&#8217;efectuar donacions a causa d&#8217;errors en les dades facilitades, incloent, per\u00f2 no limitant-se a, nom i cognoms del donant, document d&#8217;identitat, correu electr\u00f2nic, mitj\u00e0 de pagament, entre altres. En qualsevol cas, i especialment en les situacions esmentades, el donant roman com a responsable de la donaci\u00f3 o col\u00b7laboraci\u00f3 i de les dades personals subministrades.<\/p>\n\n\n\n<p><\/p>\n\n\n\n<p><strong>L&#8217;\u00faltima actualitzaci\u00f3 \u00e9s de juny de 2023<\/strong>.<\/p>\n","protected":false},"excerpt":{"rendered":"<p>Les presents Condicions per a la realitzaci\u00f3 de donacions i col\u00b7laboracions (d&#8217;ara endavant, &#8220;Condicions de Donaci\u00f3&#8221;), juntament amb les disposicions contingudes en l&#8217;Av\u00eds Legal i la Pol\u00edtica de Privacitat del&hellip;<\/p>\n","protected":false},"author":1,"featured_media":0,"parent":0,"menu_order":0,"comment_status":"closed","ping_status":"closed","template":"views\/template-legal.blade.php","meta":{"_acf_changed":false,"footnotes":""},"class_list":["post-14846","page","type-page","status-publish","hentry"],"acf":[],"yoast_head":"<!-- This site is optimized with the Yoast SEO plugin v27.1.1 - https:\/\/yoast.com\/product\/yoast-seo-wordpress\/ -->\n<title>Condicions de Donaci\u00f3 - Col\u00b7laboraci\u00f3 - ABD<\/title>\n<meta name=\"description\" content=\"Les presents Condicions per a la realitzaci\u00f3 de donacions i col\u00b7laboracions (d&#039;ara endavant, &quot;Condicions de Donaci\u00f3&quot;), juntament amb les disposicions\" \/>\n<meta name=\"robots\" content=\"index, follow, max-snippet:-1, max-image-preview:large, max-video-preview:-1\" \/>\n<link rel=\"canonical\" href=\"https:\/\/abd.ong\/ca\/condicions-de-donacio-collaboracio\/\" \/>\n<meta property=\"og:locale\" content=\"ca_ES\" \/>\n<meta property=\"og:type\" content=\"article\" \/>\n<meta property=\"og:title\" content=\"Condicions de Donaci\u00f3 - Col\u00b7laboraci\u00f3 - ABD\" \/>\n<meta property=\"og:description\" content=\"Les presents Condicions per a la realitzaci\u00f3 de donacions i col\u00b7laboracions (d&#039;ara endavant, &quot;Condicions de Donaci\u00f3&quot;), juntament amb les disposicions\" \/>\n<meta property=\"og:url\" content=\"https:\/\/abd.ong\/ca\/condicions-de-donacio-collaboracio\/\" \/>\n<meta property=\"og:site_name\" content=\"ABD\" \/>\n<meta property=\"article:publisher\" content=\"https:\/\/www.facebook.com\/abd.ong\" \/>\n<meta property=\"article:modified_time\" content=\"2024-02-20T10:19:35+00:00\" \/>\n<meta property=\"og:image\" content=\"https:\/\/abd.ong\/wp-content\/uploads\/2023\/01\/ABDLEMA_Hor_Esp-1.png\" \/>\n\t<meta property=\"og:image:width\" content=\"471\" \/>\n\t<meta property=\"og:image:height\" content=\"94\" \/>\n\t<meta property=\"og:image:type\" content=\"image\/png\" \/>\n<meta name=\"twitter:card\" content=\"summary_large_image\" \/>\n<meta name=\"twitter:site\" content=\"@abd_ong\" \/>\n<meta name=\"twitter:label1\" content=\"Temps estimat de lectura\" \/>\n\t<meta name=\"twitter:data1\" content=\"4 minuts\" \/>\n<script type=\"application\/ld+json\" class=\"yoast-schema-graph\">{\"@context\":\"https:\/\/schema.org\",\"@graph\":[{\"@type\":\"WebPage\",\"@id\":\"https:\/\/abd.ong\/ca\/condicions-de-donacio-collaboracio\/\",\"url\":\"https:\/\/abd.ong\/ca\/condicions-de-donacio-collaboracio\/\",\"name\":\"Condicions de Donaci\u00f3 - Col\u00b7laboraci\u00f3 - ABD\",\"isPartOf\":{\"@id\":\"https:\/\/abd.ong\/ca\/#website\"},\"datePublished\":\"2020-05-05T10:56:35+00:00\",\"dateModified\":\"2024-02-20T10:19:35+00:00\",\"description\":\"Les presents Condicions per a la realitzaci\u00f3 de donacions i col\u00b7laboracions (d'ara endavant, \\\"Condicions de Donaci\u00f3\\\"), juntament amb les disposicions\",\"breadcrumb\":{\"@id\":\"https:\/\/abd.ong\/ca\/condicions-de-donacio-collaboracio\/#breadcrumb\"},\"inLanguage\":\"ca\",\"potentialAction\":[{\"@type\":\"ReadAction\",\"target\":[\"https:\/\/abd.ong\/ca\/condicions-de-donacio-collaboracio\/\"]}]},{\"@type\":\"BreadcrumbList\",\"@id\":\"https:\/\/abd.ong\/ca\/condicions-de-donacio-collaboracio\/#breadcrumb\",\"itemListElement\":[{\"@type\":\"ListItem\",\"position\":1,\"name\":\"Inici\",\"item\":\"https:\/\/abd.ong\/ca\/\"},{\"@type\":\"ListItem\",\"position\":2,\"name\":\"Condicions de Donaci\u00f3 &#8211; Col\u00b7laboraci\u00f3\"}]},{\"@type\":\"WebSite\",\"@id\":\"https:\/\/abd.ong\/ca\/#website\",\"url\":\"https:\/\/abd.ong\/ca\/\",\"name\":\"ABD\",\"description\":\"Asociaci\u00f3n Bienestar y Desarrollo\",\"publisher\":{\"@id\":\"https:\/\/abd.ong\/ca\/#organization\"},\"potentialAction\":[{\"@type\":\"SearchAction\",\"target\":{\"@type\":\"EntryPoint\",\"urlTemplate\":\"https:\/\/abd.ong\/ca\/?s={search_term_string}\"},\"query-input\":{\"@type\":\"PropertyValueSpecification\",\"valueRequired\":true,\"valueName\":\"search_term_string\"}}],\"inLanguage\":\"ca\"},{\"@type\":\"Organization\",\"@id\":\"https:\/\/abd.ong\/ca\/#organization\",\"name\":\"Associaci\u00f3 Benestar i Desenvolupament\",\"alternateName\":\"ABD\",\"url\":\"https:\/\/abd.ong\/ca\/\",\"logo\":{\"@type\":\"ImageObject\",\"inLanguage\":\"ca\",\"@id\":\"https:\/\/abd.ong\/ca\/#\/schema\/logo\/image\/\",\"url\":\"https:\/\/abd.ong\/wp-content\/uploads\/2023\/01\/Icona.png\",\"contentUrl\":\"https:\/\/abd.ong\/wp-content\/uploads\/2023\/01\/Icona.png\",\"width\":190,\"height\":187,\"caption\":\"Associaci\u00f3 Benestar i Desenvolupament\"},\"image\":{\"@id\":\"https:\/\/abd.ong\/ca\/#\/schema\/logo\/image\/\"},\"sameAs\":[\"https:\/\/www.facebook.com\/abd.ong\",\"https:\/\/x.com\/abd_ong\",\"https:\/\/www.instagram.com\/abd_ong\/\",\"https:\/\/www.linkedin.com\/company\/abdong\",\"https:\/\/www.youtube.com\/user\/CANALABD\"]}]}<\/script>\n<!-- \/ Yoast SEO plugin. -->","yoast_head_json":{"title":"Condicions de Donaci\u00f3 - Col\u00b7laboraci\u00f3 - ABD","description":"Les presents Condicions per a la realitzaci\u00f3 de donacions i col\u00b7laboracions (d'ara endavant, \"Condicions de Donaci\u00f3\"), juntament amb les disposicions","robots":{"index":"index","follow":"follow","max-snippet":"max-snippet:-1","max-image-preview":"max-image-preview:large","max-video-preview":"max-video-preview:-1"},"canonical":"https:\/\/abd.ong\/ca\/condicions-de-donacio-collaboracio\/","og_locale":"ca_ES","og_type":"article","og_title":"Condicions de Donaci\u00f3 - Col\u00b7laboraci\u00f3 - ABD","og_description":"Les presents Condicions per a la realitzaci\u00f3 de donacions i col\u00b7laboracions (d'ara endavant, \"Condicions de Donaci\u00f3\"), juntament amb les disposicions","og_url":"https:\/\/abd.ong\/ca\/condicions-de-donacio-collaboracio\/","og_site_name":"ABD","article_publisher":"https:\/\/www.facebook.com\/abd.ong","article_modified_time":"2024-02-20T10:19:35+00:00","og_image":[{"width":471,"height":94,"url":"https:\/\/abd.ong\/wp-content\/uploads\/2023\/01\/ABDLEMA_Hor_Esp-1.png","type":"image\/png"}],"twitter_card":"summary_large_image","twitter_site":"@abd_ong","twitter_misc":{"Temps estimat de lectura":"4 minuts"},"schema":{"@context":"https:\/\/schema.org","@graph":[{"@type":"WebPage","@id":"https:\/\/abd.ong\/ca\/condicions-de-donacio-collaboracio\/","url":"https:\/\/abd.ong\/ca\/condicions-de-donacio-collaboracio\/","name":"Condicions de Donaci\u00f3 - Col\u00b7laboraci\u00f3 - ABD","isPartOf":{"@id":"https:\/\/abd.ong\/ca\/#website"},"datePublished":"2020-05-05T10:56:35+00:00","dateModified":"2024-02-20T10:19:35+00:00","description":"Les presents Condicions per a la realitzaci\u00f3 de donacions i col\u00b7laboracions (d'ara endavant, \"Condicions de Donaci\u00f3\"), juntament amb les disposicions","breadcrumb":{"@id":"https:\/\/abd.ong\/ca\/condicions-de-donacio-collaboracio\/#breadcrumb"},"inLanguage":"ca","potentialAction":[{"@type":"ReadAction","target":["https:\/\/abd.ong\/ca\/condicions-de-donacio-collaboracio\/"]}]},{"@type":"BreadcrumbList","@id":"https:\/\/abd.ong\/ca\/condicions-de-donacio-collaboracio\/#breadcrumb","itemListElement":[{"@type":"ListItem","position":1,"name":"Inici","item":"https:\/\/abd.ong\/ca\/"},{"@type":"ListItem","position":2,"name":"Condicions de Donaci\u00f3 &#8211; Col\u00b7laboraci\u00f3"}]},{"@type":"WebSite","@id":"https:\/\/abd.ong\/ca\/#website","url":"https:\/\/abd.ong\/ca\/","name":"ABD","description":"Asociaci\u00f3n Bienestar y Desarrollo","publisher":{"@id":"https:\/\/abd.ong\/ca\/#organization"},"potentialAction":[{"@type":"SearchAction","target":{"@type":"EntryPoint","urlTemplate":"https:\/\/abd.ong\/ca\/?s={search_term_string}"},"query-input":{"@type":"PropertyValueSpecification","valueRequired":true,"valueName":"search_term_string"}}],"inLanguage":"ca"},{"@type":"Organization","@id":"https:\/\/abd.ong\/ca\/#organization","name":"Associaci\u00f3 Benestar i Desenvolupament","alternateName":"ABD","url":"https:\/\/abd.ong\/ca\/","logo":{"@type":"ImageObject","inLanguage":"ca","@id":"https:\/\/abd.ong\/ca\/#\/schema\/logo\/image\/","url":"https:\/\/abd.ong\/wp-content\/uploads\/2023\/01\/Icona.png","contentUrl":"https:\/\/abd.ong\/wp-content\/uploads\/2023\/01\/Icona.png","width":190,"height":187,"caption":"Associaci\u00f3 Benestar i Desenvolupament"},"image":{"@id":"https:\/\/abd.ong\/ca\/#\/schema\/logo\/image\/"},"sameAs":["https:\/\/www.facebook.com\/abd.ong","https:\/\/x.com\/abd_ong","https:\/\/www.instagram.com\/abd_ong\/","https:\/\/www.linkedin.com\/company\/abdong","https:\/\/www.youtube.com\/user\/CANALABD"]}]}},"_links":{"self":[{"href":"https:\/\/abd.ong\/ca\/wp-json\/wp\/v2\/pages\/14846","targetHints":{"allow":["GET"]}}],"collection":[{"href":"https:\/\/abd.ong\/ca\/wp-json\/wp\/v2\/pages"}],"about":[{"href":"https:\/\/abd.ong\/ca\/wp-json\/wp\/v2\/types\/page"}],"author":[{"embeddable":true,"href":"https:\/\/abd.ong\/ca\/wp-json\/wp\/v2\/users\/1"}],"replies":[{"embeddable":true,"href":"https:\/\/abd.ong\/ca\/wp-json\/wp\/v2\/comments?post=14846"}],"version-history":[{"count":3,"href":"https:\/\/abd.ong\/ca\/wp-json\/wp\/v2\/pages\/14846\/revisions"}],"predecessor-version":[{"id":157952,"href":"https:\/\/abd.ong\/ca\/wp-json\/wp\/v2\/pages\/14846\/revisions\/157952"}],"wp:attachment":[{"href":"https:\/\/abd.ong\/ca\/wp-json\/wp\/v2\/media?parent=14846"}],"curies":[{"name":"wp","href":"https:\/\/api.w.org\/{rel}","templated":true}]}}