{"id":14822,"date":"2020-05-05T12:40:30","date_gmt":"2020-05-05T10:40:30","guid":{"rendered":"https:\/\/abd.ong\/?page_id=14822"},"modified":"2024-02-20T11:54:07","modified_gmt":"2024-02-20T10:54:07","slug":"avis-legal","status":"publish","type":"page","link":"https:\/\/abd.ong\/ca\/avis-legal\/","title":{"rendered":"Av\u00eds legal"},"content":{"rendered":"\n<p>Benvingut\/a la Web titularitat d\u2019 ASSOCIACI\u00d3 BENESTAR I DESENVOLUPAMENT (en endavant ABD). La navegaci\u00f3 per aquest lloc Web t\u2019atribueix la condici\u00f3 d\u2019USUARI i suposa que acceptes plenament totes i cadascuna de les Condicions seguidament reflectides. Per donar compliment a les obligacions disposades a la Llei 34\/2002, de Serveis de la Societat de la Informaci\u00f3 i del Comer\u00e7 Electr\u00f2nic (LSSI-CE), posem a la teva disposici\u00f3 la seg\u00fcent informaci\u00f3:<\/p>\n\n\n\n<p><strong>Denominaci\u00f3 Social: ASSOCIACI\u00d3 BENESTAR I DESENVOLUPAMENT<\/strong><\/p>\n\n\n\n<p><strong>Domicili Social:&nbsp;<\/strong><strong>C\/ QUEVEDO, 2. 08012-BARCELONA<\/strong><\/p>\n\n\n\n<p><strong>NIF:&nbsp;&nbsp;<\/strong><strong>G-59435180<\/strong><\/p>\n\n\n\n<p><strong>Correu electr\u00f2nic:&nbsp;<\/strong><a href=\"mailto:protecciondedatos@abd-ong.org\">protecciondedatos@abd-ong.org<\/a><\/p>\n\n\n\n<p><br><strong>Acceptaci\u00f3 de les presents condicions\u00a0<\/strong><\/p>\n\n\n\n<p>Com a Usuari, et compromets a utilitzar la nostra Web, els seus continguts i serveis conforme, el principi de bona fe, els bons costums, l\u2019ordre p\u00fablic i amb respecte a la legalitat vigent. Aix\u00ed mateix, et compromets a no utilitzar el Web i els serveis que es prestin amb finalitats o efectes il\u00b7l\u00edcits o contraris a aquestes Condicions, lesius per a interessos o drets de tercers, o que de qualsevol forma puguin danyar, inutilitzar o deteriorar-lo o impedir l\u2019\u00fas normal per altres usuaris, sent l\u2019\u00fanic responsable de les infraccions en les quals es pogu\u00e9s inc\u00f3rrer o dels perjudicis que es poguessin causar per l\u2019incorrecte \u00fas del Web, exonerant ABD.<\/p>\n\n\n\n<p>ABD podr\u00e0 eliminar aquell contingut que pugui ser considerat discriminatori per ra\u00f3 de ra\u00e7a, sexe, religi\u00f3, opini\u00f3, nacionalitat, discapacitat o qualsevol altra circumst\u00e0ncia personal o social, sent motiu suficient per eliminar-los.<\/p>\n\n\n\n<p>En el sup\u00f2sit que existeixin serveis sotmesos a altres Condicions particulars que puguin substituir, modificar o completar les presents, ser\u00e0s degudament informat.<\/p>\n\n\n\n<p>ABD es compromet a complir en tot moment amb la normativa vigent en mat\u00e8ria de protecci\u00f3 de dades personals i de privacitat en les comunicacions electr\u00f2niques.<\/p>\n\n\n\n<p><br><strong>Menors d\u2019edat\u00a0<\/strong><\/p>\n\n\n\n<p>ABD excepte casos excepcionals dirigeix els seus serveis a usuaris majors de 18 anys. Els menors d\u2019aquesta edat no estan autoritzats a utilitzar els nostres serveis tret que en la Web s\u2019indiqui el contrari i no deuran, per tant, enviar-nos les seves dades personals. Informem que, si es dona tal circumst\u00e0ncia, *ABD no es fa responsable de les possibles conseq\u00fc\u00e8ncies que poguessin derivar-se de l\u2019incompliment de l\u2019av\u00eds que en aquesta mateixa cl\u00e0usula s\u2019estableix.<\/p>\n\n\n\n<p><br><strong>Propietat Intel\u00b7lectual i Industrial<\/strong><\/p>\n\n\n\n<p>Tots els continguts d\u2019aquesta Web, llevat que expressament s\u2019indiqui el contrari, s\u00f3n titularitat exclusiva d\u2019ABD, com a titular del Web, o de tercers. Amb car\u00e0cter enunciatiu i no limitatiu, els textos, programes, codi font, gr\u00e0fics, il\u00b7lustracions, sons, documents, fotografies, material t\u00e8cnic de qualsevol ordre, logotips, imatges, signes distintius o marques i dissenys gr\u00e0fics estan protegits pels drets de propietat intel\u00b7lectual i industrial.<\/p>\n\n\n\n<p><br><strong>Enlla\u00e7os<\/strong><\/p>\n\n\n\n<p>El lloc Web pot albergar enlla\u00e7os o links que derivin a altres llocs Web gestionats per tercers. ABD declina qualsevol responsabilitat respecte a la informaci\u00f3 que es trobi fora de la nostra Web, ja que la funci\u00f3 dels links que apareixen \u00e9s \u00fanicament la d\u2019informar sobre l\u2019exist\u00e8ncia d\u2019altres fonts d\u2019informaci\u00f3. El titular queda exonerat de tota responsabilitat pel correcte funcionament dels enlla\u00e7os o links, del resultat obtingut a trav\u00e9s d\u2019aquests, de la veracitat i licitud del contingut o informaci\u00f3 a la qual pot accedir, aix\u00ed com dels perjudicis que puguis patir en la informaci\u00f3 trobada o descarregada del Web enlla\u00e7at.<\/p>\n\n\n\n<p><br><strong>Modificacions de les presents.<\/strong><\/p>\n\n\n\n<p>ABD es reserva el dret a modificar, desenvolupar o actualitzar en qualsevol moment i sense pr\u00e8via notificaci\u00f3 les presents. Com a Usuari, quedes obligat per les Condicions que estiguin vigents en el moment en qu\u00e8 hi accedeixis. Et recomanem que llegeixis peri\u00f2dicament les Condicions que es troben a l\u2019enlla\u00e7 AV\u00cdS LEGAL per disposar de la versi\u00f3 actualitzada.<\/p>\n\n\n\n<p><br><strong>Legislaci\u00f3 aplicable i compet\u00e8ncia jurisdiccional<\/strong><\/p>\n\n\n\n<p>Totes les controv\u00e8rsies o reclamacions sorgides de la interpretaci\u00f3 o execuci\u00f3 de les presents Condicions es regiran per la legislaci\u00f3 espanyola i se sotmetran a la jurisdicci\u00f3 dels Jutjats i Tribunals de Barcelona.<\/p>\n\n\n\n<p><br><strong>L\u2019\u00faltima actualitzaci\u00f3 \u00e9s de juny de 2023.<\/strong><\/p>\n","protected":false},"excerpt":{"rendered":"<p>Benvingut\/a la Web titularitat d\u2019 ASSOCIACI\u00d3 BENESTAR I DESENVOLUPAMENT (en endavant ABD). La navegaci\u00f3 per aquest lloc Web t\u2019atribueix la condici\u00f3 d\u2019USUARI i suposa que acceptes plenament totes i cadascuna&hellip;<\/p>\n","protected":false},"author":1,"featured_media":0,"parent":0,"menu_order":0,"comment_status":"closed","ping_status":"closed","template":"views\/template-legal.blade.php","meta":{"_acf_changed":false,"footnotes":""},"class_list":["post-14822","page","type-page","status-publish","hentry"],"acf":[],"yoast_head":"<!-- This site is optimized with the Yoast SEO plugin v27.3 - https:\/\/yoast.com\/product\/yoast-seo-wordpress\/ -->\n<title>Av\u00eds legal - ABD<\/title>\n<meta name=\"description\" content=\"Benvingut\/a la Web titularitat d\u2019 ASSOCIACI\u00d3 BENESTAR I DESENVOLUPAMENT (en endavant ABD). La navegaci\u00f3 per aquest lloc Web t\u2019atribueix la condici\u00f3\" \/>\n<meta name=\"robots\" content=\"index, follow, max-snippet:-1, max-image-preview:large, max-video-preview:-1\" \/>\n<link rel=\"canonical\" href=\"https:\/\/abd.ong\/ca\/avis-legal\/\" \/>\n<meta property=\"og:locale\" content=\"ca_ES\" \/>\n<meta property=\"og:type\" content=\"article\" \/>\n<meta property=\"og:title\" content=\"Av\u00eds legal - ABD\" \/>\n<meta property=\"og:description\" content=\"Benvingut\/a la Web titularitat d\u2019 ASSOCIACI\u00d3 BENESTAR I DESENVOLUPAMENT (en endavant ABD). La navegaci\u00f3 per aquest lloc Web t\u2019atribueix la condici\u00f3\" \/>\n<meta property=\"og:url\" content=\"https:\/\/abd.ong\/ca\/avis-legal\/\" \/>\n<meta property=\"og:site_name\" content=\"ABD\" \/>\n<meta property=\"article:publisher\" content=\"https:\/\/www.facebook.com\/abd.ong\" \/>\n<meta property=\"article:modified_time\" content=\"2024-02-20T10:54:07+00:00\" \/>\n<meta property=\"og:image\" content=\"https:\/\/abd.ong\/wp-content\/uploads\/2023\/01\/ABDLEMA_Hor_Esp-1.png\" \/>\n\t<meta property=\"og:image:width\" content=\"471\" \/>\n\t<meta property=\"og:image:height\" content=\"94\" \/>\n\t<meta property=\"og:image:type\" content=\"image\/png\" \/>\n<meta name=\"twitter:card\" content=\"summary_large_image\" \/>\n<meta name=\"twitter:site\" content=\"@abd_ong\" \/>\n<meta name=\"twitter:label1\" content=\"Temps estimat de lectura\" \/>\n\t<meta name=\"twitter:data1\" content=\"3 minuts\" \/>\n<script type=\"application\/ld+json\" class=\"yoast-schema-graph\">{\"@context\":\"https:\\\/\\\/schema.org\",\"@graph\":[{\"@type\":\"WebPage\",\"@id\":\"https:\\\/\\\/abd.ong\\\/ca\\\/avis-legal\\\/\",\"url\":\"https:\\\/\\\/abd.ong\\\/ca\\\/avis-legal\\\/\",\"name\":\"Av\u00eds legal - ABD\",\"isPartOf\":{\"@id\":\"https:\\\/\\\/abd.ong\\\/ca\\\/#website\"},\"datePublished\":\"2020-05-05T10:40:30+00:00\",\"dateModified\":\"2024-02-20T10:54:07+00:00\",\"description\":\"Benvingut\\\/a la Web titularitat d\u2019 ASSOCIACI\u00d3 BENESTAR I DESENVOLUPAMENT (en endavant ABD). La navegaci\u00f3 per aquest lloc Web t\u2019atribueix la condici\u00f3\",\"breadcrumb\":{\"@id\":\"https:\\\/\\\/abd.ong\\\/ca\\\/avis-legal\\\/#breadcrumb\"},\"inLanguage\":\"ca\",\"potentialAction\":[{\"@type\":\"ReadAction\",\"target\":[\"https:\\\/\\\/abd.ong\\\/ca\\\/avis-legal\\\/\"]}]},{\"@type\":\"BreadcrumbList\",\"@id\":\"https:\\\/\\\/abd.ong\\\/ca\\\/avis-legal\\\/#breadcrumb\",\"itemListElement\":[{\"@type\":\"ListItem\",\"position\":1,\"name\":\"Inici\",\"item\":\"https:\\\/\\\/abd.ong\\\/ca\\\/\"},{\"@type\":\"ListItem\",\"position\":2,\"name\":\"Av\u00eds legal\"}]},{\"@type\":\"WebSite\",\"@id\":\"https:\\\/\\\/abd.ong\\\/ca\\\/#website\",\"url\":\"https:\\\/\\\/abd.ong\\\/ca\\\/\",\"name\":\"ABD\",\"description\":\"Asociaci\u00f3n Bienestar y Desarrollo\",\"publisher\":{\"@id\":\"https:\\\/\\\/abd.ong\\\/ca\\\/#organization\"},\"potentialAction\":[{\"@type\":\"SearchAction\",\"target\":{\"@type\":\"EntryPoint\",\"urlTemplate\":\"https:\\\/\\\/abd.ong\\\/ca\\\/?s={search_term_string}\"},\"query-input\":{\"@type\":\"PropertyValueSpecification\",\"valueRequired\":true,\"valueName\":\"search_term_string\"}}],\"inLanguage\":\"ca\"},{\"@type\":\"Organization\",\"@id\":\"https:\\\/\\\/abd.ong\\\/ca\\\/#organization\",\"name\":\"Associaci\u00f3 Benestar i Desenvolupament\",\"alternateName\":\"ABD\",\"url\":\"https:\\\/\\\/abd.ong\\\/ca\\\/\",\"logo\":{\"@type\":\"ImageObject\",\"inLanguage\":\"ca\",\"@id\":\"https:\\\/\\\/abd.ong\\\/ca\\\/#\\\/schema\\\/logo\\\/image\\\/\",\"url\":\"https:\\\/\\\/abd.ong\\\/wp-content\\\/uploads\\\/2023\\\/01\\\/Icona.png\",\"contentUrl\":\"https:\\\/\\\/abd.ong\\\/wp-content\\\/uploads\\\/2023\\\/01\\\/Icona.png\",\"width\":190,\"height\":187,\"caption\":\"Associaci\u00f3 Benestar i Desenvolupament\"},\"image\":{\"@id\":\"https:\\\/\\\/abd.ong\\\/ca\\\/#\\\/schema\\\/logo\\\/image\\\/\"},\"sameAs\":[\"https:\\\/\\\/www.facebook.com\\\/abd.ong\",\"https:\\\/\\\/x.com\\\/abd_ong\",\"https:\\\/\\\/www.instagram.com\\\/abd_ong\\\/\",\"https:\\\/\\\/www.linkedin.com\\\/company\\\/abdong\",\"https:\\\/\\\/www.youtube.com\\\/user\\\/CANALABD\"]}]}<\/script>\n<!-- \/ Yoast SEO plugin. -->","yoast_head_json":{"title":"Av\u00eds legal - ABD","description":"Benvingut\/a la Web titularitat d\u2019 ASSOCIACI\u00d3 BENESTAR I DESENVOLUPAMENT (en endavant ABD). La navegaci\u00f3 per aquest lloc Web t\u2019atribueix la condici\u00f3","robots":{"index":"index","follow":"follow","max-snippet":"max-snippet:-1","max-image-preview":"max-image-preview:large","max-video-preview":"max-video-preview:-1"},"canonical":"https:\/\/abd.ong\/ca\/avis-legal\/","og_locale":"ca_ES","og_type":"article","og_title":"Av\u00eds legal - ABD","og_description":"Benvingut\/a la Web titularitat d\u2019 ASSOCIACI\u00d3 BENESTAR I DESENVOLUPAMENT (en endavant ABD). La navegaci\u00f3 per aquest lloc Web t\u2019atribueix la condici\u00f3","og_url":"https:\/\/abd.ong\/ca\/avis-legal\/","og_site_name":"ABD","article_publisher":"https:\/\/www.facebook.com\/abd.ong","article_modified_time":"2024-02-20T10:54:07+00:00","og_image":[{"width":471,"height":94,"url":"https:\/\/abd.ong\/wp-content\/uploads\/2023\/01\/ABDLEMA_Hor_Esp-1.png","type":"image\/png"}],"twitter_card":"summary_large_image","twitter_site":"@abd_ong","twitter_misc":{"Temps estimat de lectura":"3 minuts"},"schema":{"@context":"https:\/\/schema.org","@graph":[{"@type":"WebPage","@id":"https:\/\/abd.ong\/ca\/avis-legal\/","url":"https:\/\/abd.ong\/ca\/avis-legal\/","name":"Av\u00eds legal - ABD","isPartOf":{"@id":"https:\/\/abd.ong\/ca\/#website"},"datePublished":"2020-05-05T10:40:30+00:00","dateModified":"2024-02-20T10:54:07+00:00","description":"Benvingut\/a la Web titularitat d\u2019 ASSOCIACI\u00d3 BENESTAR I DESENVOLUPAMENT (en endavant ABD). La navegaci\u00f3 per aquest lloc Web t\u2019atribueix la condici\u00f3","breadcrumb":{"@id":"https:\/\/abd.ong\/ca\/avis-legal\/#breadcrumb"},"inLanguage":"ca","potentialAction":[{"@type":"ReadAction","target":["https:\/\/abd.ong\/ca\/avis-legal\/"]}]},{"@type":"BreadcrumbList","@id":"https:\/\/abd.ong\/ca\/avis-legal\/#breadcrumb","itemListElement":[{"@type":"ListItem","position":1,"name":"Inici","item":"https:\/\/abd.ong\/ca\/"},{"@type":"ListItem","position":2,"name":"Av\u00eds legal"}]},{"@type":"WebSite","@id":"https:\/\/abd.ong\/ca\/#website","url":"https:\/\/abd.ong\/ca\/","name":"ABD","description":"Asociaci\u00f3n Bienestar y Desarrollo","publisher":{"@id":"https:\/\/abd.ong\/ca\/#organization"},"potentialAction":[{"@type":"SearchAction","target":{"@type":"EntryPoint","urlTemplate":"https:\/\/abd.ong\/ca\/?s={search_term_string}"},"query-input":{"@type":"PropertyValueSpecification","valueRequired":true,"valueName":"search_term_string"}}],"inLanguage":"ca"},{"@type":"Organization","@id":"https:\/\/abd.ong\/ca\/#organization","name":"Associaci\u00f3 Benestar i Desenvolupament","alternateName":"ABD","url":"https:\/\/abd.ong\/ca\/","logo":{"@type":"ImageObject","inLanguage":"ca","@id":"https:\/\/abd.ong\/ca\/#\/schema\/logo\/image\/","url":"https:\/\/abd.ong\/wp-content\/uploads\/2023\/01\/Icona.png","contentUrl":"https:\/\/abd.ong\/wp-content\/uploads\/2023\/01\/Icona.png","width":190,"height":187,"caption":"Associaci\u00f3 Benestar i Desenvolupament"},"image":{"@id":"https:\/\/abd.ong\/ca\/#\/schema\/logo\/image\/"},"sameAs":["https:\/\/www.facebook.com\/abd.ong","https:\/\/x.com\/abd_ong","https:\/\/www.instagram.com\/abd_ong\/","https:\/\/www.linkedin.com\/company\/abdong","https:\/\/www.youtube.com\/user\/CANALABD"]}]}},"_links":{"self":[{"href":"https:\/\/abd.ong\/ca\/wp-json\/wp\/v2\/pages\/14822","targetHints":{"allow":["GET"]}}],"collection":[{"href":"https:\/\/abd.ong\/ca\/wp-json\/wp\/v2\/pages"}],"about":[{"href":"https:\/\/abd.ong\/ca\/wp-json\/wp\/v2\/types\/page"}],"author":[{"embeddable":true,"href":"https:\/\/abd.ong\/ca\/wp-json\/wp\/v2\/users\/1"}],"replies":[{"embeddable":true,"href":"https:\/\/abd.ong\/ca\/wp-json\/wp\/v2\/comments?post=14822"}],"version-history":[{"count":3,"href":"https:\/\/abd.ong\/ca\/wp-json\/wp\/v2\/pages\/14822\/revisions"}],"predecessor-version":[{"id":157964,"href":"https:\/\/abd.ong\/ca\/wp-json\/wp\/v2\/pages\/14822\/revisions\/157964"}],"wp:attachment":[{"href":"https:\/\/abd.ong\/ca\/wp-json\/wp\/v2\/media?parent=14822"}],"curies":[{"name":"wp","href":"https:\/\/api.w.org\/{rel}","templated":true}]}}