{"id":12231,"date":"2020-01-09T17:58:37","date_gmt":"2020-01-09T16:58:37","guid":{"rendered":"https:\/\/abd.ong\/causes\/desigualtat\/"},"modified":"2020-01-23T18:38:40","modified_gmt":"2020-01-23T17:38:40","slug":"desigualtat","status":"publish","type":"page","link":"https:\/\/abd.ong\/ca\/causes\/desigualtat\/","title":{"rendered":"Desigualtat"},"content":{"rendered":"\t\t<div data-elementor-type=\"wp-page\" data-elementor-id=\"12231\" class=\"elementor elementor-12231 elementor-2933\" data-elementor-post-type=\"page\">\n\t\t\t\t\t\t<section class=\"elementor-section elementor-top-section elementor-element elementor-element-21133e74 elementor-section-content-middle elementor-reverse-mobile elementor-section-height-full elementor-section-boxed elementor-section-height-default elementor-section-items-middle\" data-id=\"21133e74\" data-element_type=\"section\" data-e-type=\"section\" data-settings=\"{&quot;background_background&quot;:&quot;classic&quot;}\">\n\t\t\t\t\t\t<div class=\"elementor-container elementor-column-gap-default\">\n\t\t\t\t\t<div class=\"elementor-column elementor-col-50 elementor-top-column elementor-element elementor-element-4dca2863\" data-id=\"4dca2863\" data-element_type=\"column\" data-e-type=\"column\">\n\t\t\t<div class=\"elementor-widget-wrap elementor-element-populated\">\n\t\t\t\t\t\t<div class=\"elementor-element elementor-element-78646276 elementor-widget elementor-widget-heading\" data-id=\"78646276\" data-element_type=\"widget\" data-e-type=\"widget\" data-widget_type=\"heading.default\">\n\t\t\t\t<div class=\"elementor-widget-container\">\n\t\t\t\t\t<h1 class=\"elementor-heading-title elementor-size-default\">Desigualtat<\/h1>\t\t\t\t<\/div>\n\t\t\t\t<\/div>\n\t\t\t\t<div class=\"elementor-element elementor-element-56f97fab elementor-widget elementor-widget-text-editor\" data-id=\"56f97fab\" data-element_type=\"widget\" data-e-type=\"widget\" data-widget_type=\"text-editor.default\">\n\t\t\t\t<div class=\"elementor-widget-container\">\n\t\t\t\t\t\t\t\t\t<p><strong>A Europa, el risc de pobresa i d\u2019exclusi\u00f3 social afecta a 122 milions de persones<\/strong>. Encara que les fam\u00edlies i els amics han fet, en gran part, d\u2019amortidor social de l\u2019atur, especialment als pa\u00efsos del sud, hi ha moltes persones que no tenen xarxa de suport i es veuen abocades a viure als marges de la societat, arrossegant problemes d\u2019acc\u00e9s a b\u00e9ns de primera necessitat o a un habitatge digne, entre d\u2019altres. Aquest fet, juntament amb la influ\u00e8ncia, cada cop menor, del treball com a mecanisme d&#8217;inclusi\u00f3 social (augment de la temporalitat, sous insuficients&#8230;) dibuixa un mapa perfecte perqu\u00e8 les desigualtats segueixin augmentant i l\u2019espiral de la pobresa es perpetu\u00ef.<\/p>\n\t\t\t\t\t\t\t\t<\/div>\n\t\t\t\t<\/div>\n\t\t\t\t<div class=\"elementor-element elementor-element-60610591 elementor-widget elementor-widget-Links Causa\" data-id=\"60610591\" data-element_type=\"widget\" data-e-type=\"widget\" data-widget_type=\"Links Causa.default\">\n\t\t\t\t<div class=\"elementor-widget-container\">\n\t\t\t\t\t\t\n\t  <nav class=\"ancores-programa\">\n\t    <div class=\"d-flex flex-row\">\n\t\t\t  <a href=\"#programas-propios\" class=\"btn-ancora btn-degradat scroll\">Veure programes<\/a>\n\t\t\t  <!--a href=\"#servicios-publicos\" class=\"btn-ancora btn-degradat ml-2 scroll\">Serveis p\u00fablics<\/a-->\n\t\t\t  <a href=\"#blog\" class=\"btn-ancora btn-ancora-negre ml-2 scroll\">Veure not\u00edcies<\/a>\n\t\t\t<\/div>  \n\t\t<\/nav>\n\n\t\t\t\t\t<\/div>\n\t\t\t\t<\/div>\n\t\t\t\t\t<\/div>\n\t\t<\/div>\n\t\t\t\t<div class=\"elementor-column elementor-col-50 elementor-top-column elementor-element elementor-element-5b83ebfb full-h\" data-id=\"5b83ebfb\" data-element_type=\"column\" data-e-type=\"column\">\n\t\t\t<div class=\"elementor-widget-wrap\">\n\t\t\t\t\t\t\t<\/div>\n\t\t<\/div>\n\t\t\t\t\t<\/div>\n\t\t<\/section>\n\t\t\t\t<section class=\"elementor-section elementor-top-section elementor-element elementor-element-587f29b8 elementor-section-boxed elementor-section-height-default elementor-section-height-default\" data-id=\"587f29b8\" data-element_type=\"section\" data-e-type=\"section\">\n\t\t\t\t\t\t<div class=\"elementor-container elementor-column-gap-default\">\n\t\t\t\t\t<div class=\"elementor-column elementor-col-16 elementor-top-column elementor-element elementor-element-69f52fe0\" data-id=\"69f52fe0\" data-element_type=\"column\" data-e-type=\"column\">\n\t\t\t<div class=\"elementor-widget-wrap\">\n\t\t\t\t\t\t\t<\/div>\n\t\t<\/div>\n\t\t\t\t<div class=\"elementor-column elementor-col-66 elementor-top-column elementor-element elementor-element-2c1d22bc\" data-id=\"2c1d22bc\" data-element_type=\"column\" data-e-type=\"column\">\n\t\t\t<div class=\"elementor-widget-wrap elementor-element-populated\">\n\t\t\t\t\t\t<div class=\"elementor-element elementor-element-74b8964c elementor-widget elementor-widget-heading\" data-id=\"74b8964c\" data-element_type=\"widget\" data-e-type=\"widget\" data-widget_type=\"heading.default\">\n\t\t\t\t<div class=\"elementor-widget-container\">\n\t\t\t\t\t<h2 class=\"elementor-heading-title elementor-size-default\">La nostra resposta<\/h2>\t\t\t\t<\/div>\n\t\t\t\t<\/div>\n\t\t\t\t<div class=\"elementor-element elementor-element-4b15b056 elementor-widget elementor-widget-text-editor\" data-id=\"4b15b056\" data-element_type=\"widget\" data-e-type=\"widget\" data-widget_type=\"text-editor.default\">\n\t\t\t\t<div class=\"elementor-widget-container\">\n\t\t\t\t\t\t\t\t\t<p><em>La desigualtat \u00e9s multidimensional, la nostra resposta tamb\u00e9 ho \u00e9s. Actuem des de la defensa dels drets de les persones.<\/em><\/p>\n\t\t\t\t\t\t\t\t<\/div>\n\t\t\t\t<\/div>\n\t\t\t\t\t<\/div>\n\t\t<\/div>\n\t\t\t\t<div class=\"elementor-column elementor-col-16 elementor-top-column elementor-element elementor-element-4a9158ee\" data-id=\"4a9158ee\" data-element_type=\"column\" data-e-type=\"column\">\n\t\t\t<div class=\"elementor-widget-wrap\">\n\t\t\t\t\t\t\t<\/div>\n\t\t<\/div>\n\t\t\t\t\t<\/div>\n\t\t<\/section>\n\t\t\t\t<section class=\"elementor-section elementor-top-section elementor-element elementor-element-34bb185 elementor-section-boxed elementor-section-height-default elementor-section-height-default\" data-id=\"34bb185\" data-element_type=\"section\" data-e-type=\"section\">\n\t\t\t\t\t\t<div class=\"elementor-container elementor-column-gap-default\">\n\t\t\t\t\t<div class=\"elementor-column elementor-col-25 elementor-top-column elementor-element elementor-element-6b1fc5d8\" data-id=\"6b1fc5d8\" data-element_type=\"column\" data-e-type=\"column\">\n\t\t\t<div class=\"elementor-widget-wrap elementor-element-populated\">\n\t\t\t\t\t\t<div class=\"elementor-element elementor-element-4d036773 elementor-widget elementor-widget-heading\" data-id=\"4d036773\" data-element_type=\"widget\" data-e-type=\"widget\" data-widget_type=\"heading.default\">\n\t\t\t\t<div class=\"elementor-widget-container\">\n\t\t\t\t\t<h4 class=\"elementor-heading-title elementor-size-default\">Dret d\u2019acc\u00e9s als b\u00e9ns b\u00e0sics<\/h4>\t\t\t\t<\/div>\n\t\t\t\t<\/div>\n\t\t\t\t<div class=\"elementor-element elementor-element-fa557ac elementor-widget elementor-widget-text-editor\" data-id=\"fa557ac\" data-element_type=\"widget\" data-e-type=\"widget\" data-widget_type=\"text-editor.default\">\n\t\t\t\t<div class=\"elementor-widget-container\">\n\t\t\t\t\t\t\t\t\t<p>Facilitem menjar i roba. Tramitem ajudes socials. Prevenim la pobresa energ\u00e8tica.<\/p>\n\t\t\t\t\t\t\t\t<\/div>\n\t\t\t\t<\/div>\n\t\t\t\t\t<\/div>\n\t\t<\/div>\n\t\t\t\t<div class=\"elementor-column elementor-col-25 elementor-top-column elementor-element elementor-element-4f200d8f\" data-id=\"4f200d8f\" data-element_type=\"column\" data-e-type=\"column\">\n\t\t\t<div class=\"elementor-widget-wrap elementor-element-populated\">\n\t\t\t\t\t\t<div class=\"elementor-element elementor-element-45b49ed elementor-widget elementor-widget-heading\" data-id=\"45b49ed\" data-element_type=\"widget\" data-e-type=\"widget\" data-widget_type=\"heading.default\">\n\t\t\t\t<div class=\"elementor-widget-container\">\n\t\t\t\t\t<h4 class=\"elementor-heading-title elementor-size-default\">Dret a l\u2019habitatge<\/h4>\t\t\t\t<\/div>\n\t\t\t\t<\/div>\n\t\t\t\t<div class=\"elementor-element elementor-element-3b74959c elementor-widget elementor-widget-text-editor\" data-id=\"3b74959c\" data-element_type=\"widget\" data-e-type=\"widget\" data-widget_type=\"text-editor.default\">\n\t\t\t\t<div class=\"elementor-widget-container\">\n\t\t\t\t\t\t\t\t\t<p>Habitatges socials per a fam\u00edlies desnonades o en precarietat. Gestionem ajudes pel lloguer i pel pagament de subministres. Donem recolzament psicol\u00f2gic, legal i educatiu.<\/p>\n\t\t\t\t\t\t\t\t<\/div>\n\t\t\t\t<\/div>\n\t\t\t\t\t<\/div>\n\t\t<\/div>\n\t\t\t\t<div class=\"elementor-column elementor-col-25 elementor-top-column elementor-element elementor-element-722ad4ac\" data-id=\"722ad4ac\" data-element_type=\"column\" data-e-type=\"column\">\n\t\t\t<div class=\"elementor-widget-wrap elementor-element-populated\">\n\t\t\t\t\t\t<div class=\"elementor-element elementor-element-75897f9c elementor-widget elementor-widget-heading\" data-id=\"75897f9c\" data-element_type=\"widget\" data-e-type=\"widget\" data-widget_type=\"heading.default\">\n\t\t\t\t<div class=\"elementor-widget-container\">\n\t\t\t\t\t<h4 class=\"elementor-heading-title elementor-size-default\">Dret al treball<\/h4>\t\t\t\t<\/div>\n\t\t\t\t<\/div>\n\t\t\t\t<div class=\"elementor-element elementor-element-ae480f6 elementor-widget elementor-widget-text-editor\" data-id=\"ae480f6\" data-element_type=\"widget\" data-e-type=\"widget\" data-widget_type=\"text-editor.default\">\n\t\t\t\t<div class=\"elementor-widget-container\">\n\t\t\t\t\t\t\t\t\t<p>Capacitem, formem i elaborem plans d&#8217;inserci\u00f3 sociolaboral. Gestionem ofertes de treball. Treballem comunit\u00e0riament la inserci\u00f3 laboral.<\/p>\n\t\t\t\t\t\t\t\t<\/div>\n\t\t\t\t<\/div>\n\t\t\t\t\t<\/div>\n\t\t<\/div>\n\t\t\t\t<div class=\"elementor-column elementor-col-25 elementor-top-column elementor-element elementor-element-18dcaa00\" data-id=\"18dcaa00\" data-element_type=\"column\" data-e-type=\"column\">\n\t\t\t<div class=\"elementor-widget-wrap elementor-element-populated\">\n\t\t\t\t\t\t<div class=\"elementor-element elementor-element-1e62faaf elementor-widget elementor-widget-heading\" data-id=\"1e62faaf\" data-element_type=\"widget\" data-e-type=\"widget\" data-widget_type=\"heading.default\">\n\t\t\t\t<div class=\"elementor-widget-container\">\n\t\t\t\t\t<h4 class=\"elementor-heading-title elementor-size-default\">Dret a la ciutadania<\/h4>\t\t\t\t<\/div>\n\t\t\t\t<\/div>\n\t\t\t\t<div class=\"elementor-element elementor-element-31f37756 elementor-widget elementor-widget-text-editor\" data-id=\"31f37756\" data-element_type=\"widget\" data-e-type=\"widget\" data-widget_type=\"text-editor.default\">\n\t\t\t\t<div class=\"elementor-widget-container\">\n\t\t\t\t\t\t\t\t\t<p>Acollim i acompanyem a persones migrades. Afavorim la conviv\u00e8ncia en la diversitat i el respecte a les minories. Dinamitzem i facilitem l\u2019apoderament comunitari.<\/p>\n\t\t\t\t\t\t\t\t<\/div>\n\t\t\t\t<\/div>\n\t\t\t\t\t<\/div>\n\t\t<\/div>\n\t\t\t\t\t<\/div>\n\t\t<\/section>\n\t\t\t\t<section class=\"elementor-section elementor-top-section elementor-element elementor-element-653f7f5c elementor-section-boxed elementor-section-height-default elementor-section-height-default\" data-id=\"653f7f5c\" data-element_type=\"section\" data-e-type=\"section\" data-settings=\"{&quot;background_background&quot;:&quot;classic&quot;}\">\n\t\t\t\t\t\t<div class=\"elementor-container elementor-column-gap-default\">\n\t\t\t\t\t<div class=\"elementor-column elementor-col-66 elementor-top-column elementor-element elementor-element-1845e3d7\" data-id=\"1845e3d7\" data-element_type=\"column\" data-e-type=\"column\">\n\t\t\t<div class=\"elementor-widget-wrap\">\n\t\t\t\t\t\t\t<\/div>\n\t\t<\/div>\n\t\t\t\t<div class=\"elementor-column elementor-col-33 elementor-top-column elementor-element elementor-element-61071533\" data-id=\"61071533\" data-element_type=\"column\" data-e-type=\"column\">\n\t\t\t<div class=\"elementor-widget-wrap elementor-element-populated\">\n\t\t\t\t\t\t<div class=\"elementor-element elementor-element-10cbe0e4 elementor-widget elementor-widget-text-editor\" data-id=\"10cbe0e4\" data-element_type=\"widget\" data-e-type=\"widget\" data-widget_type=\"text-editor.default\">\n\t\t\t\t<div class=\"elementor-widget-container\">\n\t\t\t\t\t\t\t\t\t<p><em>&#8220;Abans de la crisi creia que em menjava el m\u00f3n per\u00f2 no va ser aix\u00ed, em vaig quedar sense feina i fa anys que estic a l\u2019atur i gaireb\u00e9 no surto de casa. Ara em sento part del barri, em sento \u00fatil\u201d.<\/em><\/p>\n\t\t\t\t\t\t\t\t<\/div>\n\t\t\t\t<\/div>\n\t\t\t\t<div class=\"elementor-element elementor-element-614208d8 elementor-widget elementor-widget-text-editor\" data-id=\"614208d8\" data-element_type=\"widget\" data-e-type=\"widget\" data-widget_type=\"text-editor.default\">\n\t\t\t\t<div class=\"elementor-widget-container\">\n\t\t\t\t\t\t\t\t\t<p><strong>Jos\u00e9<\/strong><br \/>\n58 anys<\/p>\n\t\t\t\t\t\t\t\t<\/div>\n\t\t\t\t<\/div>\n\t\t\t\t\t<\/div>\n\t\t<\/div>\n\t\t\t\t\t<\/div>\n\t\t<\/section>\n\t\t\t\t<section class=\"elementor-section elementor-top-section elementor-element elementor-element-8a8ed7b elementor-section-boxed elementor-section-height-default elementor-section-height-default\" data-id=\"8a8ed7b\" data-element_type=\"section\" data-e-type=\"section\" data-settings=\"{&quot;background_background&quot;:&quot;classic&quot;}\">\n\t\t\t\t\t\t<div class=\"elementor-container elementor-column-gap-default\">\n\t\t\t\t\t<div class=\"elementor-column elementor-col-33 elementor-top-column elementor-element elementor-element-ceb6bd1\" data-id=\"ceb6bd1\" data-element_type=\"column\" data-e-type=\"column\">\n\t\t\t<div class=\"elementor-widget-wrap elementor-element-populated\">\n\t\t\t\t\t\t<div class=\"elementor-element elementor-element-2f98ed4 elementor-widget elementor-widget-text-editor\" data-id=\"2f98ed4\" data-element_type=\"widget\" data-e-type=\"widget\" data-widget_type=\"text-editor.default\">\n\t\t\t\t<div class=\"elementor-widget-container\">\n\t\t\t\t\t\t\t\t\t<p><em> \u201cLes coses van comen\u00e7ar a anar malament a casa, no pod\u00edem pagar els rebuts i ens van acabar desnonant. Per fi hem recuperat l\u2019esperan\u00e7a\u201d.<\/em><\/p>\n\t\t\t\t\t\t\t\t<\/div>\n\t\t\t\t<\/div>\n\t\t\t\t<div class=\"elementor-element elementor-element-f228c73 elementor-widget elementor-widget-text-editor\" data-id=\"f228c73\" data-element_type=\"widget\" data-e-type=\"widget\" data-widget_type=\"text-editor.default\">\n\t\t\t\t<div class=\"elementor-widget-container\">\n\t\t\t\t\t\t\t\t\t<p><strong>Yolanda<\/strong><br \/>\n68 anys<\/p>\n\t\t\t\t\t\t\t\t<\/div>\n\t\t\t\t<\/div>\n\t\t\t\t\t<\/div>\n\t\t<\/div>\n\t\t\t\t<div class=\"elementor-column elementor-col-66 elementor-top-column elementor-element elementor-element-41870c0\" data-id=\"41870c0\" data-element_type=\"column\" data-e-type=\"column\">\n\t\t\t<div class=\"elementor-widget-wrap\">\n\t\t\t\t\t\t\t<\/div>\n\t\t<\/div>\n\t\t\t\t\t<\/div>\n\t\t<\/section>\n\t\t\t\t<\/div>\n\t\t","protected":false},"excerpt":{"rendered":"<p>Desigualtat A Europa, el risc de pobresa i d\u2019exclusi\u00f3 social afecta a 122 milions de persones. Encara que les fam\u00edlies i els amics han fet, en gran part, d\u2019amortidor social&hellip;<\/p>\n","protected":false},"author":1,"featured_media":10527,"parent":11955,"menu_order":0,"comment_status":"closed","ping_status":"closed","template":"views\/template-causa.blade.php","meta":{"_acf_changed":false,"footnotes":""},"class_list":["post-12231","page","type-page","status-publish","has-post-thumbnail","hentry"],"acf":[],"yoast_head":"<!-- This site is optimized with the Yoast SEO plugin v27.3 - https:\/\/yoast.com\/product\/yoast-seo-wordpress\/ -->\n<title>Desigualtat - ABD<\/title>\n<meta name=\"description\" content=\"Desigualtat A Europa, el risc de pobresa i d\u2019exclusi\u00f3 social afecta a 122 milions de persones. Encara que les fam\u00edlies i els amics han fet, en gran part,\" \/>\n<meta name=\"robots\" content=\"index, follow, max-snippet:-1, max-image-preview:large, max-video-preview:-1\" \/>\n<link rel=\"canonical\" href=\"https:\/\/abd.ong\/ca\/causes\/desigualtat\/\" \/>\n<meta property=\"og:locale\" content=\"ca_ES\" \/>\n<meta property=\"og:type\" content=\"article\" \/>\n<meta property=\"og:title\" content=\"Desigualtat - ABD\" \/>\n<meta property=\"og:description\" content=\"Desigualtat A Europa, el risc de pobresa i d\u2019exclusi\u00f3 social afecta a 122 milions de persones. Encara que les fam\u00edlies i els amics han fet, en gran part,\" \/>\n<meta property=\"og:url\" content=\"https:\/\/abd.ong\/ca\/causes\/desigualtat\/\" \/>\n<meta property=\"og:site_name\" content=\"ABD\" \/>\n<meta property=\"article:publisher\" content=\"https:\/\/www.facebook.com\/abd.ong\" \/>\n<meta property=\"article:modified_time\" content=\"2020-01-23T17:38:40+00:00\" \/>\n<meta property=\"og:image\" content=\"https:\/\/abd.ong\/wp-content\/uploads\/2023\/01\/ABDLEMA_Hor_Esp-1.png\" \/>\n\t<meta property=\"og:image:width\" content=\"471\" \/>\n\t<meta property=\"og:image:height\" content=\"94\" \/>\n\t<meta property=\"og:image:type\" content=\"image\/png\" \/>\n<meta name=\"twitter:card\" content=\"summary_large_image\" \/>\n<meta name=\"twitter:site\" content=\"@abd_ong\" \/>\n<meta name=\"twitter:label1\" content=\"Temps estimat de lectura\" \/>\n\t<meta name=\"twitter:data1\" content=\"2 minuts\" \/>\n<script type=\"application\/ld+json\" class=\"yoast-schema-graph\">{\"@context\":\"https:\\\/\\\/schema.org\",\"@graph\":[{\"@type\":\"WebPage\",\"@id\":\"https:\\\/\\\/abd.ong\\\/ca\\\/causes\\\/desigualtat\\\/\",\"url\":\"https:\\\/\\\/abd.ong\\\/ca\\\/causes\\\/desigualtat\\\/\",\"name\":\"Desigualtat - ABD\",\"isPartOf\":{\"@id\":\"https:\\\/\\\/abd.ong\\\/ca\\\/#website\"},\"primaryImageOfPage\":{\"@id\":\"https:\\\/\\\/abd.ong\\\/ca\\\/causes\\\/desigualtat\\\/#primaryimage\"},\"image\":{\"@id\":\"https:\\\/\\\/abd.ong\\\/ca\\\/causes\\\/desigualtat\\\/#primaryimage\"},\"thumbnailUrl\":\"https:\\\/\\\/abd.ong\\\/wp-content\\\/uploads\\\/2019\\\/11\\\/causa-desigualdad-solid.svg\",\"datePublished\":\"2020-01-09T16:58:37+00:00\",\"dateModified\":\"2020-01-23T17:38:40+00:00\",\"description\":\"Desigualtat A Europa, el risc de pobresa i d\u2019exclusi\u00f3 social afecta a 122 milions de persones. Encara que les fam\u00edlies i els amics han fet, en gran part,\",\"breadcrumb\":{\"@id\":\"https:\\\/\\\/abd.ong\\\/ca\\\/causes\\\/desigualtat\\\/#breadcrumb\"},\"inLanguage\":\"ca\",\"potentialAction\":[{\"@type\":\"ReadAction\",\"target\":[\"https:\\\/\\\/abd.ong\\\/ca\\\/causes\\\/desigualtat\\\/\"]}]},{\"@type\":\"ImageObject\",\"inLanguage\":\"ca\",\"@id\":\"https:\\\/\\\/abd.ong\\\/ca\\\/causes\\\/desigualtat\\\/#primaryimage\",\"url\":\"https:\\\/\\\/abd.ong\\\/wp-content\\\/uploads\\\/2019\\\/11\\\/causa-desigualdad-solid.svg\",\"contentUrl\":\"https:\\\/\\\/abd.ong\\\/wp-content\\\/uploads\\\/2019\\\/11\\\/causa-desigualdad-solid.svg\",\"width\":100,\"height\":100,\"caption\":\"causa-desigualdad\"},{\"@type\":\"BreadcrumbList\",\"@id\":\"https:\\\/\\\/abd.ong\\\/ca\\\/causes\\\/desigualtat\\\/#breadcrumb\",\"itemListElement\":[{\"@type\":\"ListItem\",\"position\":1,\"name\":\"Inici\",\"item\":\"https:\\\/\\\/abd.ong\\\/ca\\\/\"},{\"@type\":\"ListItem\",\"position\":2,\"name\":\"Causes\",\"item\":\"https:\\\/\\\/abd.ong\\\/ca\\\/causes\\\/\"},{\"@type\":\"ListItem\",\"position\":3,\"name\":\"Desigualtat\"}]},{\"@type\":\"WebSite\",\"@id\":\"https:\\\/\\\/abd.ong\\\/ca\\\/#website\",\"url\":\"https:\\\/\\\/abd.ong\\\/ca\\\/\",\"name\":\"ABD\",\"description\":\"Asociaci\u00f3n Bienestar y Desarrollo\",\"publisher\":{\"@id\":\"https:\\\/\\\/abd.ong\\\/ca\\\/#organization\"},\"potentialAction\":[{\"@type\":\"SearchAction\",\"target\":{\"@type\":\"EntryPoint\",\"urlTemplate\":\"https:\\\/\\\/abd.ong\\\/ca\\\/?s={search_term_string}\"},\"query-input\":{\"@type\":\"PropertyValueSpecification\",\"valueRequired\":true,\"valueName\":\"search_term_string\"}}],\"inLanguage\":\"ca\"},{\"@type\":\"Organization\",\"@id\":\"https:\\\/\\\/abd.ong\\\/ca\\\/#organization\",\"name\":\"Associaci\u00f3 Benestar i Desenvolupament\",\"alternateName\":\"ABD\",\"url\":\"https:\\\/\\\/abd.ong\\\/ca\\\/\",\"logo\":{\"@type\":\"ImageObject\",\"inLanguage\":\"ca\",\"@id\":\"https:\\\/\\\/abd.ong\\\/ca\\\/#\\\/schema\\\/logo\\\/image\\\/\",\"url\":\"https:\\\/\\\/abd.ong\\\/wp-content\\\/uploads\\\/2023\\\/01\\\/Icona.png\",\"contentUrl\":\"https:\\\/\\\/abd.ong\\\/wp-content\\\/uploads\\\/2023\\\/01\\\/Icona.png\",\"width\":190,\"height\":187,\"caption\":\"Associaci\u00f3 Benestar i Desenvolupament\"},\"image\":{\"@id\":\"https:\\\/\\\/abd.ong\\\/ca\\\/#\\\/schema\\\/logo\\\/image\\\/\"},\"sameAs\":[\"https:\\\/\\\/www.facebook.com\\\/abd.ong\",\"https:\\\/\\\/x.com\\\/abd_ong\",\"https:\\\/\\\/www.instagram.com\\\/abd_ong\\\/\",\"https:\\\/\\\/www.linkedin.com\\\/company\\\/abdong\",\"https:\\\/\\\/www.youtube.com\\\/user\\\/CANALABD\"]}]}<\/script>\n<!-- \/ Yoast SEO plugin. -->","yoast_head_json":{"title":"Desigualtat - ABD","description":"Desigualtat A Europa, el risc de pobresa i d\u2019exclusi\u00f3 social afecta a 122 milions de persones. Encara que les fam\u00edlies i els amics han fet, en gran part,","robots":{"index":"index","follow":"follow","max-snippet":"max-snippet:-1","max-image-preview":"max-image-preview:large","max-video-preview":"max-video-preview:-1"},"canonical":"https:\/\/abd.ong\/ca\/causes\/desigualtat\/","og_locale":"ca_ES","og_type":"article","og_title":"Desigualtat - ABD","og_description":"Desigualtat A Europa, el risc de pobresa i d\u2019exclusi\u00f3 social afecta a 122 milions de persones. Encara que les fam\u00edlies i els amics han fet, en gran part,","og_url":"https:\/\/abd.ong\/ca\/causes\/desigualtat\/","og_site_name":"ABD","article_publisher":"https:\/\/www.facebook.com\/abd.ong","article_modified_time":"2020-01-23T17:38:40+00:00","og_image":[{"width":471,"height":94,"url":"https:\/\/abd.ong\/wp-content\/uploads\/2023\/01\/ABDLEMA_Hor_Esp-1.png","type":"image\/png"}],"twitter_card":"summary_large_image","twitter_site":"@abd_ong","twitter_misc":{"Temps estimat de lectura":"2 minuts"},"schema":{"@context":"https:\/\/schema.org","@graph":[{"@type":"WebPage","@id":"https:\/\/abd.ong\/ca\/causes\/desigualtat\/","url":"https:\/\/abd.ong\/ca\/causes\/desigualtat\/","name":"Desigualtat - ABD","isPartOf":{"@id":"https:\/\/abd.ong\/ca\/#website"},"primaryImageOfPage":{"@id":"https:\/\/abd.ong\/ca\/causes\/desigualtat\/#primaryimage"},"image":{"@id":"https:\/\/abd.ong\/ca\/causes\/desigualtat\/#primaryimage"},"thumbnailUrl":"https:\/\/abd.ong\/wp-content\/uploads\/2019\/11\/causa-desigualdad-solid.svg","datePublished":"2020-01-09T16:58:37+00:00","dateModified":"2020-01-23T17:38:40+00:00","description":"Desigualtat A Europa, el risc de pobresa i d\u2019exclusi\u00f3 social afecta a 122 milions de persones. Encara que les fam\u00edlies i els amics han fet, en gran part,","breadcrumb":{"@id":"https:\/\/abd.ong\/ca\/causes\/desigualtat\/#breadcrumb"},"inLanguage":"ca","potentialAction":[{"@type":"ReadAction","target":["https:\/\/abd.ong\/ca\/causes\/desigualtat\/"]}]},{"@type":"ImageObject","inLanguage":"ca","@id":"https:\/\/abd.ong\/ca\/causes\/desigualtat\/#primaryimage","url":"https:\/\/abd.ong\/wp-content\/uploads\/2019\/11\/causa-desigualdad-solid.svg","contentUrl":"https:\/\/abd.ong\/wp-content\/uploads\/2019\/11\/causa-desigualdad-solid.svg","width":100,"height":100,"caption":"causa-desigualdad"},{"@type":"BreadcrumbList","@id":"https:\/\/abd.ong\/ca\/causes\/desigualtat\/#breadcrumb","itemListElement":[{"@type":"ListItem","position":1,"name":"Inici","item":"https:\/\/abd.ong\/ca\/"},{"@type":"ListItem","position":2,"name":"Causes","item":"https:\/\/abd.ong\/ca\/causes\/"},{"@type":"ListItem","position":3,"name":"Desigualtat"}]},{"@type":"WebSite","@id":"https:\/\/abd.ong\/ca\/#website","url":"https:\/\/abd.ong\/ca\/","name":"ABD","description":"Asociaci\u00f3n Bienestar y Desarrollo","publisher":{"@id":"https:\/\/abd.ong\/ca\/#organization"},"potentialAction":[{"@type":"SearchAction","target":{"@type":"EntryPoint","urlTemplate":"https:\/\/abd.ong\/ca\/?s={search_term_string}"},"query-input":{"@type":"PropertyValueSpecification","valueRequired":true,"valueName":"search_term_string"}}],"inLanguage":"ca"},{"@type":"Organization","@id":"https:\/\/abd.ong\/ca\/#organization","name":"Associaci\u00f3 Benestar i Desenvolupament","alternateName":"ABD","url":"https:\/\/abd.ong\/ca\/","logo":{"@type":"ImageObject","inLanguage":"ca","@id":"https:\/\/abd.ong\/ca\/#\/schema\/logo\/image\/","url":"https:\/\/abd.ong\/wp-content\/uploads\/2023\/01\/Icona.png","contentUrl":"https:\/\/abd.ong\/wp-content\/uploads\/2023\/01\/Icona.png","width":190,"height":187,"caption":"Associaci\u00f3 Benestar i Desenvolupament"},"image":{"@id":"https:\/\/abd.ong\/ca\/#\/schema\/logo\/image\/"},"sameAs":["https:\/\/www.facebook.com\/abd.ong","https:\/\/x.com\/abd_ong","https:\/\/www.instagram.com\/abd_ong\/","https:\/\/www.linkedin.com\/company\/abdong","https:\/\/www.youtube.com\/user\/CANALABD"]}]}},"_links":{"self":[{"href":"https:\/\/abd.ong\/ca\/wp-json\/wp\/v2\/pages\/12231","targetHints":{"allow":["GET"]}}],"collection":[{"href":"https:\/\/abd.ong\/ca\/wp-json\/wp\/v2\/pages"}],"about":[{"href":"https:\/\/abd.ong\/ca\/wp-json\/wp\/v2\/types\/page"}],"author":[{"embeddable":true,"href":"https:\/\/abd.ong\/ca\/wp-json\/wp\/v2\/users\/1"}],"replies":[{"embeddable":true,"href":"https:\/\/abd.ong\/ca\/wp-json\/wp\/v2\/comments?post=12231"}],"version-history":[{"count":3,"href":"https:\/\/abd.ong\/ca\/wp-json\/wp\/v2\/pages\/12231\/revisions"}],"predecessor-version":[{"id":12403,"href":"https:\/\/abd.ong\/ca\/wp-json\/wp\/v2\/pages\/12231\/revisions\/12403"}],"up":[{"embeddable":true,"href":"https:\/\/abd.ong\/ca\/wp-json\/wp\/v2\/pages\/11955"}],"wp:featuredmedia":[{"embeddable":true,"href":"https:\/\/abd.ong\/ca\/wp-json\/wp\/v2\/media\/10527"}],"wp:attachment":[{"href":"https:\/\/abd.ong\/ca\/wp-json\/wp\/v2\/media?parent=12231"}],"curies":[{"name":"wp","href":"https:\/\/api.w.org\/{rel}","templated":true}]}}