{"id":11949,"date":"2019-12-18T20:15:34","date_gmt":"2019-12-18T19:15:34","guid":{"rendered":"https:\/\/abd.ong\/igualtat-de-genere\/"},"modified":"2020-01-23T18:37:53","modified_gmt":"2020-01-23T17:37:53","slug":"igualtat-de-genere","status":"publish","type":"page","link":"https:\/\/abd.ong\/ca\/causes\/igualtat-de-genere\/","title":{"rendered":"Igualtat de g\u00e8nere"},"content":{"rendered":"\t\t<div data-elementor-type=\"wp-page\" data-elementor-id=\"11949\" class=\"elementor elementor-11949 elementor-2986\" data-elementor-post-type=\"page\">\n\t\t\t\t\t\t<section class=\"elementor-section elementor-top-section elementor-element elementor-element-46822a0e elementor-section-content-middle elementor-reverse-mobile elementor-section-height-full elementor-section-boxed elementor-section-height-default elementor-section-items-middle\" data-id=\"46822a0e\" data-element_type=\"section\" data-e-type=\"section\" data-settings=\"{&quot;background_background&quot;:&quot;classic&quot;}\">\n\t\t\t\t\t\t<div class=\"elementor-container elementor-column-gap-default\">\n\t\t\t\t\t<div class=\"elementor-column elementor-col-50 elementor-top-column elementor-element elementor-element-45f6fa5e\" data-id=\"45f6fa5e\" data-element_type=\"column\" data-e-type=\"column\">\n\t\t\t<div class=\"elementor-widget-wrap elementor-element-populated\">\n\t\t\t\t\t\t<div class=\"elementor-element elementor-element-4da63206 elementor-widget elementor-widget-heading\" data-id=\"4da63206\" data-element_type=\"widget\" data-e-type=\"widget\" data-widget_type=\"heading.default\">\n\t\t\t\t<div class=\"elementor-widget-container\">\n\t\t\t\t\t<h1 class=\"elementor-heading-title elementor-size-default\">Igualtat de g\u00e8nere<\/h1>\t\t\t\t<\/div>\n\t\t\t\t<\/div>\n\t\t\t\t<div class=\"elementor-element elementor-element-14e0145b elementor-widget elementor-widget-text-editor\" data-id=\"14e0145b\" data-element_type=\"widget\" data-e-type=\"widget\" data-widget_type=\"text-editor.default\">\n\t\t\t\t<div class=\"elementor-widget-container\">\n\t\t\t\t\t\t\t\t\t<p><strong>La discriminaci\u00f3 per g\u00e8nere llasta el desenvolupament de la vida de les persones i del conjunt de la societat<\/strong>. Avui, les dones encara es veuen relegades a espais amb menor poder de decisi\u00f3 i participaci\u00f3 de la vida p\u00fablica, mentre que persisteix una sobrec\u00e0rrega de funcions familiars. L\u2019abs\u00e8ncia d\u2019una igualtat real contribueix a que elles siguin les principals v\u00edctimes de la pobresa.<\/p>\n<p>A m\u00e9s a m\u00e9s, la viol\u00e8ncia masclista no remet: a Europa, el 33% de les dones han patit agressions f\u00edsiques i aquesta xifra ascendeix al 43% si parlem de viol\u00e8ncia psicol\u00f2gica.<\/p>\n\t\t\t\t\t\t\t\t<\/div>\n\t\t\t\t<\/div>\n\t\t\t\t<div class=\"elementor-element elementor-element-416da1c8 elementor-widget elementor-widget-Links Causa\" data-id=\"416da1c8\" data-element_type=\"widget\" data-e-type=\"widget\" data-widget_type=\"Links Causa.default\">\n\t\t\t\t<div class=\"elementor-widget-container\">\n\t\t\t\t\t\t\n\t  <nav class=\"ancores-programa\">\n\t    <div class=\"d-flex flex-row\">\n\t\t\t  <a href=\"#programas-propios\" class=\"btn-ancora btn-degradat scroll\">Veure programes<\/a>\n\t\t\t  <!--a href=\"#servicios-publicos\" class=\"btn-ancora btn-degradat ml-2 scroll\">Serveis p\u00fablics<\/a-->\n\t\t\t  <a href=\"#blog\" class=\"btn-ancora btn-ancora-negre ml-2 scroll\">Veure not\u00edcies<\/a>\n\t\t\t<\/div>  \n\t\t<\/nav>\n\n\t\t\t\t\t<\/div>\n\t\t\t\t<\/div>\n\t\t\t\t\t<\/div>\n\t\t<\/div>\n\t\t\t\t<div class=\"elementor-column elementor-col-50 elementor-top-column elementor-element elementor-element-6499a2b1 full-h\" data-id=\"6499a2b1\" data-element_type=\"column\" data-e-type=\"column\">\n\t\t\t<div class=\"elementor-widget-wrap\">\n\t\t\t\t\t\t\t<\/div>\n\t\t<\/div>\n\t\t\t\t\t<\/div>\n\t\t<\/section>\n\t\t\t\t<section class=\"elementor-section elementor-top-section elementor-element elementor-element-34f4b787 elementor-section-boxed elementor-section-height-default elementor-section-height-default\" data-id=\"34f4b787\" data-element_type=\"section\" data-e-type=\"section\">\n\t\t\t\t\t\t<div class=\"elementor-container elementor-column-gap-default\">\n\t\t\t\t\t<div class=\"elementor-column elementor-col-16 elementor-top-column elementor-element elementor-element-54dd6846\" data-id=\"54dd6846\" data-element_type=\"column\" data-e-type=\"column\">\n\t\t\t<div class=\"elementor-widget-wrap\">\n\t\t\t\t\t\t\t<\/div>\n\t\t<\/div>\n\t\t\t\t<div class=\"elementor-column elementor-col-66 elementor-top-column elementor-element elementor-element-5a25d8eb\" data-id=\"5a25d8eb\" data-element_type=\"column\" data-e-type=\"column\">\n\t\t\t<div class=\"elementor-widget-wrap elementor-element-populated\">\n\t\t\t\t\t\t<div class=\"elementor-element elementor-element-184bdba6 elementor-widget elementor-widget-heading\" data-id=\"184bdba6\" data-element_type=\"widget\" data-e-type=\"widget\" data-widget_type=\"heading.default\">\n\t\t\t\t<div class=\"elementor-widget-container\">\n\t\t\t\t\t<h2 class=\"elementor-heading-title elementor-size-default\">La nostra resposta<\/h2>\t\t\t\t<\/div>\n\t\t\t\t<\/div>\n\t\t\t\t<div class=\"elementor-element elementor-element-3f75c067 elementor-widget elementor-widget-text-editor\" data-id=\"3f75c067\" data-element_type=\"widget\" data-e-type=\"widget\" data-widget_type=\"text-editor.default\">\n\t\t\t\t<div class=\"elementor-widget-container\">\n\t\t\t\t\t\t\t\t\t<p><em>Els Drets Sexuals i Reproductius, i la igualtat d\u2019oportunitats s\u00f3n pilars fonamentals de la nostra lluita per la igualtat de g\u00e8nere. Assessorem i acompanyem les dones en benefici de la seva confian\u00e7a i autonomia.<\/em><\/p>\n\t\t\t\t\t\t\t\t<\/div>\n\t\t\t\t<\/div>\n\t\t\t\t\t<\/div>\n\t\t<\/div>\n\t\t\t\t<div class=\"elementor-column elementor-col-16 elementor-top-column elementor-element elementor-element-15e9ec1c\" data-id=\"15e9ec1c\" data-element_type=\"column\" data-e-type=\"column\">\n\t\t\t<div class=\"elementor-widget-wrap\">\n\t\t\t\t\t\t\t<\/div>\n\t\t<\/div>\n\t\t\t\t\t<\/div>\n\t\t<\/section>\n\t\t\t\t<section class=\"elementor-section elementor-top-section elementor-element elementor-element-4bb93e3f elementor-section-boxed elementor-section-height-default elementor-section-height-default\" data-id=\"4bb93e3f\" data-element_type=\"section\" data-e-type=\"section\">\n\t\t\t\t\t\t<div class=\"elementor-container elementor-column-gap-default\">\n\t\t\t\t\t<div class=\"elementor-column elementor-col-25 elementor-top-column elementor-element elementor-element-1533effc\" data-id=\"1533effc\" data-element_type=\"column\" data-e-type=\"column\">\n\t\t\t<div class=\"elementor-widget-wrap elementor-element-populated\">\n\t\t\t\t\t\t<div class=\"elementor-element elementor-element-a77368 elementor-widget elementor-widget-heading\" data-id=\"a77368\" data-element_type=\"widget\" data-e-type=\"widget\" data-widget_type=\"heading.default\">\n\t\t\t\t<div class=\"elementor-widget-container\">\n\t\t\t\t\t<h4 class=\"elementor-heading-title elementor-size-default\">Dret a la igualtat i a la no discriminaci\u00f3<\/h4>\t\t\t\t<\/div>\n\t\t\t\t<\/div>\n\t\t\t\t<div class=\"elementor-element elementor-element-513706ec elementor-widget elementor-widget-text-editor\" data-id=\"513706ec\" data-element_type=\"widget\" data-e-type=\"widget\" data-widget_type=\"text-editor.default\">\n\t\t\t\t<div class=\"elementor-widget-container\">\n\t\t\t\t\t\t\t\t\t<p>Sensibilitzem a adolescents i joves mitjan\u00e7ant tallers d\u2019igualtat de g\u00e8nere i prevenci\u00f3 de la viol\u00e8ncia masclista. Detectem i denunciem situacions i models discriminatoris.<\/p>\n\t\t\t\t\t\t\t\t<\/div>\n\t\t\t\t<\/div>\n\t\t\t\t\t<\/div>\n\t\t<\/div>\n\t\t\t\t<div class=\"elementor-column elementor-col-25 elementor-top-column elementor-element elementor-element-1b747721\" data-id=\"1b747721\" data-element_type=\"column\" data-e-type=\"column\">\n\t\t\t<div class=\"elementor-widget-wrap elementor-element-populated\">\n\t\t\t\t\t\t<div class=\"elementor-element elementor-element-1a902f32 elementor-widget elementor-widget-heading\" data-id=\"1a902f32\" data-element_type=\"widget\" data-e-type=\"widget\" data-widget_type=\"heading.default\">\n\t\t\t\t<div class=\"elementor-widget-container\">\n\t\t\t\t\t<h4 class=\"elementor-heading-title elementor-size-default\">Drets Sexuals i Reproductius<\/h4>\t\t\t\t<\/div>\n\t\t\t\t<\/div>\n\t\t\t\t<div class=\"elementor-element elementor-element-3dd8bb01 elementor-widget elementor-widget-text-editor\" data-id=\"3dd8bb01\" data-element_type=\"widget\" data-e-type=\"widget\" data-widget_type=\"text-editor.default\">\n\t\t\t\t<div class=\"elementor-widget-container\">\n\t\t\t\t\t\t\t\t\t<p>Sensibilitzem i apoderem a les dones pel que fa als drets sexuals i reproductius.<\/p>\n\t\t\t\t\t\t\t\t<\/div>\n\t\t\t\t<\/div>\n\t\t\t\t\t<\/div>\n\t\t<\/div>\n\t\t\t\t<div class=\"elementor-column elementor-col-25 elementor-top-column elementor-element elementor-element-2ca4c1be\" data-id=\"2ca4c1be\" data-element_type=\"column\" data-e-type=\"column\">\n\t\t\t<div class=\"elementor-widget-wrap elementor-element-populated\">\n\t\t\t\t\t\t<div class=\"elementor-element elementor-element-72663bc5 elementor-widget elementor-widget-heading\" data-id=\"72663bc5\" data-element_type=\"widget\" data-e-type=\"widget\" data-widget_type=\"heading.default\">\n\t\t\t\t<div class=\"elementor-widget-container\">\n\t\t\t\t\t<h4 class=\"elementor-heading-title elementor-size-default\">Dret a la integritat f\u00edsica i emocional<\/h4>\t\t\t\t<\/div>\n\t\t\t\t<\/div>\n\t\t\t\t<div class=\"elementor-element elementor-element-3e5b6aeb elementor-widget elementor-widget-text-editor\" data-id=\"3e5b6aeb\" data-element_type=\"widget\" data-e-type=\"widget\" data-widget_type=\"text-editor.default\">\n\t\t\t\t<div class=\"elementor-widget-container\">\n\t\t\t\t\t\t\t\t\t<p>Acompanyem en la recuperaci\u00f3 despr\u00e9s de patir viol\u00e8ncia masclista.<\/p>\n\t\t\t\t\t\t\t\t<\/div>\n\t\t\t\t<\/div>\n\t\t\t\t\t<\/div>\n\t\t<\/div>\n\t\t\t\t<div class=\"elementor-column elementor-col-25 elementor-top-column elementor-element elementor-element-73cd39e8\" data-id=\"73cd39e8\" data-element_type=\"column\" data-e-type=\"column\">\n\t\t\t<div class=\"elementor-widget-wrap elementor-element-populated\">\n\t\t\t\t\t\t<div class=\"elementor-element elementor-element-2ad2b049 elementor-widget elementor-widget-heading\" data-id=\"2ad2b049\" data-element_type=\"widget\" data-e-type=\"widget\" data-widget_type=\"heading.default\">\n\t\t\t\t<div class=\"elementor-widget-container\">\n\t\t\t\t\t<h4 class=\"elementor-heading-title elementor-size-default\">Dret a la igualtat d\u2019oportunitats<\/h4>\t\t\t\t<\/div>\n\t\t\t\t<\/div>\n\t\t\t\t<div class=\"elementor-element elementor-element-379a2f26 elementor-widget elementor-widget-text-editor\" data-id=\"379a2f26\" data-element_type=\"widget\" data-e-type=\"widget\" data-widget_type=\"text-editor.default\">\n\t\t\t\t<div class=\"elementor-widget-container\">\n\t\t\t\t\t\t\t\t\t<p>Treballem l\u2019apoderament des de la consci\u00e8ncia de g\u00e8nere i l\u2019autoconfian\u00e7a. Plans d\u2019acompanyament a dones per prevenir la precarietat per motius de g\u00e8nere. Acompanyament a fam\u00edlies.<\/p>\n\t\t\t\t\t\t\t\t<\/div>\n\t\t\t\t<\/div>\n\t\t\t\t\t<\/div>\n\t\t<\/div>\n\t\t\t\t\t<\/div>\n\t\t<\/section>\n\t\t\t\t<section class=\"elementor-section elementor-top-section elementor-element elementor-element-214e7e7d elementor-section-boxed elementor-section-height-default elementor-section-height-default\" data-id=\"214e7e7d\" data-element_type=\"section\" data-e-type=\"section\" data-settings=\"{&quot;background_background&quot;:&quot;classic&quot;}\">\n\t\t\t\t\t\t<div class=\"elementor-container elementor-column-gap-default\">\n\t\t\t\t\t<div class=\"elementor-column elementor-col-33 elementor-top-column elementor-element elementor-element-4de94cca\" data-id=\"4de94cca\" data-element_type=\"column\" data-e-type=\"column\">\n\t\t\t<div class=\"elementor-widget-wrap elementor-element-populated\">\n\t\t\t\t\t\t<div class=\"elementor-element elementor-element-6c531529 elementor-widget elementor-widget-text-editor\" data-id=\"6c531529\" data-element_type=\"widget\" data-e-type=\"widget\" data-widget_type=\"text-editor.default\">\n\t\t\t\t<div class=\"elementor-widget-container\">\n\t\t\t\t\t\t\t\t\t<p><em>\u00a0\u201cDespr\u00e9s de passar per un infern durant anys amb el meu marit, per fi, ara torno a somriure\u201d.<\/em><\/p>\n\t\t\t\t\t\t\t\t<\/div>\n\t\t\t\t<\/div>\n\t\t\t\t<div class=\"elementor-element elementor-element-2a08a657 elementor-widget elementor-widget-text-editor\" data-id=\"2a08a657\" data-element_type=\"widget\" data-e-type=\"widget\" data-widget_type=\"text-editor.default\">\n\t\t\t\t<div class=\"elementor-widget-container\">\n\t\t\t\t\t\t\t\t\t<p><strong>Rosa<\/strong><br \/>\n70 anys<\/p>\n\t\t\t\t\t\t\t\t<\/div>\n\t\t\t\t<\/div>\n\t\t\t\t\t<\/div>\n\t\t<\/div>\n\t\t\t\t<div class=\"elementor-column elementor-col-66 elementor-top-column elementor-element elementor-element-96b3dc0\" data-id=\"96b3dc0\" data-element_type=\"column\" data-e-type=\"column\">\n\t\t\t<div class=\"elementor-widget-wrap\">\n\t\t\t\t\t\t\t<\/div>\n\t\t<\/div>\n\t\t\t\t\t<\/div>\n\t\t<\/section>\n\t\t\t\t<section class=\"elementor-section elementor-top-section elementor-element elementor-element-7f84b06 elementor-section-boxed elementor-section-height-default elementor-section-height-default\" data-id=\"7f84b06\" data-element_type=\"section\" data-e-type=\"section\" data-settings=\"{&quot;background_background&quot;:&quot;classic&quot;}\">\n\t\t\t\t\t\t<div class=\"elementor-container elementor-column-gap-default\">\n\t\t\t\t\t<div class=\"elementor-column elementor-col-66 elementor-top-column elementor-element elementor-element-60f0d11\" data-id=\"60f0d11\" data-element_type=\"column\" data-e-type=\"column\">\n\t\t\t<div class=\"elementor-widget-wrap\">\n\t\t\t\t\t\t\t<\/div>\n\t\t<\/div>\n\t\t\t\t<div class=\"elementor-column elementor-col-33 elementor-top-column elementor-element elementor-element-824ae73\" data-id=\"824ae73\" data-element_type=\"column\" data-e-type=\"column\">\n\t\t\t<div class=\"elementor-widget-wrap elementor-element-populated\">\n\t\t\t\t\t\t<div class=\"elementor-element elementor-element-f641442 elementor-widget elementor-widget-text-editor\" data-id=\"f641442\" data-element_type=\"widget\" data-e-type=\"widget\" data-widget_type=\"text-editor.default\">\n\t\t\t\t<div class=\"elementor-widget-container\">\n\t\t\t\t\t\t\t\t\t<p><em> \u201cEstic al carrer perqu\u00e8 em van enganyar i em van obligar a prostituir-me. Ara estic millor i puc viure amb dignitat \u201c.<\/em><\/p>\n\t\t\t\t\t\t\t\t<\/div>\n\t\t\t\t<\/div>\n\t\t\t\t<div class=\"elementor-element elementor-element-92e3f1c elementor-widget elementor-widget-text-editor\" data-id=\"92e3f1c\" data-element_type=\"widget\" data-e-type=\"widget\" data-widget_type=\"text-editor.default\">\n\t\t\t\t<div class=\"elementor-widget-container\">\n\t\t\t\t\t\t\t\t\t<p><strong>Rosal\u00eda<\/strong><br \/>\n21 anys<\/p>\n\t\t\t\t\t\t\t\t<\/div>\n\t\t\t\t<\/div>\n\t\t\t\t\t<\/div>\n\t\t<\/div>\n\t\t\t\t\t<\/div>\n\t\t<\/section>\n\t\t\t\t<\/div>\n\t\t","protected":false},"excerpt":{"rendered":"<p>Igualtat de g\u00e8nere La discriminaci\u00f3 per g\u00e8nere llasta el desenvolupament de la vida de les persones i del conjunt de la societat. Avui, les dones encara es veuen relegades a&hellip;<\/p>\n","protected":false},"author":1,"featured_media":10537,"parent":11955,"menu_order":0,"comment_status":"closed","ping_status":"closed","template":"views\/template-causa.blade.php","meta":{"_acf_changed":false,"footnotes":""},"class_list":["post-11949","page","type-page","status-publish","has-post-thumbnail","hentry"],"acf":[],"yoast_head":"<!-- This site is optimized with the Yoast SEO plugin v27.3 - https:\/\/yoast.com\/product\/yoast-seo-wordpress\/ -->\n<title>Igualtat de g\u00e8nere - ABD<\/title>\n<meta name=\"description\" content=\"Igualtat de g\u00e8nere La discriminaci\u00f3 per g\u00e8nere llasta el desenvolupament de la vida de les persones i del conjunt de la societat. Avui, les dones encara\" \/>\n<meta name=\"robots\" content=\"index, follow, max-snippet:-1, max-image-preview:large, max-video-preview:-1\" \/>\n<link rel=\"canonical\" href=\"https:\/\/abd.ong\/ca\/causes\/igualtat-de-genere\/\" \/>\n<meta property=\"og:locale\" content=\"ca_ES\" \/>\n<meta property=\"og:type\" content=\"article\" \/>\n<meta property=\"og:title\" content=\"Igualtat de g\u00e8nere - ABD\" \/>\n<meta property=\"og:description\" content=\"Igualtat de g\u00e8nere La discriminaci\u00f3 per g\u00e8nere llasta el desenvolupament de la vida de les persones i del conjunt de la societat. Avui, les dones encara\" \/>\n<meta property=\"og:url\" content=\"https:\/\/abd.ong\/ca\/causes\/igualtat-de-genere\/\" \/>\n<meta property=\"og:site_name\" content=\"ABD\" \/>\n<meta property=\"article:publisher\" content=\"https:\/\/www.facebook.com\/abd.ong\" \/>\n<meta property=\"article:modified_time\" content=\"2020-01-23T17:37:53+00:00\" \/>\n<meta property=\"og:image\" content=\"https:\/\/abd.ong\/wp-content\/uploads\/2023\/01\/ABDLEMA_Hor_Esp-1.png\" \/>\n\t<meta property=\"og:image:width\" content=\"471\" \/>\n\t<meta property=\"og:image:height\" content=\"94\" \/>\n\t<meta property=\"og:image:type\" content=\"image\/png\" \/>\n<meta name=\"twitter:card\" content=\"summary_large_image\" \/>\n<meta name=\"twitter:site\" content=\"@abd_ong\" \/>\n<meta name=\"twitter:label1\" content=\"Temps estimat de lectura\" \/>\n\t<meta name=\"twitter:data1\" content=\"2 minuts\" \/>\n<script type=\"application\/ld+json\" class=\"yoast-schema-graph\">{\"@context\":\"https:\\\/\\\/schema.org\",\"@graph\":[{\"@type\":\"WebPage\",\"@id\":\"https:\\\/\\\/abd.ong\\\/ca\\\/causes\\\/igualtat-de-genere\\\/\",\"url\":\"https:\\\/\\\/abd.ong\\\/ca\\\/causes\\\/igualtat-de-genere\\\/\",\"name\":\"Igualtat de g\u00e8nere - ABD\",\"isPartOf\":{\"@id\":\"https:\\\/\\\/abd.ong\\\/ca\\\/#website\"},\"primaryImageOfPage\":{\"@id\":\"https:\\\/\\\/abd.ong\\\/ca\\\/causes\\\/igualtat-de-genere\\\/#primaryimage\"},\"image\":{\"@id\":\"https:\\\/\\\/abd.ong\\\/ca\\\/causes\\\/igualtat-de-genere\\\/#primaryimage\"},\"thumbnailUrl\":\"https:\\\/\\\/abd.ong\\\/wp-content\\\/uploads\\\/2019\\\/11\\\/causa-genero-solid.svg\",\"datePublished\":\"2019-12-18T19:15:34+00:00\",\"dateModified\":\"2020-01-23T17:37:53+00:00\",\"description\":\"Igualtat de g\u00e8nere La discriminaci\u00f3 per g\u00e8nere llasta el desenvolupament de la vida de les persones i del conjunt de la societat. Avui, les dones encara\",\"breadcrumb\":{\"@id\":\"https:\\\/\\\/abd.ong\\\/ca\\\/causes\\\/igualtat-de-genere\\\/#breadcrumb\"},\"inLanguage\":\"ca\",\"potentialAction\":[{\"@type\":\"ReadAction\",\"target\":[\"https:\\\/\\\/abd.ong\\\/ca\\\/causes\\\/igualtat-de-genere\\\/\"]}]},{\"@type\":\"ImageObject\",\"inLanguage\":\"ca\",\"@id\":\"https:\\\/\\\/abd.ong\\\/ca\\\/causes\\\/igualtat-de-genere\\\/#primaryimage\",\"url\":\"https:\\\/\\\/abd.ong\\\/wp-content\\\/uploads\\\/2019\\\/11\\\/causa-genero-solid.svg\",\"contentUrl\":\"https:\\\/\\\/abd.ong\\\/wp-content\\\/uploads\\\/2019\\\/11\\\/causa-genero-solid.svg\",\"width\":100,\"height\":100},{\"@type\":\"BreadcrumbList\",\"@id\":\"https:\\\/\\\/abd.ong\\\/ca\\\/causes\\\/igualtat-de-genere\\\/#breadcrumb\",\"itemListElement\":[{\"@type\":\"ListItem\",\"position\":1,\"name\":\"Inici\",\"item\":\"https:\\\/\\\/abd.ong\\\/ca\\\/\"},{\"@type\":\"ListItem\",\"position\":2,\"name\":\"Causes\",\"item\":\"https:\\\/\\\/abd.ong\\\/ca\\\/causes\\\/\"},{\"@type\":\"ListItem\",\"position\":3,\"name\":\"Igualtat de g\u00e8nere\"}]},{\"@type\":\"WebSite\",\"@id\":\"https:\\\/\\\/abd.ong\\\/ca\\\/#website\",\"url\":\"https:\\\/\\\/abd.ong\\\/ca\\\/\",\"name\":\"ABD\",\"description\":\"Asociaci\u00f3n Bienestar y Desarrollo\",\"publisher\":{\"@id\":\"https:\\\/\\\/abd.ong\\\/ca\\\/#organization\"},\"potentialAction\":[{\"@type\":\"SearchAction\",\"target\":{\"@type\":\"EntryPoint\",\"urlTemplate\":\"https:\\\/\\\/abd.ong\\\/ca\\\/?s={search_term_string}\"},\"query-input\":{\"@type\":\"PropertyValueSpecification\",\"valueRequired\":true,\"valueName\":\"search_term_string\"}}],\"inLanguage\":\"ca\"},{\"@type\":\"Organization\",\"@id\":\"https:\\\/\\\/abd.ong\\\/ca\\\/#organization\",\"name\":\"Associaci\u00f3 Benestar i Desenvolupament\",\"alternateName\":\"ABD\",\"url\":\"https:\\\/\\\/abd.ong\\\/ca\\\/\",\"logo\":{\"@type\":\"ImageObject\",\"inLanguage\":\"ca\",\"@id\":\"https:\\\/\\\/abd.ong\\\/ca\\\/#\\\/schema\\\/logo\\\/image\\\/\",\"url\":\"https:\\\/\\\/abd.ong\\\/wp-content\\\/uploads\\\/2023\\\/01\\\/Icona.png\",\"contentUrl\":\"https:\\\/\\\/abd.ong\\\/wp-content\\\/uploads\\\/2023\\\/01\\\/Icona.png\",\"width\":190,\"height\":187,\"caption\":\"Associaci\u00f3 Benestar i Desenvolupament\"},\"image\":{\"@id\":\"https:\\\/\\\/abd.ong\\\/ca\\\/#\\\/schema\\\/logo\\\/image\\\/\"},\"sameAs\":[\"https:\\\/\\\/www.facebook.com\\\/abd.ong\",\"https:\\\/\\\/x.com\\\/abd_ong\",\"https:\\\/\\\/www.instagram.com\\\/abd_ong\\\/\",\"https:\\\/\\\/www.linkedin.com\\\/company\\\/abdong\",\"https:\\\/\\\/www.youtube.com\\\/user\\\/CANALABD\"]}]}<\/script>\n<!-- \/ Yoast SEO plugin. -->","yoast_head_json":{"title":"Igualtat de g\u00e8nere - ABD","description":"Igualtat de g\u00e8nere La discriminaci\u00f3 per g\u00e8nere llasta el desenvolupament de la vida de les persones i del conjunt de la societat. Avui, les dones encara","robots":{"index":"index","follow":"follow","max-snippet":"max-snippet:-1","max-image-preview":"max-image-preview:large","max-video-preview":"max-video-preview:-1"},"canonical":"https:\/\/abd.ong\/ca\/causes\/igualtat-de-genere\/","og_locale":"ca_ES","og_type":"article","og_title":"Igualtat de g\u00e8nere - ABD","og_description":"Igualtat de g\u00e8nere La discriminaci\u00f3 per g\u00e8nere llasta el desenvolupament de la vida de les persones i del conjunt de la societat. Avui, les dones encara","og_url":"https:\/\/abd.ong\/ca\/causes\/igualtat-de-genere\/","og_site_name":"ABD","article_publisher":"https:\/\/www.facebook.com\/abd.ong","article_modified_time":"2020-01-23T17:37:53+00:00","og_image":[{"width":471,"height":94,"url":"https:\/\/abd.ong\/wp-content\/uploads\/2023\/01\/ABDLEMA_Hor_Esp-1.png","type":"image\/png"}],"twitter_card":"summary_large_image","twitter_site":"@abd_ong","twitter_misc":{"Temps estimat de lectura":"2 minuts"},"schema":{"@context":"https:\/\/schema.org","@graph":[{"@type":"WebPage","@id":"https:\/\/abd.ong\/ca\/causes\/igualtat-de-genere\/","url":"https:\/\/abd.ong\/ca\/causes\/igualtat-de-genere\/","name":"Igualtat de g\u00e8nere - ABD","isPartOf":{"@id":"https:\/\/abd.ong\/ca\/#website"},"primaryImageOfPage":{"@id":"https:\/\/abd.ong\/ca\/causes\/igualtat-de-genere\/#primaryimage"},"image":{"@id":"https:\/\/abd.ong\/ca\/causes\/igualtat-de-genere\/#primaryimage"},"thumbnailUrl":"https:\/\/abd.ong\/wp-content\/uploads\/2019\/11\/causa-genero-solid.svg","datePublished":"2019-12-18T19:15:34+00:00","dateModified":"2020-01-23T17:37:53+00:00","description":"Igualtat de g\u00e8nere La discriminaci\u00f3 per g\u00e8nere llasta el desenvolupament de la vida de les persones i del conjunt de la societat. Avui, les dones encara","breadcrumb":{"@id":"https:\/\/abd.ong\/ca\/causes\/igualtat-de-genere\/#breadcrumb"},"inLanguage":"ca","potentialAction":[{"@type":"ReadAction","target":["https:\/\/abd.ong\/ca\/causes\/igualtat-de-genere\/"]}]},{"@type":"ImageObject","inLanguage":"ca","@id":"https:\/\/abd.ong\/ca\/causes\/igualtat-de-genere\/#primaryimage","url":"https:\/\/abd.ong\/wp-content\/uploads\/2019\/11\/causa-genero-solid.svg","contentUrl":"https:\/\/abd.ong\/wp-content\/uploads\/2019\/11\/causa-genero-solid.svg","width":100,"height":100},{"@type":"BreadcrumbList","@id":"https:\/\/abd.ong\/ca\/causes\/igualtat-de-genere\/#breadcrumb","itemListElement":[{"@type":"ListItem","position":1,"name":"Inici","item":"https:\/\/abd.ong\/ca\/"},{"@type":"ListItem","position":2,"name":"Causes","item":"https:\/\/abd.ong\/ca\/causes\/"},{"@type":"ListItem","position":3,"name":"Igualtat de g\u00e8nere"}]},{"@type":"WebSite","@id":"https:\/\/abd.ong\/ca\/#website","url":"https:\/\/abd.ong\/ca\/","name":"ABD","description":"Asociaci\u00f3n Bienestar y Desarrollo","publisher":{"@id":"https:\/\/abd.ong\/ca\/#organization"},"potentialAction":[{"@type":"SearchAction","target":{"@type":"EntryPoint","urlTemplate":"https:\/\/abd.ong\/ca\/?s={search_term_string}"},"query-input":{"@type":"PropertyValueSpecification","valueRequired":true,"valueName":"search_term_string"}}],"inLanguage":"ca"},{"@type":"Organization","@id":"https:\/\/abd.ong\/ca\/#organization","name":"Associaci\u00f3 Benestar i Desenvolupament","alternateName":"ABD","url":"https:\/\/abd.ong\/ca\/","logo":{"@type":"ImageObject","inLanguage":"ca","@id":"https:\/\/abd.ong\/ca\/#\/schema\/logo\/image\/","url":"https:\/\/abd.ong\/wp-content\/uploads\/2023\/01\/Icona.png","contentUrl":"https:\/\/abd.ong\/wp-content\/uploads\/2023\/01\/Icona.png","width":190,"height":187,"caption":"Associaci\u00f3 Benestar i Desenvolupament"},"image":{"@id":"https:\/\/abd.ong\/ca\/#\/schema\/logo\/image\/"},"sameAs":["https:\/\/www.facebook.com\/abd.ong","https:\/\/x.com\/abd_ong","https:\/\/www.instagram.com\/abd_ong\/","https:\/\/www.linkedin.com\/company\/abdong","https:\/\/www.youtube.com\/user\/CANALABD"]}]}},"_links":{"self":[{"href":"https:\/\/abd.ong\/ca\/wp-json\/wp\/v2\/pages\/11949","targetHints":{"allow":["GET"]}}],"collection":[{"href":"https:\/\/abd.ong\/ca\/wp-json\/wp\/v2\/pages"}],"about":[{"href":"https:\/\/abd.ong\/ca\/wp-json\/wp\/v2\/types\/page"}],"author":[{"embeddable":true,"href":"https:\/\/abd.ong\/ca\/wp-json\/wp\/v2\/users\/1"}],"replies":[{"embeddable":true,"href":"https:\/\/abd.ong\/ca\/wp-json\/wp\/v2\/comments?post=11949"}],"version-history":[{"count":3,"href":"https:\/\/abd.ong\/ca\/wp-json\/wp\/v2\/pages\/11949\/revisions"}],"predecessor-version":[{"id":12397,"href":"https:\/\/abd.ong\/ca\/wp-json\/wp\/v2\/pages\/11949\/revisions\/12397"}],"up":[{"embeddable":true,"href":"https:\/\/abd.ong\/ca\/wp-json\/wp\/v2\/pages\/11955"}],"wp:featuredmedia":[{"embeddable":true,"href":"https:\/\/abd.ong\/ca\/wp-json\/wp\/v2\/media\/10537"}],"wp:attachment":[{"href":"https:\/\/abd.ong\/ca\/wp-json\/wp\/v2\/media?parent=11949"}],"curies":[{"name":"wp","href":"https:\/\/api.w.org\/{rel}","templated":true}]}}