{"id":11931,"date":"2019-12-18T19:25:40","date_gmt":"2019-12-18T18:25:40","guid":{"rendered":"https:\/\/abd.ong\/empreses-herencies-llegats-i-donacio-de-material\/"},"modified":"2022-04-14T13:26:39","modified_gmt":"2022-04-14T11:26:39","slug":"empreses-herencies-llegats-i-donacio-de-material","status":"publish","type":"page","link":"https:\/\/abd.ong\/ca\/empreses-herencies-llegats-i-donacio-de-material\/","title":{"rendered":"Empreses, her\u00e8ncies, llegats i donaci\u00f3 de material"},"content":{"rendered":"\t\t<div data-elementor-type=\"wp-page\" data-elementor-id=\"11931\" class=\"elementor elementor-11931 elementor-64\" data-elementor-post-type=\"page\">\n\t\t\t\t\t\t<section class=\"elementor-section elementor-top-section elementor-element elementor-element-5a52d05f elementor-section-boxed elementor-section-height-default elementor-section-height-default\" data-id=\"5a52d05f\" data-element_type=\"section\" data-e-type=\"section\" data-settings=\"{&quot;background_background&quot;:&quot;classic&quot;}\">\n\t\t\t\t\t\t\t<div class=\"elementor-background-overlay\"><\/div>\n\t\t\t\t\t\t\t<div class=\"elementor-container elementor-column-gap-default\">\n\t\t\t\t\t<div class=\"elementor-column elementor-col-50 elementor-top-column elementor-element elementor-element-6ebedaac\" data-id=\"6ebedaac\" data-element_type=\"column\" data-e-type=\"column\">\n\t\t\t<div class=\"elementor-widget-wrap elementor-element-populated\">\n\t\t\t\t\t\t<div class=\"elementor-element elementor-element-57e996e6 elementor-widget elementor-widget-heading\" data-id=\"57e996e6\" data-element_type=\"widget\" data-e-type=\"widget\" data-widget_type=\"heading.default\">\n\t\t\t\t<div class=\"elementor-widget-container\">\n\t\t\t\t\t<h1 class=\"elementor-heading-title elementor-size-default\">Empreses, her\u00e8ncies, llegats i donaci\u00f3 de material<\/h1>\t\t\t\t<\/div>\n\t\t\t\t<\/div>\n\t\t\t\t<div class=\"elementor-element elementor-element-34d66e50 elementor-widget elementor-widget-text-editor\" data-id=\"34d66e50\" data-element_type=\"widget\" data-e-type=\"widget\" data-widget_type=\"text-editor.default\">\n\t\t\t\t<div class=\"elementor-widget-container\">\n\t\t\t\t\t\t\t\t\tEmpreses, her\u00e8ncies, llegats i donaci\u00f3 de material\t\t\t\t\t\t\t\t<\/div>\n\t\t\t\t<\/div>\n\t\t\t\t<div class=\"elementor-element elementor-element-27fff040 elementor-button-info scroll elementor-widget elementor-widget-button\" data-id=\"27fff040\" data-element_type=\"widget\" data-e-type=\"widget\" data-widget_type=\"button.default\">\n\t\t\t\t<div class=\"elementor-widget-container\">\n\t\t\t\t\t\t\t\t\t<div class=\"elementor-button-wrapper\">\n\t\t\t\t\t<a class=\"elementor-button elementor-button-link elementor-size-sm\" href=\"#empreses\">\n\t\t\t\t\t\t<span class=\"elementor-button-content-wrapper\">\n\t\t\t\t\t\t\t\t\t<span class=\"elementor-button-text\">M\u00e9s informaci\u00f3<\/span>\n\t\t\t\t\t<\/span>\n\t\t\t\t\t<\/a>\n\t\t\t\t<\/div>\n\t\t\t\t\t\t\t\t<\/div>\n\t\t\t\t<\/div>\n\t\t\t\t\t<\/div>\n\t\t<\/div>\n\t\t\t\t<div class=\"elementor-column elementor-col-50 elementor-top-column elementor-element elementor-element-4b027b62\" data-id=\"4b027b62\" data-element_type=\"column\" data-e-type=\"column\">\n\t\t\t<div class=\"elementor-widget-wrap\">\n\t\t\t\t\t\t\t<\/div>\n\t\t<\/div>\n\t\t\t\t\t<\/div>\n\t\t<\/section>\n\t\t\t\t<section class=\"elementor-section elementor-top-section elementor-element elementor-element-3f6477c elementor-section-boxed elementor-section-height-default elementor-section-height-default\" data-id=\"3f6477c\" data-element_type=\"section\" data-e-type=\"section\" id=\"empresas\">\n\t\t\t\t\t\t<div class=\"elementor-container elementor-column-gap-no\">\n\t\t\t\t\t<div class=\"elementor-column elementor-col-50 elementor-top-column elementor-element elementor-element-0a09349\" data-id=\"0a09349\" data-element_type=\"column\" data-e-type=\"column\">\n\t\t\t<div class=\"elementor-widget-wrap elementor-element-populated\">\n\t\t\t\t\t\t<div class=\"elementor-element elementor-element-6aece9c elementor-widget elementor-widget-heading\" data-id=\"6aece9c\" data-element_type=\"widget\" data-e-type=\"widget\" data-widget_type=\"heading.default\">\n\t\t\t\t<div class=\"elementor-widget-container\">\n\t\t\t\t\t<h2 class=\"elementor-heading-title elementor-size-default\">Empreses<\/h2>\t\t\t\t<\/div>\n\t\t\t\t<\/div>\n\t\t\t\t\t<\/div>\n\t\t<\/div>\n\t\t\t\t<div class=\"elementor-column elementor-col-50 elementor-top-column elementor-element elementor-element-0b7fef5\" data-id=\"0b7fef5\" data-element_type=\"column\" data-e-type=\"column\">\n\t\t\t<div class=\"elementor-widget-wrap\">\n\t\t\t\t\t\t\t<\/div>\n\t\t<\/div>\n\t\t\t\t\t<\/div>\n\t\t<\/section>\n\t\t\t\t<section class=\"elementor-section elementor-top-section elementor-element elementor-element-95d7281 elementor-section-boxed elementor-section-height-default elementor-section-height-default\" data-id=\"95d7281\" data-element_type=\"section\" data-e-type=\"section\">\n\t\t\t\t\t\t<div class=\"elementor-container elementor-column-gap-no\">\n\t\t\t\t\t<div class=\"elementor-column elementor-col-50 elementor-top-column elementor-element elementor-element-d85a965\" data-id=\"d85a965\" data-element_type=\"column\" data-e-type=\"column\">\n\t\t\t<div class=\"elementor-widget-wrap elementor-element-populated\">\n\t\t\t\t\t\t<div class=\"elementor-element elementor-element-a4315b6 elementor-widget elementor-widget-text-editor\" data-id=\"a4315b6\" data-element_type=\"widget\" data-e-type=\"widget\" data-widget_type=\"text-editor.default\">\n\t\t\t\t<div class=\"elementor-widget-container\">\n\t\t\t\t\t\t\t\t\tNom\u00e9s amb el comprom\u00eds de les empreses podrem transformar la realitat de milers de persones en situaci\u00f3 de vulnerabilitat.\t\t\t\t\t\t\t\t<\/div>\n\t\t\t\t<\/div>\n\t\t\t\t<section class=\"elementor-section elementor-inner-section elementor-element elementor-element-f23fa33 elementor-section-boxed elementor-section-height-default elementor-section-height-default\" data-id=\"f23fa33\" data-element_type=\"section\" data-e-type=\"section\">\n\t\t\t\t\t\t<div class=\"elementor-container elementor-column-gap-default\">\n\t\t\t\t\t<div class=\"elementor-column elementor-col-100 elementor-inner-column elementor-element elementor-element-7159f5e\" data-id=\"7159f5e\" data-element_type=\"column\" data-e-type=\"column\">\n\t\t\t<div class=\"elementor-widget-wrap elementor-element-populated\">\n\t\t\t\t\t\t<div class=\"elementor-element elementor-element-eb57226 elementor-widget__width-initial elementor-widget elementor-widget-image\" data-id=\"eb57226\" data-element_type=\"widget\" data-e-type=\"widget\" data-widget_type=\"image.default\">\n\t\t\t\t<div class=\"elementor-widget-container\">\n\t\t\t\t\t\t\t\t\t\t\t\t\t\t\t<img fetchpriority=\"high\" decoding=\"async\" width=\"350\" height=\"424\" src=\"https:\/\/abd.ong\/wp-content\/uploads\/2019\/09\/section_content_img_3618.png\" class=\"attachment-large size-large wp-image-3596\" alt=\"\" srcset=\"https:\/\/abd.ong\/wp-content\/uploads\/2019\/09\/section_content_img_3618.png 350w, https:\/\/abd.ong\/wp-content\/uploads\/2019\/09\/section_content_img_3618-248x300.png 248w\" sizes=\"(max-width: 350px) 100vw, 350px\" \/>\t\t\t\t\t\t\t\t\t\t\t\t\t\t\t<\/div>\n\t\t\t\t<\/div>\n\t\t\t\t\t<\/div>\n\t\t<\/div>\n\t\t\t\t\t<\/div>\n\t\t<\/section>\n\t\t\t\t\t<\/div>\n\t\t<\/div>\n\t\t\t\t<div class=\"elementor-column elementor-col-50 elementor-top-column elementor-element elementor-element-b552ae8\" data-id=\"b552ae8\" data-element_type=\"column\" data-e-type=\"column\">\n\t\t\t<div class=\"elementor-widget-wrap elementor-element-populated\">\n\t\t\t\t\t\t<div class=\"elementor-element elementor-element-0781157 elementor-widget elementor-widget-text-editor\" data-id=\"0781157\" data-element_type=\"widget\" data-e-type=\"widget\" data-widget_type=\"text-editor.default\">\n\t\t\t\t<div class=\"elementor-widget-container\">\n\t\t\t\t\t\t\t\t\tVols organitzar una activitat solid\u00e0ria a la teva empresa com a part del programa de responsabilitat social? Potser has pensat en proposar un voluntariat als teus treballadors? Creus fermament en la contribuci\u00f3 econ\u00f2mica de l&#8217;empresa per donar suport a les ONG?\r\n\r\nT&#8217;ajudem! Pots col\u00b7laborar amb ABD fent una aportaci\u00f3 econ\u00f2mica a un projecte, organitzant recollides de material, fent donacions en esp\u00e8cies&#8230;\t\t\t\t\t\t\t\t<\/div>\n\t\t\t\t<\/div>\n\t\t\t\t<div class=\"elementor-element elementor-element-1f76ab5 elementor-widget elementor-widget-heading\" data-id=\"1f76ab5\" data-element_type=\"widget\" data-e-type=\"widget\" data-widget_type=\"heading.default\">\n\t\t\t\t<div class=\"elementor-widget-container\">\n\t\t\t\t\t<h4 class=\"elementor-heading-title elementor-size-default\">Busquem empreses coherents i compromeses amb la transformaci\u00f3.<\/h4>\t\t\t\t<\/div>\n\t\t\t\t<\/div>\n\t\t\t\t<div class=\"elementor-element elementor-element-f465916 elementor-widget elementor-widget-text-editor\" data-id=\"f465916\" data-element_type=\"widget\" data-e-type=\"widget\" data-widget_type=\"text-editor.default\">\n\t\t\t\t<div class=\"elementor-widget-container\">\n\t\t\t\t\t\t\t\t\tEscriu-nos a <a href=\"mailto:unet&#101;&#64;&#97;&#98;d-on&#103;&#46;or&#103;\">&#117;ne&#116;&#101;&#64;a&#98;&#100;&#45;&#111;n&#103;.&#111;rg<\/a> o truca&#8217;ns al 932 89 05 30 i t&#8217;informarem.\t\t\t\t\t\t\t\t<\/div>\n\t\t\t\t<\/div>\n\t\t\t\t\t<\/div>\n\t\t<\/div>\n\t\t\t\t\t<\/div>\n\t\t<\/section>\n\t\t\t\t<section class=\"elementor-section elementor-top-section elementor-element elementor-element-0106c94 elementor-section-boxed elementor-section-height-default elementor-section-height-default\" data-id=\"0106c94\" data-element_type=\"section\" data-e-type=\"section\">\n\t\t\t\t\t\t<div class=\"elementor-container elementor-column-gap-no\">\n\t\t\t\t\t<div class=\"elementor-column elementor-col-50 elementor-top-column elementor-element elementor-element-e00ce8e\" data-id=\"e00ce8e\" data-element_type=\"column\" data-e-type=\"column\">\n\t\t\t<div class=\"elementor-widget-wrap elementor-element-populated\">\n\t\t\t\t\t\t<div class=\"elementor-element elementor-element-3c8f17b elementor-widget elementor-widget-heading\" data-id=\"3c8f17b\" data-element_type=\"widget\" data-e-type=\"widget\" data-widget_type=\"heading.default\">\n\t\t\t\t<div class=\"elementor-widget-container\">\n\t\t\t\t\t<h2 class=\"elementor-heading-title elementor-size-default\">Her\u00e8ncies i llegats<\/h2>\t\t\t\t<\/div>\n\t\t\t\t<\/div>\n\t\t\t\t\t<\/div>\n\t\t<\/div>\n\t\t\t\t<div class=\"elementor-column elementor-col-50 elementor-top-column elementor-element elementor-element-d3b027d\" data-id=\"d3b027d\" data-element_type=\"column\" data-e-type=\"column\">\n\t\t\t<div class=\"elementor-widget-wrap\">\n\t\t\t\t\t\t\t<\/div>\n\t\t<\/div>\n\t\t\t\t\t<\/div>\n\t\t<\/section>\n\t\t\t\t<section class=\"elementor-section elementor-top-section elementor-element elementor-element-dd7aa1e elementor-section-boxed elementor-section-height-default elementor-section-height-default\" data-id=\"dd7aa1e\" data-element_type=\"section\" data-e-type=\"section\">\n\t\t\t\t\t\t<div class=\"elementor-container elementor-column-gap-default\">\n\t\t\t\t\t<div class=\"elementor-column elementor-col-50 elementor-top-column elementor-element elementor-element-e4e4c2d\" data-id=\"e4e4c2d\" data-element_type=\"column\" data-e-type=\"column\">\n\t\t\t<div class=\"elementor-widget-wrap elementor-element-populated\">\n\t\t\t\t\t\t<div class=\"elementor-element elementor-element-11c7675 elementor-widget elementor-widget-text-editor\" data-id=\"11c7675\" data-element_type=\"widget\" data-e-type=\"widget\" data-widget_type=\"text-editor.default\">\n\t\t\t\t<div class=\"elementor-widget-container\">\n\t\t\t\t\t\t\t\t\tDeixa testimoni del teu comprom\u00eds\t\t\t\t\t\t\t\t<\/div>\n\t\t\t\t<\/div>\n\t\t\t\t<section class=\"elementor-section elementor-inner-section elementor-element elementor-element-8a805e3 elementor-section-boxed elementor-section-height-default elementor-section-height-default\" data-id=\"8a805e3\" data-element_type=\"section\" data-e-type=\"section\">\n\t\t\t\t\t\t<div class=\"elementor-container elementor-column-gap-default\">\n\t\t\t\t\t<div class=\"elementor-column elementor-col-100 elementor-inner-column elementor-element elementor-element-4b55954\" data-id=\"4b55954\" data-element_type=\"column\" data-e-type=\"column\">\n\t\t\t<div class=\"elementor-widget-wrap elementor-element-populated\">\n\t\t\t\t\t\t<div class=\"elementor-element elementor-element-dc7effd elementor-widget__width-initial elementor-widget elementor-widget-image\" data-id=\"dc7effd\" data-element_type=\"widget\" data-e-type=\"widget\" data-widget_type=\"image.default\">\n\t\t\t\t<div class=\"elementor-widget-container\">\n\t\t\t\t\t\t\t\t\t\t\t\t\t\t\t<img decoding=\"async\" width=\"350\" height=\"349\" src=\"https:\/\/abd.ong\/wp-content\/uploads\/2019\/09\/section_content_img_9571.png\" class=\"attachment-large size-large wp-image-3606\" alt=\"\" srcset=\"https:\/\/abd.ong\/wp-content\/uploads\/2019\/09\/section_content_img_9571.png 350w, https:\/\/abd.ong\/wp-content\/uploads\/2019\/09\/section_content_img_9571-150x150.png 150w, https:\/\/abd.ong\/wp-content\/uploads\/2019\/09\/section_content_img_9571-300x300.png 300w\" sizes=\"(max-width: 350px) 100vw, 350px\" \/>\t\t\t\t\t\t\t\t\t\t\t\t\t\t\t<\/div>\n\t\t\t\t<\/div>\n\t\t\t\t\t<\/div>\n\t\t<\/div>\n\t\t\t\t\t<\/div>\n\t\t<\/section>\n\t\t\t\t\t<\/div>\n\t\t<\/div>\n\t\t\t\t<div class=\"elementor-column elementor-col-50 elementor-top-column elementor-element elementor-element-c6aabde\" data-id=\"c6aabde\" data-element_type=\"column\" data-e-type=\"column\">\n\t\t\t<div class=\"elementor-widget-wrap elementor-element-populated\">\n\t\t\t\t\t\t<div class=\"elementor-element elementor-element-9f3b3de elementor-widget elementor-widget-text-editor\" data-id=\"9f3b3de\" data-element_type=\"widget\" data-e-type=\"widget\" data-widget_type=\"text-editor.default\">\n\t\t\t\t<div class=\"elementor-widget-container\">\n\t\t\t\t\t\t\t\t\tEl llegat solidari \u00e9s una expressi\u00f3 del teu comprom\u00eds amb la societat; amb ell, contribueixes a la lluita contra les desigualtats. Contribueix a la nostra causa llegant una quantitat fixa, propietats o establint un percentatge sobre el total del teu patrimoni.\t\t\t\t\t\t\t\t<\/div>\n\t\t\t\t<\/div>\n\t\t\t\t<div class=\"elementor-element elementor-element-dc3a458 elementor-widget elementor-widget-heading\" data-id=\"dc3a458\" data-element_type=\"widget\" data-e-type=\"widget\" data-widget_type=\"heading.default\">\n\t\t\t\t<div class=\"elementor-widget-container\">\n\t\t\t\t\t<h4 class=\"elementor-heading-title elementor-size-default\">Deixa petjada comprometen-te amb les persones en situaci\u00f3 de vulnerabilitat a trav\u00e9s d'un llegat solidari.<\/h4>\t\t\t\t<\/div>\n\t\t\t\t<\/div>\n\t\t\t\t<div class=\"elementor-element elementor-element-4c99f52 elementor-widget elementor-widget-text-editor\" data-id=\"4c99f52\" data-element_type=\"widget\" data-e-type=\"widget\" data-widget_type=\"text-editor.default\">\n\t\t\t\t<div class=\"elementor-widget-container\">\n\t\t\t\t\t\t\t\t\tSi t&#8217;interessa fer un llegat o testament en favor d&#8217;ABD, Associaci\u00f3 Benestar i Desenvolupament, contacta amn <a href=\"mailto:une&#116;&#101;&#64;a&#98;d-&#111;ng.&#111;&#114;g\">&#117;&#110;&#101;te&#64;&#97;bd-&#111;n&#103;&#46;or&#103;<\/a> o truca&#8217;ns al 932 89 05 30\u00a0 i t&#8217;informarem.\t\t\t\t\t\t\t\t<\/div>\n\t\t\t\t<\/div>\n\t\t\t\t\t<\/div>\n\t\t<\/div>\n\t\t\t\t\t<\/div>\n\t\t<\/section>\n\t\t\t\t<\/div>\n\t\t","protected":false},"excerpt":{"rendered":"<p>Empreses, her\u00e8ncies, llegats i donaci\u00f3 de material Empreses, her\u00e8ncies, llegats i donaci\u00f3 de material M\u00e9s informaci\u00f3 Empreses Nom\u00e9s amb el comprom\u00eds de les empreses podrem transformar la realitat de milers&hellip;<\/p>\n","protected":false},"author":1,"featured_media":0,"parent":0,"menu_order":0,"comment_status":"closed","ping_status":"closed","template":"","meta":{"_acf_changed":false,"footnotes":""},"class_list":["post-11931","page","type-page","status-publish","hentry"],"acf":[],"yoast_head":"<!-- This site is optimized with the Yoast SEO plugin v27.3 - https:\/\/yoast.com\/product\/yoast-seo-wordpress\/ -->\n<title>Empreses, her\u00e8ncies, llegats i donaci\u00f3 de material - ABD<\/title>\n<meta name=\"description\" content=\"Empreses, her\u00e8ncies, llegats i donaci\u00f3 de material Empreses, her\u00e8ncies, llegats i donaci\u00f3 de material M\u00e9s informaci\u00f3 Empreses Nom\u00e9s amb el comprom\u00eds de\" \/>\n<meta name=\"robots\" content=\"index, follow, max-snippet:-1, max-image-preview:large, max-video-preview:-1\" \/>\n<link rel=\"canonical\" href=\"https:\/\/abd.ong\/ca\/empreses-herencies-llegats-i-donacio-de-material\/\" \/>\n<meta property=\"og:locale\" content=\"ca_ES\" \/>\n<meta property=\"og:type\" content=\"article\" \/>\n<meta property=\"og:title\" content=\"Empreses, her\u00e8ncies, llegats i donaci\u00f3 de material - ABD\" \/>\n<meta property=\"og:description\" content=\"Empreses, her\u00e8ncies, llegats i donaci\u00f3 de material Empreses, her\u00e8ncies, llegats i donaci\u00f3 de material M\u00e9s informaci\u00f3 Empreses Nom\u00e9s amb el comprom\u00eds de\" \/>\n<meta property=\"og:url\" content=\"https:\/\/abd.ong\/ca\/empreses-herencies-llegats-i-donacio-de-material\/\" \/>\n<meta property=\"og:site_name\" content=\"ABD\" \/>\n<meta property=\"article:publisher\" content=\"https:\/\/www.facebook.com\/abd.ong\" \/>\n<meta property=\"article:modified_time\" content=\"2022-04-14T11:26:39+00:00\" \/>\n<meta property=\"og:image\" content=\"https:\/\/abd.ong\/wp-content\/uploads\/2019\/09\/section_content_img_3618.png\" \/>\n<meta name=\"twitter:card\" content=\"summary_large_image\" \/>\n<meta name=\"twitter:site\" content=\"@abd_ong\" \/>\n<meta name=\"twitter:label1\" content=\"Temps estimat de lectura\" \/>\n\t<meta name=\"twitter:data1\" content=\"1 minut\" \/>\n<script type=\"application\/ld+json\" class=\"yoast-schema-graph\">{\"@context\":\"https:\\\/\\\/schema.org\",\"@graph\":[{\"@type\":\"WebPage\",\"@id\":\"https:\\\/\\\/abd.ong\\\/ca\\\/empreses-herencies-llegats-i-donacio-de-material\\\/\",\"url\":\"https:\\\/\\\/abd.ong\\\/ca\\\/empreses-herencies-llegats-i-donacio-de-material\\\/\",\"name\":\"Empreses, her\u00e8ncies, llegats i donaci\u00f3 de material - ABD\",\"isPartOf\":{\"@id\":\"https:\\\/\\\/abd.ong\\\/ca\\\/#website\"},\"primaryImageOfPage\":{\"@id\":\"https:\\\/\\\/abd.ong\\\/ca\\\/empreses-herencies-llegats-i-donacio-de-material\\\/#primaryimage\"},\"image\":{\"@id\":\"https:\\\/\\\/abd.ong\\\/ca\\\/empreses-herencies-llegats-i-donacio-de-material\\\/#primaryimage\"},\"thumbnailUrl\":\"https:\\\/\\\/abd.ong\\\/wp-content\\\/uploads\\\/2019\\\/09\\\/section_content_img_3618.png\",\"datePublished\":\"2019-12-18T18:25:40+00:00\",\"dateModified\":\"2022-04-14T11:26:39+00:00\",\"description\":\"Empreses, her\u00e8ncies, llegats i donaci\u00f3 de material Empreses, her\u00e8ncies, llegats i donaci\u00f3 de material M\u00e9s informaci\u00f3 Empreses Nom\u00e9s amb el comprom\u00eds de\",\"breadcrumb\":{\"@id\":\"https:\\\/\\\/abd.ong\\\/ca\\\/empreses-herencies-llegats-i-donacio-de-material\\\/#breadcrumb\"},\"inLanguage\":\"ca\",\"potentialAction\":[{\"@type\":\"ReadAction\",\"target\":[\"https:\\\/\\\/abd.ong\\\/ca\\\/empreses-herencies-llegats-i-donacio-de-material\\\/\"]}]},{\"@type\":\"ImageObject\",\"inLanguage\":\"ca\",\"@id\":\"https:\\\/\\\/abd.ong\\\/ca\\\/empreses-herencies-llegats-i-donacio-de-material\\\/#primaryimage\",\"url\":\"https:\\\/\\\/abd.ong\\\/wp-content\\\/uploads\\\/2019\\\/09\\\/section_content_img_3618.png\",\"contentUrl\":\"https:\\\/\\\/abd.ong\\\/wp-content\\\/uploads\\\/2019\\\/09\\\/section_content_img_3618.png\"},{\"@type\":\"BreadcrumbList\",\"@id\":\"https:\\\/\\\/abd.ong\\\/ca\\\/empreses-herencies-llegats-i-donacio-de-material\\\/#breadcrumb\",\"itemListElement\":[{\"@type\":\"ListItem\",\"position\":1,\"name\":\"Inici\",\"item\":\"https:\\\/\\\/abd.ong\\\/ca\\\/\"},{\"@type\":\"ListItem\",\"position\":2,\"name\":\"Empreses, her\u00e8ncies, llegats i donaci\u00f3 de material\"}]},{\"@type\":\"WebSite\",\"@id\":\"https:\\\/\\\/abd.ong\\\/ca\\\/#website\",\"url\":\"https:\\\/\\\/abd.ong\\\/ca\\\/\",\"name\":\"ABD\",\"description\":\"Asociaci\u00f3n Bienestar y Desarrollo\",\"publisher\":{\"@id\":\"https:\\\/\\\/abd.ong\\\/ca\\\/#organization\"},\"potentialAction\":[{\"@type\":\"SearchAction\",\"target\":{\"@type\":\"EntryPoint\",\"urlTemplate\":\"https:\\\/\\\/abd.ong\\\/ca\\\/?s={search_term_string}\"},\"query-input\":{\"@type\":\"PropertyValueSpecification\",\"valueRequired\":true,\"valueName\":\"search_term_string\"}}],\"inLanguage\":\"ca\"},{\"@type\":\"Organization\",\"@id\":\"https:\\\/\\\/abd.ong\\\/ca\\\/#organization\",\"name\":\"Associaci\u00f3 Benestar i Desenvolupament\",\"alternateName\":\"ABD\",\"url\":\"https:\\\/\\\/abd.ong\\\/ca\\\/\",\"logo\":{\"@type\":\"ImageObject\",\"inLanguage\":\"ca\",\"@id\":\"https:\\\/\\\/abd.ong\\\/ca\\\/#\\\/schema\\\/logo\\\/image\\\/\",\"url\":\"https:\\\/\\\/abd.ong\\\/wp-content\\\/uploads\\\/2023\\\/01\\\/Icona.png\",\"contentUrl\":\"https:\\\/\\\/abd.ong\\\/wp-content\\\/uploads\\\/2023\\\/01\\\/Icona.png\",\"width\":190,\"height\":187,\"caption\":\"Associaci\u00f3 Benestar i Desenvolupament\"},\"image\":{\"@id\":\"https:\\\/\\\/abd.ong\\\/ca\\\/#\\\/schema\\\/logo\\\/image\\\/\"},\"sameAs\":[\"https:\\\/\\\/www.facebook.com\\\/abd.ong\",\"https:\\\/\\\/x.com\\\/abd_ong\",\"https:\\\/\\\/www.instagram.com\\\/abd_ong\\\/\",\"https:\\\/\\\/www.linkedin.com\\\/company\\\/abdong\",\"https:\\\/\\\/www.youtube.com\\\/user\\\/CANALABD\"]}]}<\/script>\n<!-- \/ Yoast SEO plugin. -->","yoast_head_json":{"title":"Empreses, her\u00e8ncies, llegats i donaci\u00f3 de material - ABD","description":"Empreses, her\u00e8ncies, llegats i donaci\u00f3 de material Empreses, her\u00e8ncies, llegats i donaci\u00f3 de material M\u00e9s informaci\u00f3 Empreses Nom\u00e9s amb el comprom\u00eds de","robots":{"index":"index","follow":"follow","max-snippet":"max-snippet:-1","max-image-preview":"max-image-preview:large","max-video-preview":"max-video-preview:-1"},"canonical":"https:\/\/abd.ong\/ca\/empreses-herencies-llegats-i-donacio-de-material\/","og_locale":"ca_ES","og_type":"article","og_title":"Empreses, her\u00e8ncies, llegats i donaci\u00f3 de material - ABD","og_description":"Empreses, her\u00e8ncies, llegats i donaci\u00f3 de material Empreses, her\u00e8ncies, llegats i donaci\u00f3 de material M\u00e9s informaci\u00f3 Empreses Nom\u00e9s amb el comprom\u00eds de","og_url":"https:\/\/abd.ong\/ca\/empreses-herencies-llegats-i-donacio-de-material\/","og_site_name":"ABD","article_publisher":"https:\/\/www.facebook.com\/abd.ong","article_modified_time":"2022-04-14T11:26:39+00:00","og_image":[{"url":"https:\/\/abd.ong\/wp-content\/uploads\/2019\/09\/section_content_img_3618.png","type":"","width":"","height":""}],"twitter_card":"summary_large_image","twitter_site":"@abd_ong","twitter_misc":{"Temps estimat de lectura":"1 minut"},"schema":{"@context":"https:\/\/schema.org","@graph":[{"@type":"WebPage","@id":"https:\/\/abd.ong\/ca\/empreses-herencies-llegats-i-donacio-de-material\/","url":"https:\/\/abd.ong\/ca\/empreses-herencies-llegats-i-donacio-de-material\/","name":"Empreses, her\u00e8ncies, llegats i donaci\u00f3 de material - ABD","isPartOf":{"@id":"https:\/\/abd.ong\/ca\/#website"},"primaryImageOfPage":{"@id":"https:\/\/abd.ong\/ca\/empreses-herencies-llegats-i-donacio-de-material\/#primaryimage"},"image":{"@id":"https:\/\/abd.ong\/ca\/empreses-herencies-llegats-i-donacio-de-material\/#primaryimage"},"thumbnailUrl":"https:\/\/abd.ong\/wp-content\/uploads\/2019\/09\/section_content_img_3618.png","datePublished":"2019-12-18T18:25:40+00:00","dateModified":"2022-04-14T11:26:39+00:00","description":"Empreses, her\u00e8ncies, llegats i donaci\u00f3 de material Empreses, her\u00e8ncies, llegats i donaci\u00f3 de material M\u00e9s informaci\u00f3 Empreses Nom\u00e9s amb el comprom\u00eds de","breadcrumb":{"@id":"https:\/\/abd.ong\/ca\/empreses-herencies-llegats-i-donacio-de-material\/#breadcrumb"},"inLanguage":"ca","potentialAction":[{"@type":"ReadAction","target":["https:\/\/abd.ong\/ca\/empreses-herencies-llegats-i-donacio-de-material\/"]}]},{"@type":"ImageObject","inLanguage":"ca","@id":"https:\/\/abd.ong\/ca\/empreses-herencies-llegats-i-donacio-de-material\/#primaryimage","url":"https:\/\/abd.ong\/wp-content\/uploads\/2019\/09\/section_content_img_3618.png","contentUrl":"https:\/\/abd.ong\/wp-content\/uploads\/2019\/09\/section_content_img_3618.png"},{"@type":"BreadcrumbList","@id":"https:\/\/abd.ong\/ca\/empreses-herencies-llegats-i-donacio-de-material\/#breadcrumb","itemListElement":[{"@type":"ListItem","position":1,"name":"Inici","item":"https:\/\/abd.ong\/ca\/"},{"@type":"ListItem","position":2,"name":"Empreses, her\u00e8ncies, llegats i donaci\u00f3 de material"}]},{"@type":"WebSite","@id":"https:\/\/abd.ong\/ca\/#website","url":"https:\/\/abd.ong\/ca\/","name":"ABD","description":"Asociaci\u00f3n Bienestar y Desarrollo","publisher":{"@id":"https:\/\/abd.ong\/ca\/#organization"},"potentialAction":[{"@type":"SearchAction","target":{"@type":"EntryPoint","urlTemplate":"https:\/\/abd.ong\/ca\/?s={search_term_string}"},"query-input":{"@type":"PropertyValueSpecification","valueRequired":true,"valueName":"search_term_string"}}],"inLanguage":"ca"},{"@type":"Organization","@id":"https:\/\/abd.ong\/ca\/#organization","name":"Associaci\u00f3 Benestar i Desenvolupament","alternateName":"ABD","url":"https:\/\/abd.ong\/ca\/","logo":{"@type":"ImageObject","inLanguage":"ca","@id":"https:\/\/abd.ong\/ca\/#\/schema\/logo\/image\/","url":"https:\/\/abd.ong\/wp-content\/uploads\/2023\/01\/Icona.png","contentUrl":"https:\/\/abd.ong\/wp-content\/uploads\/2023\/01\/Icona.png","width":190,"height":187,"caption":"Associaci\u00f3 Benestar i Desenvolupament"},"image":{"@id":"https:\/\/abd.ong\/ca\/#\/schema\/logo\/image\/"},"sameAs":["https:\/\/www.facebook.com\/abd.ong","https:\/\/x.com\/abd_ong","https:\/\/www.instagram.com\/abd_ong\/","https:\/\/www.linkedin.com\/company\/abdong","https:\/\/www.youtube.com\/user\/CANALABD"]}]}},"_links":{"self":[{"href":"https:\/\/abd.ong\/ca\/wp-json\/wp\/v2\/pages\/11931","targetHints":{"allow":["GET"]}}],"collection":[{"href":"https:\/\/abd.ong\/ca\/wp-json\/wp\/v2\/pages"}],"about":[{"href":"https:\/\/abd.ong\/ca\/wp-json\/wp\/v2\/types\/page"}],"author":[{"embeddable":true,"href":"https:\/\/abd.ong\/ca\/wp-json\/wp\/v2\/users\/1"}],"replies":[{"embeddable":true,"href":"https:\/\/abd.ong\/ca\/wp-json\/wp\/v2\/comments?post=11931"}],"version-history":[{"count":2,"href":"https:\/\/abd.ong\/ca\/wp-json\/wp\/v2\/pages\/11931\/revisions"}],"predecessor-version":[{"id":32121,"href":"https:\/\/abd.ong\/ca\/wp-json\/wp\/v2\/pages\/11931\/revisions\/32121"}],"wp:attachment":[{"href":"https:\/\/abd.ong\/ca\/wp-json\/wp\/v2\/media?parent=11931"}],"curies":[{"name":"wp","href":"https:\/\/api.w.org\/{rel}","templated":true}]}}