{"id":11824,"date":"2019-09-01T11:52:54","date_gmt":"2019-09-01T09:52:54","guid":{"rendered":"https:\/\/abd.ong\/equip\/"},"modified":"2024-03-15T10:32:04","modified_gmt":"2024-03-15T09:32:04","slug":"equip","status":"publish","type":"page","link":"https:\/\/abd.ong\/ca\/equip\/","title":{"rendered":"L\u2019equip"},"content":{"rendered":"\t\t<div data-elementor-type=\"wp-page\" data-elementor-id=\"11824\" class=\"elementor elementor-11824 elementor-31\" data-elementor-post-type=\"page\">\n\t\t\t\t\t\t<section class=\"elementor-section elementor-top-section elementor-element elementor-element-84745fc elementor-section-content-middle elementor-section-boxed elementor-section-height-default elementor-section-height-default\" data-id=\"84745fc\" data-element_type=\"section\" data-e-type=\"section\" data-settings=\"{&quot;background_background&quot;:&quot;classic&quot;}\">\n\t\t\t\t\t\t\t<div class=\"elementor-background-overlay\"><\/div>\n\t\t\t\t\t\t\t<div class=\"elementor-container elementor-column-gap-default\">\n\t\t\t\t\t<div class=\"elementor-column elementor-col-50 elementor-top-column elementor-element elementor-element-a8cd532\" data-id=\"a8cd532\" data-element_type=\"column\" data-e-type=\"column\">\n\t\t\t<div class=\"elementor-widget-wrap\">\n\t\t\t\t\t\t\t<\/div>\n\t\t<\/div>\n\t\t\t\t<div class=\"elementor-column elementor-col-50 elementor-top-column elementor-element elementor-element-407cfd6\" data-id=\"407cfd6\" data-element_type=\"column\" data-e-type=\"column\">\n\t\t\t<div class=\"elementor-widget-wrap elementor-element-populated\">\n\t\t\t\t\t\t<div class=\"elementor-element elementor-element-1d5dbeee elementor-widget elementor-widget-heading\" data-id=\"1d5dbeee\" data-element_type=\"widget\" data-e-type=\"widget\" data-widget_type=\"heading.default\">\n\t\t\t\t<div class=\"elementor-widget-container\">\n\t\t\t\t\t<h1 class=\"elementor-heading-title elementor-size-default\">L\u2019equip<\/h1>\t\t\t\t<\/div>\n\t\t\t\t<\/div>\n\t\t\t\t<div class=\"elementor-element elementor-element-db51f2c elementor-widget elementor-widget-text-editor\" data-id=\"db51f2c\" data-element_type=\"widget\" data-e-type=\"widget\" data-widget_type=\"text-editor.default\">\n\t\t\t\t<div class=\"elementor-widget-container\">\n\t\t\t\t\t\t\t\t\t<p>Som un equip de m\u00e9s de 2.000 persones volunt\u00e0ries i professionals especialitzades en diferents \u00e0mbits d&#8217;intervenci\u00f3 i compromeses amb la transformaci\u00f3 social.<\/p>\t\t\t\t\t\t\t\t<\/div>\n\t\t\t\t<\/div>\n\t\t\t\t<div class=\"elementor-element elementor-element-ccaff71 elementor-button-info scroll elementor-widget elementor-widget-button\" data-id=\"ccaff71\" data-element_type=\"widget\" data-e-type=\"widget\" data-widget_type=\"button.default\">\n\t\t\t\t<div class=\"elementor-widget-container\">\n\t\t\t\t\t\t\t\t\t<div class=\"elementor-button-wrapper\">\n\t\t\t\t\t<a class=\"elementor-button elementor-button-link elementor-size-sm\" href=\"#equipo\">\n\t\t\t\t\t\t<span class=\"elementor-button-content-wrapper\">\n\t\t\t\t\t\t\t\t\t<span class=\"elementor-button-text\">Coneix-nos!<\/span>\n\t\t\t\t\t<\/span>\n\t\t\t\t\t<\/a>\n\t\t\t\t<\/div>\n\t\t\t\t\t\t\t\t<\/div>\n\t\t\t\t<\/div>\n\t\t\t\t\t<\/div>\n\t\t<\/div>\n\t\t\t\t\t<\/div>\n\t\t<\/section>\n\t\t\t\t<section class=\"elementor-section elementor-top-section elementor-element elementor-element-54b5d97 elementor-section-content-top elementor-section-boxed elementor-section-height-default elementor-section-height-default\" data-id=\"54b5d97\" data-element_type=\"section\" data-e-type=\"section\" id=\"equipo\">\n\t\t\t\t\t\t<div class=\"elementor-container elementor-column-gap-default\">\n\t\t\t\t\t<div class=\"elementor-column elementor-col-50 elementor-top-column elementor-element elementor-element-11d0967\" data-id=\"11d0967\" data-element_type=\"column\" data-e-type=\"column\">\n\t\t\t<div class=\"elementor-widget-wrap elementor-element-populated\">\n\t\t\t\t\t\t<div class=\"elementor-element elementor-element-5c812a5 elementor-widget elementor-widget-image\" data-id=\"5c812a5\" data-element_type=\"widget\" data-e-type=\"widget\" data-widget_type=\"image.default\">\n\t\t\t\t<div class=\"elementor-widget-container\">\n\t\t\t\t\t\t\t\t\t\t\t\t<figure class=\"wp-caption\">\n\t\t\t\t\t\t\t\t\t\t<img fetchpriority=\"high\" decoding=\"async\" width=\"1024\" height=\"576\" src=\"https:\/\/abd.ong\/wp-content\/uploads\/2023\/03\/ABD_FRAME_06-1024x576.png\" class=\"attachment-large size-large wp-image-44760\" alt=\"\" srcset=\"https:\/\/abd.ong\/wp-content\/uploads\/2023\/03\/ABD_FRAME_06-1024x576.png.webp 1024w, https:\/\/abd.ong\/wp-content\/uploads\/2023\/03\/ABD_FRAME_06-300x169.png.webp 300w, https:\/\/abd.ong\/wp-content\/uploads\/2023\/03\/ABD_FRAME_06-768x432.png.webp 768w, https:\/\/abd.ong\/wp-content\/uploads\/2023\/03\/ABD_FRAME_06-1536x864.png.webp 1536w, https:\/\/abd.ong\/wp-content\/uploads\/2023\/03\/ABD_FRAME_06.png.webp 1920w\" sizes=\"(max-width: 1024px) 100vw, 1024px\" \/>\t\t\t\t\t\t\t\t\t\t\t<figcaption class=\"widget-image-caption wp-caption-text\">Professionals i voluntariat de diversos serveis i projectes<\/figcaption>\n\t\t\t\t\t\t\t\t\t\t<\/figure>\n\t\t\t\t\t\t\t\t\t<\/div>\n\t\t\t\t<\/div>\n\t\t\t\t\t<\/div>\n\t\t<\/div>\n\t\t\t\t<div class=\"elementor-column elementor-col-50 elementor-top-column elementor-element elementor-element-17c9a70\" data-id=\"17c9a70\" data-element_type=\"column\" data-e-type=\"column\">\n\t\t\t<div class=\"elementor-widget-wrap elementor-element-populated\">\n\t\t\t\t\t\t<div class=\"elementor-element elementor-element-0dcda89 elementor-widget elementor-widget-text-editor\" data-id=\"0dcda89\" data-element_type=\"widget\" data-e-type=\"widget\" data-widget_type=\"text-editor.default\">\n\t\t\t\t<div class=\"elementor-widget-container\">\n\t\t\t\t\t\t\t\t\t<p>La gran majoria som <strong>dones<\/strong> i procedim de <strong>36 or\u00edgens culturals diferents<\/strong>, pel que la conciliaci\u00f3 i el respecte per la diversitat estan en el nostre ADN. Ens movem per la vocaci\u00f3 de canviar la realitat de la societat en qu\u00e8 vivim i d\u2019estendre un model d\u2019intervenci\u00f3 social que se centra en les persones per sobre d\u2019altres objectius.<\/p>\n\t\t\t\t\t\t\t\t<\/div>\n\t\t\t\t<\/div>\n\t\t\t\t<div class=\"elementor-element elementor-element-a282444 elementor-widget elementor-widget-button\" data-id=\"a282444\" data-element_type=\"widget\" data-e-type=\"widget\" data-widget_type=\"button.default\">\n\t\t\t\t<div class=\"elementor-widget-container\">\n\t\t\t\t\t\t\t\t\t<div class=\"elementor-button-wrapper\">\n\t\t\t\t\t<a class=\"elementor-button elementor-button-link elementor-size-sm\" href=\"https:\/\/abd.ong\/wp-content\/uploads\/2022\/01\/Organigrama_cat-24-gen-2022-ok.pdf\" target=\"_blank\">\n\t\t\t\t\t\t<span class=\"elementor-button-content-wrapper\">\n\t\t\t\t\t\t\t\t\t<span class=\"elementor-button-text\">Organitzaci\u00f3 interna<\/span>\n\t\t\t\t\t<\/span>\n\t\t\t\t\t<\/a>\n\t\t\t\t<\/div>\n\t\t\t\t\t\t\t\t<\/div>\n\t\t\t\t<\/div>\n\t\t\t\t\t<\/div>\n\t\t<\/div>\n\t\t\t\t\t<\/div>\n\t\t<\/section>\n\t\t\t\t<section class=\"elementor-section elementor-top-section elementor-element elementor-element-f1446d2 elementor-section-boxed elementor-section-height-default elementor-section-height-default\" data-id=\"f1446d2\" data-element_type=\"section\" data-e-type=\"section\">\n\t\t\t\t\t\t<div class=\"elementor-container elementor-column-gap-default\">\n\t\t\t\t\t<div class=\"elementor-column elementor-col-20 elementor-top-column elementor-element elementor-element-5f59c83\" data-id=\"5f59c83\" data-element_type=\"column\" data-e-type=\"column\">\n\t\t\t<div class=\"elementor-widget-wrap elementor-element-populated\">\n\t\t\t\t\t\t<div class=\"elementor-element elementor-element-11244ff elementor-widget elementor-widget-image\" data-id=\"11244ff\" data-element_type=\"widget\" data-e-type=\"widget\" data-widget_type=\"image.default\">\n\t\t\t\t<div class=\"elementor-widget-container\">\n\t\t\t\t\t\t\t\t\t\t\t\t<figure class=\"wp-caption\">\n\t\t\t\t\t\t\t\t\t\t<img decoding=\"async\" width=\"600\" height=\"400\" src=\"https:\/\/abd.ong\/wp-content\/uploads\/2019\/09\/carousel_slide_7844-600x400.jpg\" class=\"attachment-llistat size-llistat wp-image-3058\" alt=\"Aingeru\" srcset=\"https:\/\/abd.ong\/wp-content\/uploads\/2019\/09\/carousel_slide_7844-600x400.jpg.webp 600w, https:\/\/abd.ong\/wp-content\/uploads\/2019\/09\/carousel_slide_7844-300x200.jpg.webp 300w, https:\/\/abd.ong\/wp-content\/uploads\/2019\/09\/carousel_slide_7844-768x512.jpg.webp 768w, https:\/\/abd.ong\/wp-content\/uploads\/2019\/09\/carousel_slide_7844-1024x682.jpg.webp 1024w, https:\/\/abd.ong\/wp-content\/uploads\/2019\/09\/carousel_slide_7844-1920x1280.jpg.webp 1920w, https:\/\/abd.ong\/wp-content\/uploads\/2019\/09\/carousel_slide_7844.jpg.webp 2000w\" sizes=\"(max-width: 600px) 100vw, 600px\" \/>\t\t\t\t\t\t\t\t\t\t\t<figcaption class=\"widget-image-caption wp-caption-text\">Aingeru<\/figcaption>\n\t\t\t\t\t\t\t\t\t\t<\/figure>\n\t\t\t\t\t\t\t\t\t<\/div>\n\t\t\t\t<\/div>\n\t\t\t\t\t<\/div>\n\t\t<\/div>\n\t\t\t\t<div class=\"elementor-column elementor-col-20 elementor-top-column elementor-element elementor-element-9b73455\" data-id=\"9b73455\" data-element_type=\"column\" data-e-type=\"column\">\n\t\t\t<div class=\"elementor-widget-wrap elementor-element-populated\">\n\t\t\t\t\t\t<div class=\"elementor-element elementor-element-4d3ebc3 elementor-widget elementor-widget-image\" data-id=\"4d3ebc3\" data-element_type=\"widget\" data-e-type=\"widget\" data-widget_type=\"image.default\">\n\t\t\t\t<div class=\"elementor-widget-container\">\n\t\t\t\t\t\t\t\t\t\t\t\t<figure class=\"wp-caption\">\n\t\t\t\t\t\t\t\t\t\t<img decoding=\"async\" width=\"600\" height=\"400\" src=\"https:\/\/abd.ong\/wp-content\/uploads\/2020\/05\/Captura-de-Pantalla-2020-05-05-a-les-11.24.07-600x400.png\" class=\"attachment-llistat size-llistat wp-image-14768\" alt=\"\" \/>\t\t\t\t\t\t\t\t\t\t\t<figcaption class=\"widget-image-caption wp-caption-text\">Vict\u00f2ria (volunt\u00e0ria)<\/figcaption>\n\t\t\t\t\t\t\t\t\t\t<\/figure>\n\t\t\t\t\t\t\t\t\t<\/div>\n\t\t\t\t<\/div>\n\t\t\t\t\t<\/div>\n\t\t<\/div>\n\t\t\t\t<div class=\"elementor-column elementor-col-20 elementor-top-column elementor-element elementor-element-1dae0e1\" data-id=\"1dae0e1\" data-element_type=\"column\" data-e-type=\"column\">\n\t\t\t<div class=\"elementor-widget-wrap elementor-element-populated\">\n\t\t\t\t\t\t<div class=\"elementor-element elementor-element-c285c4a elementor-widget elementor-widget-image\" data-id=\"c285c4a\" data-element_type=\"widget\" data-e-type=\"widget\" data-widget_type=\"image.default\">\n\t\t\t\t<div class=\"elementor-widget-container\">\n\t\t\t\t\t\t\t\t\t\t\t\t<figure class=\"wp-caption\">\n\t\t\t\t\t\t\t\t\t\t<img loading=\"lazy\" decoding=\"async\" width=\"600\" height=\"400\" src=\"https:\/\/abd.ong\/wp-content\/uploads\/2020\/05\/Captura-de-Pantalla-2020-05-05-a-les-11.59.41-1-600x400.png\" class=\"attachment-llistat size-llistat wp-image-14783\" alt=\"\" \/>\t\t\t\t\t\t\t\t\t\t\t<figcaption class=\"widget-image-caption wp-caption-text\">Imma<\/figcaption>\n\t\t\t\t\t\t\t\t\t\t<\/figure>\n\t\t\t\t\t\t\t\t\t<\/div>\n\t\t\t\t<\/div>\n\t\t\t\t\t<\/div>\n\t\t<\/div>\n\t\t\t\t<div class=\"elementor-column elementor-col-20 elementor-top-column elementor-element elementor-element-f47a2be\" data-id=\"f47a2be\" data-element_type=\"column\" data-e-type=\"column\">\n\t\t\t<div class=\"elementor-widget-wrap elementor-element-populated\">\n\t\t\t\t\t\t<div class=\"elementor-element elementor-element-639153b elementor-widget elementor-widget-image\" data-id=\"639153b\" data-element_type=\"widget\" data-e-type=\"widget\" data-widget_type=\"image.default\">\n\t\t\t\t<div class=\"elementor-widget-container\">\n\t\t\t\t\t\t\t\t\t\t\t\t<figure class=\"wp-caption\">\n\t\t\t\t\t\t\t\t\t\t<img loading=\"lazy\" decoding=\"async\" width=\"600\" height=\"400\" src=\"https:\/\/abd.ong\/wp-content\/uploads\/2020\/05\/WhatsApp-Image-2020-05-05-at-13.02.12-2.jpeg\" class=\"attachment-llistat size-llistat wp-image-14873\" alt=\"\" srcset=\"https:\/\/abd.ong\/wp-content\/uploads\/2020\/05\/WhatsApp-Image-2020-05-05-at-13.02.12-2.jpeg.webp 600w, https:\/\/abd.ong\/wp-content\/uploads\/2020\/05\/WhatsApp-Image-2020-05-05-at-13.02.12-2-300x200.jpeg.webp 300w\" sizes=\"(max-width: 600px) 100vw, 600px\" \/>\t\t\t\t\t\t\t\t\t\t\t<figcaption class=\"widget-image-caption wp-caption-text\">Luc\u00eda (volunt\u00e0ria)<\/figcaption>\n\t\t\t\t\t\t\t\t\t\t<\/figure>\n\t\t\t\t\t\t\t\t\t<\/div>\n\t\t\t\t<\/div>\n\t\t\t\t\t<\/div>\n\t\t<\/div>\n\t\t\t\t<div class=\"elementor-column elementor-col-20 elementor-top-column elementor-element elementor-element-f364a0c\" data-id=\"f364a0c\" data-element_type=\"column\" data-e-type=\"column\">\n\t\t\t<div class=\"elementor-widget-wrap\">\n\t\t\t\t\t\t\t<\/div>\n\t\t<\/div>\n\t\t\t\t\t<\/div>\n\t\t<\/section>\n\t\t\t\t<\/div>\n\t\t","protected":false},"excerpt":{"rendered":"<p>L\u2019equip Som un equip de m\u00e9s de 2.000 persones volunt\u00e0ries i professionals especialitzades en diferents \u00e0mbits d&#8217;intervenci\u00f3 i compromeses amb la transformaci\u00f3 social. Coneix-nos! Professionals i voluntariat de diversos serveis&hellip;<\/p>\n","protected":false},"author":1,"featured_media":0,"parent":0,"menu_order":0,"comment_status":"closed","ping_status":"closed","template":"","meta":{"_acf_changed":false,"footnotes":""},"class_list":["post-11824","page","type-page","status-publish","hentry"],"acf":[],"yoast_head":"<!-- This site is optimized with the Yoast SEO plugin v27.1.1 - https:\/\/yoast.com\/product\/yoast-seo-wordpress\/ -->\n<title>L\u2019equip - ABD<\/title>\n<meta name=\"description\" content=\"L\u2019equip Som un equip de m\u00e9s de 2.000 persones volunt\u00e0ries i professionals especialitzades en diferents \u00e0mbits d&#039;intervenci\u00f3 i compromeses amb la\" \/>\n<meta name=\"robots\" content=\"index, follow, max-snippet:-1, max-image-preview:large, max-video-preview:-1\" \/>\n<link rel=\"canonical\" href=\"https:\/\/abd.ong\/ca\/equip\/\" \/>\n<meta property=\"og:locale\" content=\"ca_ES\" \/>\n<meta property=\"og:type\" content=\"article\" \/>\n<meta property=\"og:title\" content=\"L\u2019equip - ABD\" \/>\n<meta property=\"og:description\" content=\"L\u2019equip Som un equip de m\u00e9s de 2.000 persones volunt\u00e0ries i professionals especialitzades en diferents \u00e0mbits d&#039;intervenci\u00f3 i compromeses amb la\" \/>\n<meta property=\"og:url\" content=\"https:\/\/abd.ong\/ca\/equip\/\" \/>\n<meta property=\"og:site_name\" content=\"ABD\" \/>\n<meta property=\"article:publisher\" content=\"https:\/\/www.facebook.com\/abd.ong\" \/>\n<meta property=\"article:modified_time\" content=\"2024-03-15T09:32:04+00:00\" \/>\n<meta property=\"og:image\" content=\"https:\/\/abd.ong\/wp-content\/uploads\/2023\/03\/ABD_FRAME_06-1024x576.png\" \/>\n<meta name=\"twitter:card\" content=\"summary_large_image\" \/>\n<meta name=\"twitter:site\" content=\"@abd_ong\" \/>\n<meta name=\"twitter:label1\" content=\"Temps estimat de lectura\" \/>\n\t<meta name=\"twitter:data1\" content=\"2 minuts\" \/>\n<script type=\"application\/ld+json\" class=\"yoast-schema-graph\">{\"@context\":\"https:\/\/schema.org\",\"@graph\":[{\"@type\":\"WebPage\",\"@id\":\"https:\/\/abd.ong\/ca\/equip\/\",\"url\":\"https:\/\/abd.ong\/ca\/equip\/\",\"name\":\"L\u2019equip - ABD\",\"isPartOf\":{\"@id\":\"https:\/\/abd.ong\/ca\/#website\"},\"primaryImageOfPage\":{\"@id\":\"https:\/\/abd.ong\/ca\/equip\/#primaryimage\"},\"image\":{\"@id\":\"https:\/\/abd.ong\/ca\/equip\/#primaryimage\"},\"thumbnailUrl\":\"https:\/\/abd.ong\/wp-content\/uploads\/2023\/03\/ABD_FRAME_06-1024x576.png\",\"datePublished\":\"2019-09-01T09:52:54+00:00\",\"dateModified\":\"2024-03-15T09:32:04+00:00\",\"description\":\"L\u2019equip Som un equip de m\u00e9s de 2.000 persones volunt\u00e0ries i professionals especialitzades en diferents \u00e0mbits d'intervenci\u00f3 i compromeses amb la\",\"breadcrumb\":{\"@id\":\"https:\/\/abd.ong\/ca\/equip\/#breadcrumb\"},\"inLanguage\":\"ca\",\"potentialAction\":[{\"@type\":\"ReadAction\",\"target\":[\"https:\/\/abd.ong\/ca\/equip\/\"]}]},{\"@type\":\"ImageObject\",\"inLanguage\":\"ca\",\"@id\":\"https:\/\/abd.ong\/ca\/equip\/#primaryimage\",\"url\":\"https:\/\/abd.ong\/wp-content\/uploads\/2023\/03\/ABD_FRAME_06-1024x576.png\",\"contentUrl\":\"https:\/\/abd.ong\/wp-content\/uploads\/2023\/03\/ABD_FRAME_06-1024x576.png\"},{\"@type\":\"BreadcrumbList\",\"@id\":\"https:\/\/abd.ong\/ca\/equip\/#breadcrumb\",\"itemListElement\":[{\"@type\":\"ListItem\",\"position\":1,\"name\":\"Inici\",\"item\":\"https:\/\/abd.ong\/ca\/\"},{\"@type\":\"ListItem\",\"position\":2,\"name\":\"L\u2019equip\"}]},{\"@type\":\"WebSite\",\"@id\":\"https:\/\/abd.ong\/ca\/#website\",\"url\":\"https:\/\/abd.ong\/ca\/\",\"name\":\"ABD\",\"description\":\"Asociaci\u00f3n Bienestar y Desarrollo\",\"publisher\":{\"@id\":\"https:\/\/abd.ong\/ca\/#organization\"},\"potentialAction\":[{\"@type\":\"SearchAction\",\"target\":{\"@type\":\"EntryPoint\",\"urlTemplate\":\"https:\/\/abd.ong\/ca\/?s={search_term_string}\"},\"query-input\":{\"@type\":\"PropertyValueSpecification\",\"valueRequired\":true,\"valueName\":\"search_term_string\"}}],\"inLanguage\":\"ca\"},{\"@type\":\"Organization\",\"@id\":\"https:\/\/abd.ong\/ca\/#organization\",\"name\":\"Associaci\u00f3 Benestar i Desenvolupament\",\"alternateName\":\"ABD\",\"url\":\"https:\/\/abd.ong\/ca\/\",\"logo\":{\"@type\":\"ImageObject\",\"inLanguage\":\"ca\",\"@id\":\"https:\/\/abd.ong\/ca\/#\/schema\/logo\/image\/\",\"url\":\"https:\/\/abd.ong\/wp-content\/uploads\/2023\/01\/Icona.png\",\"contentUrl\":\"https:\/\/abd.ong\/wp-content\/uploads\/2023\/01\/Icona.png\",\"width\":190,\"height\":187,\"caption\":\"Associaci\u00f3 Benestar i Desenvolupament\"},\"image\":{\"@id\":\"https:\/\/abd.ong\/ca\/#\/schema\/logo\/image\/\"},\"sameAs\":[\"https:\/\/www.facebook.com\/abd.ong\",\"https:\/\/x.com\/abd_ong\",\"https:\/\/www.instagram.com\/abd_ong\/\",\"https:\/\/www.linkedin.com\/company\/abdong\",\"https:\/\/www.youtube.com\/user\/CANALABD\"]}]}<\/script>\n<!-- \/ Yoast SEO plugin. -->","yoast_head_json":{"title":"L\u2019equip - ABD","description":"L\u2019equip Som un equip de m\u00e9s de 2.000 persones volunt\u00e0ries i professionals especialitzades en diferents \u00e0mbits d'intervenci\u00f3 i compromeses amb la","robots":{"index":"index","follow":"follow","max-snippet":"max-snippet:-1","max-image-preview":"max-image-preview:large","max-video-preview":"max-video-preview:-1"},"canonical":"https:\/\/abd.ong\/ca\/equip\/","og_locale":"ca_ES","og_type":"article","og_title":"L\u2019equip - ABD","og_description":"L\u2019equip Som un equip de m\u00e9s de 2.000 persones volunt\u00e0ries i professionals especialitzades en diferents \u00e0mbits d'intervenci\u00f3 i compromeses amb la","og_url":"https:\/\/abd.ong\/ca\/equip\/","og_site_name":"ABD","article_publisher":"https:\/\/www.facebook.com\/abd.ong","article_modified_time":"2024-03-15T09:32:04+00:00","og_image":[{"url":"https:\/\/abd.ong\/wp-content\/uploads\/2023\/03\/ABD_FRAME_06-1024x576.png","type":"","width":"","height":""}],"twitter_card":"summary_large_image","twitter_site":"@abd_ong","twitter_misc":{"Temps estimat de lectura":"2 minuts"},"schema":{"@context":"https:\/\/schema.org","@graph":[{"@type":"WebPage","@id":"https:\/\/abd.ong\/ca\/equip\/","url":"https:\/\/abd.ong\/ca\/equip\/","name":"L\u2019equip - ABD","isPartOf":{"@id":"https:\/\/abd.ong\/ca\/#website"},"primaryImageOfPage":{"@id":"https:\/\/abd.ong\/ca\/equip\/#primaryimage"},"image":{"@id":"https:\/\/abd.ong\/ca\/equip\/#primaryimage"},"thumbnailUrl":"https:\/\/abd.ong\/wp-content\/uploads\/2023\/03\/ABD_FRAME_06-1024x576.png","datePublished":"2019-09-01T09:52:54+00:00","dateModified":"2024-03-15T09:32:04+00:00","description":"L\u2019equip Som un equip de m\u00e9s de 2.000 persones volunt\u00e0ries i professionals especialitzades en diferents \u00e0mbits d'intervenci\u00f3 i compromeses amb la","breadcrumb":{"@id":"https:\/\/abd.ong\/ca\/equip\/#breadcrumb"},"inLanguage":"ca","potentialAction":[{"@type":"ReadAction","target":["https:\/\/abd.ong\/ca\/equip\/"]}]},{"@type":"ImageObject","inLanguage":"ca","@id":"https:\/\/abd.ong\/ca\/equip\/#primaryimage","url":"https:\/\/abd.ong\/wp-content\/uploads\/2023\/03\/ABD_FRAME_06-1024x576.png","contentUrl":"https:\/\/abd.ong\/wp-content\/uploads\/2023\/03\/ABD_FRAME_06-1024x576.png"},{"@type":"BreadcrumbList","@id":"https:\/\/abd.ong\/ca\/equip\/#breadcrumb","itemListElement":[{"@type":"ListItem","position":1,"name":"Inici","item":"https:\/\/abd.ong\/ca\/"},{"@type":"ListItem","position":2,"name":"L\u2019equip"}]},{"@type":"WebSite","@id":"https:\/\/abd.ong\/ca\/#website","url":"https:\/\/abd.ong\/ca\/","name":"ABD","description":"Asociaci\u00f3n Bienestar y Desarrollo","publisher":{"@id":"https:\/\/abd.ong\/ca\/#organization"},"potentialAction":[{"@type":"SearchAction","target":{"@type":"EntryPoint","urlTemplate":"https:\/\/abd.ong\/ca\/?s={search_term_string}"},"query-input":{"@type":"PropertyValueSpecification","valueRequired":true,"valueName":"search_term_string"}}],"inLanguage":"ca"},{"@type":"Organization","@id":"https:\/\/abd.ong\/ca\/#organization","name":"Associaci\u00f3 Benestar i Desenvolupament","alternateName":"ABD","url":"https:\/\/abd.ong\/ca\/","logo":{"@type":"ImageObject","inLanguage":"ca","@id":"https:\/\/abd.ong\/ca\/#\/schema\/logo\/image\/","url":"https:\/\/abd.ong\/wp-content\/uploads\/2023\/01\/Icona.png","contentUrl":"https:\/\/abd.ong\/wp-content\/uploads\/2023\/01\/Icona.png","width":190,"height":187,"caption":"Associaci\u00f3 Benestar i Desenvolupament"},"image":{"@id":"https:\/\/abd.ong\/ca\/#\/schema\/logo\/image\/"},"sameAs":["https:\/\/www.facebook.com\/abd.ong","https:\/\/x.com\/abd_ong","https:\/\/www.instagram.com\/abd_ong\/","https:\/\/www.linkedin.com\/company\/abdong","https:\/\/www.youtube.com\/user\/CANALABD"]}]}},"_links":{"self":[{"href":"https:\/\/abd.ong\/ca\/wp-json\/wp\/v2\/pages\/11824","targetHints":{"allow":["GET"]}}],"collection":[{"href":"https:\/\/abd.ong\/ca\/wp-json\/wp\/v2\/pages"}],"about":[{"href":"https:\/\/abd.ong\/ca\/wp-json\/wp\/v2\/types\/page"}],"author":[{"embeddable":true,"href":"https:\/\/abd.ong\/ca\/wp-json\/wp\/v2\/users\/1"}],"replies":[{"embeddable":true,"href":"https:\/\/abd.ong\/ca\/wp-json\/wp\/v2\/comments?post=11824"}],"version-history":[{"count":3,"href":"https:\/\/abd.ong\/ca\/wp-json\/wp\/v2\/pages\/11824\/revisions"}],"predecessor-version":[{"id":158801,"href":"https:\/\/abd.ong\/ca\/wp-json\/wp\/v2\/pages\/11824\/revisions\/158801"}],"wp:attachment":[{"href":"https:\/\/abd.ong\/ca\/wp-json\/wp\/v2\/media?parent=11824"}],"curies":[{"name":"wp","href":"https:\/\/api.w.org\/{rel}","templated":true}]}}